{"id":953,"date":"2012-02-10T18:44:01","date_gmt":"2012-02-10T18:44:01","guid":{"rendered":"http:\/\/historypressfaroeislands.com\/dansk\/"},"modified":"2012-02-10T18:44:01","modified_gmt":"2012-02-10T18:44:01","slug":"a-scalped-peatscape-on-nolsoy-faroe-islands","status":"publish","type":"page","link":"https:\/\/historypressfaroeislands.com\/dansk\/downloads\/faeroerne\/a-scalped-peatscape-on-nolsoy-faroe-islands\/","title":{"rendered":"A scalped peatscape on N\u00f3lsoy, Faroe Islands"},"content":{"rendered":"<p><span style=\"color: #ffffff;\">\u2022 <\/span><br \/>\n<a href=\"http:\/\/historypressfaroeislands.com\/images\/1\/Kevin_J._Edwards.pdf\" target=\"_blank\"><img loading=\"lazy\" decoding=\"async\" class=\"alignleft\" src=\"http:\/\/historypressfaroeislands.com\/images\/1\/Kevin_J._Edwards.jpg\" alt=\"\" width=\"230\" height=\"270\" \/><\/a><em> <\/em><em>Kevin J. Edwards, Steffen Stummann Hansen &amp; Gunnar Bjarnason:<\/em><br \/>\nA scalped peatscape on N\u00f3lsoy, Faroe Islands.<br \/>\n<em>Fr\u00f3\u00f0skaparrit<\/em> 59 (2011), 122-132.<\/p>\n<p>\u2022 <a href=\"http:\/\/historypressfaroeislands.com\/images\/1\/Kevin_J._Edwards.pdf\" target=\"_blank\">Download publikationen gratis i pdf-format her<\/a><br \/>\n<span style=\"color: #ffffff;\">\u2022 <\/span><br \/>\n<span style=\"color: #ffffff;\">\u2022 <\/span><br \/>\n<span style=\"color: #ffffff;\">\u2022 <\/span><br \/>\n<span style=\"color: #ffffff;\">\u2022 <\/span><br \/>\n<span style=\"color: #ffffff;\">\u2022 <\/span><br \/>\n<span style=\"color: #ffffff;\">\u2022 <\/span><br \/>\n<span style=\"color: #ffffff;\">\u2022 <\/span><\/p>\n<p>An area of land south of the village of N\u00f3lsoy, Faroe Islands, has been  stripped of its peat and turf capping. Such \u2018scalping\u2019 of the land  surface is a recognised feature of peatland landscapes in the Northern  Isles of Scotland and reflects the need for past human populations to  obtain peat, even if population pressures result in the total loss of  such a valuable resource. Aspects are discussed together with a  consideration of the archaeological features which have been revealed  from beneath the peat by scalping on N\u00f3lsoy.<\/p>\n","protected":false},"excerpt":{"rendered":"<p>\u2022 Kevin J. Edwards, Steffen Stummann Hansen &amp; Gunnar Bjarnason: A scalped peatscape on N\u00f3lsoy, Faroe Islands. Fr\u00f3\u00f0skaparrit 59 (2011), 122-132. \u2022 Download publikationen gratis i pdf-format her \u2022 \u2022 \u2022 \u2022 \u2022 \u2022 \u2022 An area of land south &hellip; <a href=\"https:\/\/historypressfaroeislands.com\/dansk\/downloads\/faeroerne\/a-scalped-peatscape-on-nolsoy-faroe-islands\/\">Continue reading <span class=\"meta-nav\">&rarr;<\/span><\/a><\/p>\n","protected":false},"author":4,"featured_media":0,"parent":327,"menu_order":0,"comment_status":"closed","ping_status":"closed","template":"","meta":{"footnotes":""},"class_list":["post-953","page","type-page","status-publish","hentry"],"_links":{"self":[{"href":"https:\/\/historypressfaroeislands.com\/dansk\/wp-json\/wp\/v2\/pages\/953","targetHints":{"allow":["GET"]}}],"collection":[{"href":"https:\/\/historypressfaroeislands.com\/dansk\/wp-json\/wp\/v2\/pages"}],"about":[{"href":"https:\/\/historypressfaroeislands.com\/dansk\/wp-json\/wp\/v2\/types\/page"}],"author":[{"embeddable":true,"href":"https:\/\/historypressfaroeislands.com\/dansk\/wp-json\/wp\/v2\/users\/4"}],"replies":[{"embeddable":true,"href":"https:\/\/historypressfaroeislands.com\/dansk\/wp-json\/wp\/v2\/comments?post=953"}],"version-history":[{"count":0,"href":"https:\/\/historypressfaroeislands.com\/dansk\/wp-json\/wp\/v2\/pages\/953\/revisions"}],"up":[{"embeddable":true,"href":"https:\/\/historypressfaroeislands.com\/dansk\/wp-json\/wp\/v2\/pages\/327"}],"wp:attachment":[{"href":"https:\/\/historypressfaroeislands.com\/dansk\/wp-json\/wp\/v2\/media?parent=953"}],"curies":[{"name":"wp","href":"https:\/\/api.w.org\/{rel}","templated":true}]}}