{"id":946,"date":"2012-02-04T15:05:00","date_gmt":"2012-02-04T15:05:00","guid":{"rendered":"http:\/\/historypressfaroeislands.com\/dansk\/"},"modified":"2012-02-04T15:05:00","modified_gmt":"2012-02-04T15:05:00","slug":"in-the-footsteps-of-governor-ploeyen","status":"publish","type":"page","link":"https:\/\/historypressfaroeislands.com\/dansk\/downloads\/shetland\/in-the-footsteps-of-governor-ploeyen\/","title":{"rendered":"In the footsteps of Governor Pl\u00f8yen"},"content":{"rendered":"<p><span style=\"color: #ffffff;\">\u2022 <\/span><br \/>\n<a href=\"http:\/\/historypressfaroeislands.com\/images\/1\/In_the_footsteps.pdf\" target=\"_blank\"><img decoding=\"async\" class=\"alignleft\" src=\"http:\/\/historypressfaroeislands.com\/images\/1\/New_Shetlander_259.jpg\" alt=\"\" \/><\/a><em>Steffen Stummann Hansen:<\/em><br \/>\nIn the footsteps of Governor Pl\u00f8yen. A Danish-Faroese visit to Shetland in 1899.<em><br \/>\n<\/em><em>New Shetlander<\/em>, No. 259, 2012, 25-28.<\/p>\n<p>\u2022 <a href=\"http:\/\/historypressfaroeislands.com\/images\/1\/In_the_footsteps.pdf\" target=\"_blank\">Download artiklen gratis i pdf-format<\/a><\/p>\n<p><span style=\"color: #ffffff;\">\u2022 <\/span><\/p>\n<p><span style=\"color: #ffffff;\">\u2022 <\/span><\/p>\n<p><span style=\"color: #ffffff;\">\u2022 <\/span><\/p>\n<p>I 1899 fik Shetland bes\u00f8g af en \u201cDansk Landbrugskommission\u201d, der  bestod af henholdsvis den danske agronom Peter Berend Feilberg  (1835-1925) og den f\u00e6r\u00f8ske landsbrugsr\u00e5dgiver Rasmus Christoffer  Effers\u00f8e (1857-1916). Kommissionens opgave var at unders\u00f8ge hvilke  fremskridt, der var sket i det shetlandske samfund siden amtmand Pl\u00f8yens  bes\u00f8g i 1839, samt f\u00e5 inspiration til tiltag, der kunne v\u00e6re nyttige p\u00e5  F\u00e6r\u00f8erne. Artiklen er baseret p\u00e5 Feilbergs bog <em>Fra Lier og Fjelde. Breve til Hjemmet 1899<\/em> (Kj\u00f8benhavn 1900).<\/p>\n<p>Anmeldelse af Norbert B. Vogt:<br \/>\n\u201cIn zwei Aufs\u00e4tzen befasst sich Stummann Hansen mit den Kontakten zwischen den F\u00e4r\u00f6ern und den Shetland-Inseln. In <strong>Governor Pl\u00f8yen and Captain Cameron Mouat<\/strong> (in: The New Shetlander. Lerwick, No. 257, 2011, 23-33) beschreibt der Verfasser&#8230;..\u201d. <a href=\"http:\/\/historypressfaroeislands.com\/dansk\/downloads\/shetland\/in-the-footsteps-of-governor-ploeyen\/anmeldelse-af-norbert-b-vogt\/\">L\u00e6s anmeldelse her<\/a> (p\u00e5 tysk)<\/p>\n<p>Feilbergs bog kan downloades gratis <a href=\"http:\/\/www.archive.org\/download\/fralierogfjelde00feil\/fralierogfjelde00feil.pdf\" target=\"_blank\">her <\/a>(eksternt link)<\/p>\n<p><a href=\"http:\/\/www.archive.org\/download\/fralierogfjelde00feil\/fralierogfjelde00feil.pdf\" target=\"_blank\"><img decoding=\"async\" class=\"alignleft\" src=\"http:\/\/historypressfaroeislands.com\/images\/1\/Fra_Lier_og_Fjelde.jpg\" alt=\"\" \/><\/a><\/p>\n","protected":false},"excerpt":{"rendered":"<p>\u2022 Steffen Stummann Hansen: In the footsteps of Governor Pl\u00f8yen. A Danish-Faroese visit to Shetland in 1899. New Shetlander, No. 259, 2012, 25-28. \u2022 Download artiklen gratis i pdf-format \u2022 \u2022 \u2022 I 1899 fik Shetland bes\u00f8g af en \u201cDansk &hellip; <a href=\"https:\/\/historypressfaroeislands.com\/dansk\/downloads\/shetland\/in-the-footsteps-of-governor-ploeyen\/\">Continue reading <span class=\"meta-nav\">&rarr;<\/span><\/a><\/p>\n","protected":false},"author":4,"featured_media":0,"parent":333,"menu_order":0,"comment_status":"closed","ping_status":"closed","template":"","meta":{"footnotes":""},"class_list":["post-946","page","type-page","status-publish","hentry"],"_links":{"self":[{"href":"https:\/\/historypressfaroeislands.com\/dansk\/wp-json\/wp\/v2\/pages\/946","targetHints":{"allow":["GET"]}}],"collection":[{"href":"https:\/\/historypressfaroeislands.com\/dansk\/wp-json\/wp\/v2\/pages"}],"about":[{"href":"https:\/\/historypressfaroeislands.com\/dansk\/wp-json\/wp\/v2\/types\/page"}],"author":[{"embeddable":true,"href":"https:\/\/historypressfaroeislands.com\/dansk\/wp-json\/wp\/v2\/users\/4"}],"replies":[{"embeddable":true,"href":"https:\/\/historypressfaroeislands.com\/dansk\/wp-json\/wp\/v2\/comments?post=946"}],"version-history":[{"count":0,"href":"https:\/\/historypressfaroeislands.com\/dansk\/wp-json\/wp\/v2\/pages\/946\/revisions"}],"up":[{"embeddable":true,"href":"https:\/\/historypressfaroeislands.com\/dansk\/wp-json\/wp\/v2\/pages\/333"}],"wp:attachment":[{"href":"https:\/\/historypressfaroeislands.com\/dansk\/wp-json\/wp\/v2\/media?parent=946"}],"curies":[{"name":"wp","href":"https:\/\/api.w.org\/{rel}","templated":true}]}}