{"id":918,"date":"2012-01-22T21:38:05","date_gmt":"2012-01-22T21:38:05","guid":{"rendered":"http:\/\/historypressfaroeislands.com\/dansk\/"},"modified":"2012-01-22T21:38:05","modified_gmt":"2012-01-22T21:38:05","slug":"early-church-sites","status":"publish","type":"page","link":"https:\/\/historypressfaroeislands.com\/dansk\/andre-udgivelser\/early-church-sites\/","title":{"rendered":"Early Church Sites in the Faroe Islands"},"content":{"rendered":"<p><span style=\"color: #ffffff;\">\u2022 <\/span><br \/>\n<a href=\"http:\/\/onlinelibrary.wiley.com\/doi\/10.1111\/aar.2011.82.issue-1\/issuetoc\" target=\"_blank\"><img loading=\"lazy\" decoding=\"async\" class=\"alignleft\" src=\"http:\/\/historypressfaroeislands.com\/images\/earlichurch2.jpg\" alt=\"Download Hvem var her f\u00f8rst \u2013 skandinaver eller irere?\" width=\"230\" height=\"270\" \/><\/a><em>Steffen Stummann Hansen:<\/em><br \/>\nEarly Church Sites in the Faroe Islands. A Survey &amp; a Discussion<br \/>\nActa Archaeologica Vol. 82 (Archaeology. North Atlantic to the Baltic on to the Mediterranean. December 2011), 53-78<br \/>\nBlackwell Publishing Ltd<\/p>\n<p>\u2022 Artiklen kan k\u00f8bes <a href=\"http:\/\/onlinelibrary.wiley.com\/doi\/10.1111\/aar.2011.82.issue-1\/issuetoc\" target=\"_blank\">her<\/a> (eksternt link)<\/p>\n<p><span style=\"color: #ffffff;\">\u2022 <\/span><br \/>\n<span style=\"color: #ffffff;\">\u2022 <\/span><br \/>\n<span style=\"color: #ffffff;\">\u2022 <\/span><br \/>\nContrary to neighbouring Norse communities in Iceland and Greenland there are no written records on pre-Reformation church sites in the Faroe Islands. Thus such sites are only reflected in folklore, sparse visible archaeological remains and place-names often containing the Faroese term \u201cB\u00f8nh\u00fas\u201d (English: prayer-house). While around the mid-19th century ruins of this type of church sites could be seen on numerous places around the islands, today only a handful are visible. Against this background the paper discusses the early church topgraphy and religious landscape of the Faroe Islands, and its wider North Atlantic context.<\/p>\n<p>Anmeldelse af Norbert B. Vogt:<br \/>\n\u201cDie Erhellung der Geschichte der F\u00e4r\u00f6er von der  Landnahme biz zur Reformation ist ein schwieriges Unterfangen, da  schriftliche Quellen f\u00fcr diese Zeit nur sp\u00e4rlich vorhanden sind und auch  die Forschungsergebnisse zur materiellen Kultur noch viele Fragen  offenlassen. Dies gilt auch f\u00fcr die Baugeschichte der Inseln, die f\u00fcr  die Zeit vor der Reformation bisher noch nicht umfassend erforscht  wurde. In seinem Aufsatz <strong>Early Church Sites in the Faroe Islands. A Survey &amp; a Discussion<\/strong> (in: Acta Archaeologica. Oxford, Bd. 82, 2011, S. 55-80) widmet sich  Stummann Hansen einem wichtigen Aspekt der f\u00e4r\u00f6ischen Geschichte,  analysiert Volks\u00fcberlieferungen sowie Erkenntnisse der arch\u00e4ologischen  und der Ortnamensforschung, um die fr\u00fche Kirchentopographie und die  religi\u00f6se Landschaft der F\u00e4r\u00f6er im Nordatlantischen Kontext zu erhellen.  \u201d <a href=\"http:\/\/historypressfaroeislands.com\/dansk\/andre-udgivelser\/early-church-sites\/anmeldelse-af-norbert-b-vogt\/\">L\u00e6s anmeldelse her <\/a>(p\u00e5 tysk)<\/p>\n","protected":false},"excerpt":{"rendered":"<p>\u2022 Steffen Stummann Hansen: Early Church Sites in the Faroe Islands. A Survey &amp; a Discussion Acta Archaeologica Vol. 82 (Archaeology. North Atlantic to the Baltic on to the Mediterranean. December 2011), 53-78 Blackwell Publishing Ltd \u2022 Artiklen kan k\u00f8bes &hellip; <a href=\"https:\/\/historypressfaroeislands.com\/dansk\/andre-udgivelser\/early-church-sites\/\">Continue reading <span class=\"meta-nav\">&rarr;<\/span><\/a><\/p>\n","protected":false},"author":4,"featured_media":0,"parent":16,"menu_order":0,"comment_status":"closed","ping_status":"closed","template":"","meta":{"footnotes":""},"class_list":["post-918","page","type-page","status-publish","hentry"],"_links":{"self":[{"href":"https:\/\/historypressfaroeislands.com\/dansk\/wp-json\/wp\/v2\/pages\/918","targetHints":{"allow":["GET"]}}],"collection":[{"href":"https:\/\/historypressfaroeislands.com\/dansk\/wp-json\/wp\/v2\/pages"}],"about":[{"href":"https:\/\/historypressfaroeislands.com\/dansk\/wp-json\/wp\/v2\/types\/page"}],"author":[{"embeddable":true,"href":"https:\/\/historypressfaroeislands.com\/dansk\/wp-json\/wp\/v2\/users\/4"}],"replies":[{"embeddable":true,"href":"https:\/\/historypressfaroeislands.com\/dansk\/wp-json\/wp\/v2\/comments?post=918"}],"version-history":[{"count":0,"href":"https:\/\/historypressfaroeislands.com\/dansk\/wp-json\/wp\/v2\/pages\/918\/revisions"}],"up":[{"embeddable":true,"href":"https:\/\/historypressfaroeislands.com\/dansk\/wp-json\/wp\/v2\/pages\/16"}],"wp:attachment":[{"href":"https:\/\/historypressfaroeislands.com\/dansk\/wp-json\/wp\/v2\/media?parent=918"}],"curies":[{"name":"wp","href":"https:\/\/api.w.org\/{rel}","templated":true}]}}