{"id":862,"date":"2012-01-11T16:19:56","date_gmt":"2012-01-11T16:19:56","guid":{"rendered":"http:\/\/historypressfaroeislands.com\/dansk\/"},"modified":"2024-05-07T08:35:15","modified_gmt":"2024-05-07T08:35:15","slug":"jogvansstova-korset","status":"publish","type":"page","link":"https:\/\/historypressfaroeislands.com\/dansk\/fortidsminder\/jogvansstova-korset\/","title":{"rendered":"J\u00f3gvansstova-korset"},"content":{"rendered":"<table border=\"0\" width=\"680\" cellspacing=\"0\" cellpadding=\"0\">\n<tbody>\n<tr valign=\"top\">\n<td><a href=\"http:\/\/historypressfaroeislands.com\/images\/Jogvanstova-korset1-Nioasti-slaetti-24.05.2009.JPG\"><img decoding=\"async\" class=\"size-medium wp-image-268 alignnone\" src=\"http:\/\/historypressfaroeislands.com\/images\/Jogvanstova-korset1-Nioasti-slaetti-24.05.2009-2.jpg\" alt=\"\" \/><\/a><\/td>\n<td><a href=\"http:\/\/historypressfaroeislands.com\/images\/Jogvanstovakorset2-Nioasti-slaetti-24.05.2009.jpg\"><img decoding=\"async\" class=\"size-medium wp-image-268 alignnone\" src=\"http:\/\/historypressfaroeislands.com\/images\/Jogvanstovakorset2-Nioasti-slaetti-24.05.2009-2.jpg\" alt=\"\" \/><\/a><\/td>\n<\/tr>\n<\/tbody>\n<\/table>\n<p>En s\u00f8ndag formiddag engang i begyndelsen af 1970erne gik bonden i J\u00f3gvansstovu i Leirv\u00edk, J\u00e1kup \u00ed J\u00f3gvansstovu (1913-1995), med en spade i h\u00e5nden op i fjeldet bag vigen syd for Leirv\u00edk. Her udskar han p\u00e5 en mosd\u00e6kket stenflade et flere meter h\u00f8jt kors, som endnu ses tydeligt den dag i dag.<\/p>\n<p>J\u00e1kup havde i forbindelse med udskiftning af udmarksarealerne f\u00e5et tildelt omr\u00e5det omkring <em>ni\u00f0arsti sl\u00e6tti<\/em> og udsk\u00e6ringen af korset var hans m\u00e5de at velsigne denne hans del af udmarken.<\/p>\n<p>I\u00a0fjeldene omkring Leirv\u00edk er der andre eksempler p\u00e5, at man p\u00e5 lignende m\u00e5de har udsk\u00e5ret navne og andet p\u00e5 mosd\u00e6kkede stenflader.<\/p>\n<p>Steffen Stummann Hansen<\/p>\n","protected":false},"excerpt":{"rendered":"<p>En s\u00f8ndag formiddag engang i begyndelsen af 1970erne gik bonden i J\u00f3gvansstovu i Leirv\u00edk, J\u00e1kup \u00ed J\u00f3gvansstovu (1913-1995), med en spade i h\u00e5nden op i fjeldet bag vigen syd for Leirv\u00edk. Her udskar han p\u00e5 en mosd\u00e6kket stenflade et flere &hellip; <a href=\"https:\/\/historypressfaroeislands.com\/dansk\/fortidsminder\/jogvansstova-korset\/\">Continue reading <span class=\"meta-nav\">&rarr;<\/span><\/a><\/p>\n","protected":false},"author":4,"featured_media":0,"parent":713,"menu_order":0,"comment_status":"closed","ping_status":"closed","template":"","meta":{"footnotes":""},"class_list":["post-862","page","type-page","status-publish","hentry"],"_links":{"self":[{"href":"https:\/\/historypressfaroeislands.com\/dansk\/wp-json\/wp\/v2\/pages\/862","targetHints":{"allow":["GET"]}}],"collection":[{"href":"https:\/\/historypressfaroeislands.com\/dansk\/wp-json\/wp\/v2\/pages"}],"about":[{"href":"https:\/\/historypressfaroeislands.com\/dansk\/wp-json\/wp\/v2\/types\/page"}],"author":[{"embeddable":true,"href":"https:\/\/historypressfaroeislands.com\/dansk\/wp-json\/wp\/v2\/users\/4"}],"replies":[{"embeddable":true,"href":"https:\/\/historypressfaroeislands.com\/dansk\/wp-json\/wp\/v2\/comments?post=862"}],"version-history":[{"count":1,"href":"https:\/\/historypressfaroeislands.com\/dansk\/wp-json\/wp\/v2\/pages\/862\/revisions"}],"predecessor-version":[{"id":1461,"href":"https:\/\/historypressfaroeislands.com\/dansk\/wp-json\/wp\/v2\/pages\/862\/revisions\/1461"}],"up":[{"embeddable":true,"href":"https:\/\/historypressfaroeislands.com\/dansk\/wp-json\/wp\/v2\/pages\/713"}],"wp:attachment":[{"href":"https:\/\/historypressfaroeislands.com\/dansk\/wp-json\/wp\/v2\/media?parent=862"}],"curies":[{"name":"wp","href":"https:\/\/api.w.org\/{rel}","templated":true}]}}