{"id":846,"date":"2012-01-11T15:15:43","date_gmt":"2012-01-11T15:15:43","guid":{"rendered":"http:\/\/historypressfaroeislands.com\/dansk\/"},"modified":"2024-05-07T08:28:18","modified_gmt":"2024-05-07T08:28:18","slug":"stongin-en-opmalingsvarde-fra-1897","status":"publish","type":"page","link":"https:\/\/historypressfaroeislands.com\/dansk\/fortidsminder\/stongin-en-opmalingsvarde-fra-1897\/","title":{"rendered":"Stongin &#8211; en opm\u00e5lingsvarde fra 1897"},"content":{"rendered":"<p>I godt 340 meters h\u00f8jde over havets overflade ses ved\u00a0<em>\u00e1 Vatnhomrum<\/em>\u00a0i sk\u00e6ret mellem fjeldtoppene Sigatindur (614 m.o.h.) og G\u00f8tunestindur (625 m.o.h.) en noget sammenfalden stenvarde med en diameter p\u00e5 ca. 1,5 meter.<\/p>\n<table border=\"0\" width=\"680\" cellspacing=\"0\" cellpadding=\"0\">\n<tbody>\n<tr valign=\"top\">\n<td>\n<p><div style=\"width: 310px\" class=\"wp-caption alignnone\"><a href=\"http:\/\/historypressfaroeislands.com\/images\/Fig._1.jpg\"><img loading=\"lazy\" decoding=\"async\" class=\" \" src=\"http:\/\/historypressfaroeislands.com\/images\/Fig._1-2.jpg\" alt=\"\" width=\"300\" height=\"225\" \/><\/a><p class=\"wp-caption-text\">Resterne af Generalstabens stenvarde \u00e1 Vatnhomrum i sk\u00e6ret mellem Sigatindur og G\u00f8tunestindur \u2013 N 62\u00ba06.748\/W 007\u00ba26.35. I baggrunden Kalsoy, Bor\u00f0oy og Kunoy.<br \/>Foto: @ S. Stummann Hansen 2008.<\/p><\/div><\/td>\n<td>\n<p><div style=\"width: 310px\" class=\"wp-caption alignnone\"><a href=\"http:\/\/historypressfaroeislands.com\/images\/Fig._2.jpg\"><img loading=\"lazy\" decoding=\"async\" class=\" \" src=\"http:\/\/historypressfaroeislands.com\/images\/Fig._2-2.jpg\" alt=\"\" width=\"300\" height=\"225\" \/><\/a><p class=\"wp-caption-text\">Udsigt mod vest fra sk\u00e6ret mellem Sigatindur og G\u00f8tunestindur. Til venstre i billedet ses Generalstabens sammenfaldne stenvarde.<br \/>Foto: @ S. Stummann Hansen 2008.<\/p><\/div><\/td>\n<\/tr>\n<\/tbody>\n<\/table>\n<p>Normalt indikerer varder vandrestier mellem bygderne, men denne varde har en helt anden hisorie. Varden stammer nemlig fra den danske Generalstabs topografiske opm\u00e5ling af F\u00e6r\u00f8erne i 1893-1899.<\/p>\n<p>mod slutningen af det 19. \u00e5rhundrede var de tekniske, \u00f8konomiske og administrative krav til kortene over F\u00e6r\u00f8erne steget s\u00e5 meget, at tidligere kort ikke l\u00e6ngere var tilstr\u00e6kkelige. I 1893 gennemf\u00f8rte den danske Generalstab derfor en indledende rekognoscering, hvorefter det blev besluttet, at der skulle gennemf\u00f8res en komplet triangulation og opm\u00e5ling af samtlige \u00f8er p\u00e5 F\u00e6r\u00f8erne. Selve feltarbejdet blev p\u00e5begyndt i 1895.<\/p>\n<p>Udover at udl\u00e6gge en basislinie p\u00e5 281 meter vest for T\u00f3rshavn blev der ogs\u00e5 etableret et overordnet s\u00e5vel som et sekund\u00e6rt trianguleringsnet for at fastl\u00e6gge de relative positioner. Allerede etableringen af dette net gav problemer. Tr\u00e6 var en sj\u00e6lden og dyr vare og m\u00e5tte ofte transporteres over lange str\u00e6kninger. I forbindelse med den indledende rekognoscering i 1893 indskr\u00e6nkede man sig derfor til at rejse 4 meter h\u00f8je master med et tv\u00e6rsnit p\u00e5 6 x 4 centimeter. De var i den \u00f8verste ende forsynet med et br\u00e6t af tr\u00e6 og sikret med jernbarduner. En s\u00e5dan stod blandt andet p\u00e5 fjeldet\u00a0<em>Klakkur<\/em>\u00a0(414 m.o.h.) ved Klaksv\u00edk p\u00e5 den anden side af Leirv\u00edksfjorden.<\/p>\n<p>Da selve opm\u00e5lingerne p\u00e5begyndtes i 1895 var mange af disse tr\u00e6master imidlertid v\u00e6ltede, og nogle endda helt fjernede, og man m\u00e5tte derfor retablere disse positioner. For hovedstationernes vedkommende gik man efterf\u00f8lgende over til at bygge pyramideformede signaler af en betydelig sv\u00e6rere konstruktion.<\/p>\n<table border=\"0\" width=\"680\" cellspacing=\"0\" cellpadding=\"0\">\n<tbody>\n<tr valign=\"top\">\n<td>\n<p><div style=\"width: 310px\" class=\"wp-caption alignleft\"><a href=\"http:\/\/historypressfaroeislands.com\/imagesFig._3.jpg\"><img loading=\"lazy\" decoding=\"async\" class=\" \" src=\"http:\/\/historypressfaroeislands.com\/images\/Fig._3.jpg\" alt=\"\" width=\"300\" height=\"184\" \/><\/a><p class=\"wp-caption-text\">Generalstabens opm\u00e5lingsvarde p\u00e5 fjeldet Klakkur ved Klaksv\u00edk set med udsigt mod nordvest. Til venstre ses Kalsoy, til h\u00f8jre Kunoy. Tegning fra 30. juni 1898 af den danske eventyrer og antikvar Daniel Bruun (1856-1931). Efter Daniel Bruun: Turistruter p\u00e5 F\u00e6r\u00f8erne II. K\u00f8benhavn 1915-1919<\/p><\/div><\/td>\n<td>\n<p><div style=\"width: 310px\" class=\"wp-caption alignright\"><a href=\"http:\/\/historypressfaroeislands.com\/images\/Fig._4a.jpg\"><img loading=\"lazy\" decoding=\"async\" src=\"http:\/\/historypressfaroeislands.com\/images\/Fig._4a-2.jpg\" alt=\"\" width=\"300\" height=\"200\" \/><\/a><p class=\"wp-caption-text\">Stenvarde p\u00e5 toppen af fjeldet Eggjarklettur p\u00e5 N\u00f3lsoy. Det var bygningen af fyret p\u00e5 sydspidsen af N\u00f3lsoy i begyndelsen af 1890erne, der blev den direkte anledning til Generalstabens opm\u00e5ling af F\u00e6r\u00f8erne.<br \/>Foto: @ Jens-Kjeld Jensen 2008<\/p><\/div><\/td>\n<\/tr>\n<\/tbody>\n<\/table>\n<p>Varden, som ben\u00e6vnes\u00a0<em>Stongin<\/em>, indgik i det sekund\u00e6re trianguleringsnet og blev antagelig etableret, da Generalstabens opm\u00e5linger i 1897 n\u00e5ede til Leirv\u00edk.<\/p>\n<p><strong>Kilder<\/strong><\/p>\n<p>Stummann Hansen, S. 2008.\u00a0<em>P\u00e5 Vandring i N\u00f3lsoys Fortid<\/em>. N\u00f3lsoyar Fornminnisfelag, 98-100.<\/p>\n<p>Wenzel-Petersen, T. 1981. F\u00e6r\u00f8ernes topografiske kortl\u00e6gning.\u00a0<em>Landinspekt\u00f8ren<\/em>\u00a030. bind, 10. h\u00e6fte, 637-652.<\/p>\n<p>Fotografier taget af Generalstaben under opm\u00e5lingen af F\u00e6r\u00f8erne i 1890erne kan ses her (eksternt link)\u00a0<a href=\"http:\/\/www.us.fo\/Default.aspx?ID=7794\" target=\"_blank\" rel=\"noopener\">http:\/\/www.us.fo\/Default.aspx?ID=7794<\/a><\/p>\n<p>Steffen Stummann Hansen<\/p>\n","protected":false},"excerpt":{"rendered":"<p>I godt 340 meters h\u00f8jde over havets overflade ses ved\u00a0\u00e1 Vatnhomrum\u00a0i sk\u00e6ret mellem fjeldtoppene Sigatindur (614 m.o.h.) og G\u00f8tunestindur (625 m.o.h.) en noget sammenfalden stenvarde med en diameter p\u00e5 ca. 1,5 meter. Normalt indikerer varder vandrestier mellem bygderne, men denne &hellip; <a href=\"https:\/\/historypressfaroeislands.com\/dansk\/fortidsminder\/stongin-en-opmalingsvarde-fra-1897\/\">Continue reading <span class=\"meta-nav\">&rarr;<\/span><\/a><\/p>\n","protected":false},"author":4,"featured_media":0,"parent":713,"menu_order":0,"comment_status":"closed","ping_status":"closed","template":"","meta":{"footnotes":""},"class_list":["post-846","page","type-page","status-publish","hentry"],"_links":{"self":[{"href":"https:\/\/historypressfaroeislands.com\/dansk\/wp-json\/wp\/v2\/pages\/846","targetHints":{"allow":["GET"]}}],"collection":[{"href":"https:\/\/historypressfaroeislands.com\/dansk\/wp-json\/wp\/v2\/pages"}],"about":[{"href":"https:\/\/historypressfaroeislands.com\/dansk\/wp-json\/wp\/v2\/types\/page"}],"author":[{"embeddable":true,"href":"https:\/\/historypressfaroeislands.com\/dansk\/wp-json\/wp\/v2\/users\/4"}],"replies":[{"embeddable":true,"href":"https:\/\/historypressfaroeislands.com\/dansk\/wp-json\/wp\/v2\/comments?post=846"}],"version-history":[{"count":1,"href":"https:\/\/historypressfaroeislands.com\/dansk\/wp-json\/wp\/v2\/pages\/846\/revisions"}],"predecessor-version":[{"id":1460,"href":"https:\/\/historypressfaroeislands.com\/dansk\/wp-json\/wp\/v2\/pages\/846\/revisions\/1460"}],"up":[{"embeddable":true,"href":"https:\/\/historypressfaroeislands.com\/dansk\/wp-json\/wp\/v2\/pages\/713"}],"wp:attachment":[{"href":"https:\/\/historypressfaroeislands.com\/dansk\/wp-json\/wp\/v2\/media?parent=846"}],"curies":[{"name":"wp","href":"https:\/\/api.w.org\/{rel}","templated":true}]}}