{"id":80,"date":"2010-12-13T20:43:06","date_gmt":"2010-12-13T20:43:06","guid":{"rendered":"http:\/\/historypressfaroeislands.com\/dansk\/"},"modified":"2010-12-13T20:43:06","modified_gmt":"2010-12-13T20:43:06","slug":"a-viking-age-shieling","status":"publish","type":"page","link":"https:\/\/historypressfaroeislands.com\/dansk\/downloads\/faeroerne\/a-viking-age-shieling\/","title":{"rendered":"A Viking Age shieling in Skar\u00f0sv\u00edk, Fugloy, Faroe Islands"},"content":{"rendered":"<p><span style=\"color: #ffffff;\">\u2022 <\/span><br \/>\n<a href=\"http:\/\/historypressfaroeislands.com\/images\/SkardsvikFrod51.pdf\" target=\"_blank\"><img loading=\"lazy\" decoding=\"async\" class=\"alignleft\" title=\"A Viking Age shieling in Skar\u00f0sv\u00edk, Fugloy, Faroe Islands\" src=\"http:\/\/historypressfaroeislands.com\/images\/aviking.jpg\" alt=\"Download A Viking Age shieling in Skar\u00f0sv\u00edk, Fugloy, Faroe Islands\" width=\"210\" height=\"278\" \/><\/a><em>Anna Katrin Matras, Steffen Stummann Hansen &amp; H\u00e1kun Andreasen:<\/em><br \/>\nA Viking Age shieling in Skar\u00f0sv\u00edk, Fugloy, Faroe Islands.<br \/>\nFr\u00f3\u00f0skaparrit, 51 (2004), 200-211.<\/p>\n<p>\u2022 <a href=\"http:\/\/historypressfaroeislands.com\/images\/SkardsvikFrod51.pdf\" target=\"_blank\">Download publikationen gratis i pdf-format her<\/a><br \/>\n<span style=\"color: #ffffff;\">\u2022 <\/span><br \/>\n<span style=\"color: #ffffff;\">\u2022 <\/span><br \/>\n<span style=\"color: #ffffff;\">\u2022 <\/span><br \/>\n<span style=\"color: #ffffff;\">\u2022 <\/span><br \/>\n<span style=\"color: #ffffff;\">\u2022 <\/span><br \/>\n<span style=\"color: #ffffff;\">\u2022 <\/span><br \/>\n<span style=\"color: #ffffff;\">\u2022 <\/span><\/p>\n","protected":false},"excerpt":{"rendered":"<p>\u2022 Anna Katrin Matras, Steffen Stummann Hansen &amp; H\u00e1kun Andreasen: A Viking Age shieling in Skar\u00f0sv\u00edk, Fugloy, Faroe Islands. Fr\u00f3\u00f0skaparrit, 51 (2004), 200-211. \u2022 Download publikationen gratis i pdf-format her \u2022 \u2022 \u2022 \u2022 \u2022 \u2022 \u2022<\/p>\n","protected":false},"author":4,"featured_media":0,"parent":327,"menu_order":4,"comment_status":"closed","ping_status":"closed","template":"","meta":{"footnotes":""},"class_list":["post-80","page","type-page","status-publish","hentry"],"_links":{"self":[{"href":"https:\/\/historypressfaroeislands.com\/dansk\/wp-json\/wp\/v2\/pages\/80","targetHints":{"allow":["GET"]}}],"collection":[{"href":"https:\/\/historypressfaroeislands.com\/dansk\/wp-json\/wp\/v2\/pages"}],"about":[{"href":"https:\/\/historypressfaroeislands.com\/dansk\/wp-json\/wp\/v2\/types\/page"}],"author":[{"embeddable":true,"href":"https:\/\/historypressfaroeislands.com\/dansk\/wp-json\/wp\/v2\/users\/4"}],"replies":[{"embeddable":true,"href":"https:\/\/historypressfaroeislands.com\/dansk\/wp-json\/wp\/v2\/comments?post=80"}],"version-history":[{"count":0,"href":"https:\/\/historypressfaroeislands.com\/dansk\/wp-json\/wp\/v2\/pages\/80\/revisions"}],"up":[{"embeddable":true,"href":"https:\/\/historypressfaroeislands.com\/dansk\/wp-json\/wp\/v2\/pages\/327"}],"wp:attachment":[{"href":"https:\/\/historypressfaroeislands.com\/dansk\/wp-json\/wp\/v2\/media?parent=80"}],"curies":[{"name":"wp","href":"https:\/\/api.w.org\/{rel}","templated":true}]}}