{"id":791,"date":"2012-01-09T16:36:07","date_gmt":"2012-01-09T16:36:07","guid":{"rendered":"http:\/\/historypressfaroeislands.com\/dansk\/"},"modified":"2012-01-09T16:36:07","modified_gmt":"2012-01-09T16:36:07","slug":"toftum","status":"publish","type":"page","link":"https:\/\/historypressfaroeislands.com\/dansk\/downloads\/faeroerne\/toftum\/","title":{"rendered":"Ni\u00f0ri \u00ed Toftum"},"content":{"rendered":"<p><span style=\"color: #ffffff;\">\u2022 <\/span><br \/>\n<a href=\"http:\/\/historypressfaroeislands.com\/images\/Matras_Toftum_v2.pdf\" target=\"_blank\"><img loading=\"lazy\" decoding=\"async\" class=\"alignleft\" title=\"Ni\u00f0ri \u00ed Toftum\" src=\"http:\/\/historypressfaroeislands.com\/images\/Toftum.jpg\" alt=\"Ni\u00f0ri \u00ed Toftum\" width=\"210\" height=\"278\" \/><\/a><em>Anna Katrin Matras<\/em><br \/>\nNi\u00f0ri \u00ed Toftum<br \/>\nLeiker \u00ed lund. Klaksv\u00edk 2008, 22-24<\/p>\n<p>\u2022 <a href=\"http:\/\/historypressfaroeislands.com\/images\/Matras_Toftum_v2.pdf\" target=\"_blank\">Download artiklen gratis i pdf-format her<\/a><br \/>\n<span style=\"color: #ffffff;\">\u2022 <\/span><br \/>\n<span style=\"color: #ffffff;\">\u2022 <\/span><br \/>\n<span style=\"color: #ffffff;\">\u2022 <\/span><br \/>\n<span style=\"color: #ffffff;\">\u2022 <\/span><br \/>\n<span style=\"color: #ffffff;\">\u2022 <\/span><br \/>\n<span style=\"color: #ffffff;\">\u2022 <\/span><br \/>\n<span style=\"color: #ffffff;\">\u2022 <\/span><br \/>\n<span style=\"color: #ffffff;\">\u2022 <\/span><br \/>\nArtiklen pr\u00e6senterer vikingtidsbebyggelsen <em>Ni\u00f0ri \u00ed Toftum<\/em> ved Bor\u00f0oyv\u00edk i udkanten af Klaksv\u00edk. Ark\u00e6ologiske unders\u00f8gelser af denne vigtige lokalitet, som er udsat for konstant kraftig erosion fra havet, blev indledt helt tilbage i 1969, men er beklageligvis aldrig blevet afsluttet.<\/p>\n","protected":false},"excerpt":{"rendered":"<p>\u2022 Anna Katrin Matras Ni\u00f0ri \u00ed Toftum Leiker \u00ed lund. Klaksv\u00edk 2008, 22-24 \u2022 Download artiklen gratis i pdf-format her \u2022 \u2022 \u2022 \u2022 \u2022 \u2022 \u2022 \u2022 Artiklen pr\u00e6senterer vikingtidsbebyggelsen Ni\u00f0ri \u00ed Toftum ved Bor\u00f0oyv\u00edk i udkanten af Klaksv\u00edk. &hellip; <a href=\"https:\/\/historypressfaroeislands.com\/dansk\/downloads\/faeroerne\/toftum\/\">Continue reading <span class=\"meta-nav\">&rarr;<\/span><\/a><\/p>\n","protected":false},"author":4,"featured_media":0,"parent":327,"menu_order":0,"comment_status":"closed","ping_status":"closed","template":"","meta":{"footnotes":""},"class_list":["post-791","page","type-page","status-publish","hentry"],"_links":{"self":[{"href":"https:\/\/historypressfaroeislands.com\/dansk\/wp-json\/wp\/v2\/pages\/791","targetHints":{"allow":["GET"]}}],"collection":[{"href":"https:\/\/historypressfaroeislands.com\/dansk\/wp-json\/wp\/v2\/pages"}],"about":[{"href":"https:\/\/historypressfaroeislands.com\/dansk\/wp-json\/wp\/v2\/types\/page"}],"author":[{"embeddable":true,"href":"https:\/\/historypressfaroeislands.com\/dansk\/wp-json\/wp\/v2\/users\/4"}],"replies":[{"embeddable":true,"href":"https:\/\/historypressfaroeislands.com\/dansk\/wp-json\/wp\/v2\/comments?post=791"}],"version-history":[{"count":0,"href":"https:\/\/historypressfaroeislands.com\/dansk\/wp-json\/wp\/v2\/pages\/791\/revisions"}],"up":[{"embeddable":true,"href":"https:\/\/historypressfaroeislands.com\/dansk\/wp-json\/wp\/v2\/pages\/327"}],"wp:attachment":[{"href":"https:\/\/historypressfaroeislands.com\/dansk\/wp-json\/wp\/v2\/media?parent=791"}],"curies":[{"name":"wp","href":"https:\/\/api.w.org\/{rel}","templated":true}]}}