{"id":715,"date":"2011-11-09T18:01:11","date_gmt":"2011-11-09T18:01:11","guid":{"rendered":"http:\/\/historypressfaroeislands.com\/dansk\/"},"modified":"2024-05-07T08:36:56","modified_gmt":"2024-05-07T08:36:56","slug":"steinur-leirviksdrongin","status":"publish","type":"page","link":"https:\/\/historypressfaroeislands.com\/dansk\/fortidsminder\/steinur-leirviksdrongin\/","title":{"rendered":"Steinur Lorv\u00edksdrongin \/ Lorv\u00edk-drengens sten"},"content":{"rendered":"<table border=\"0\" width=\"680\" cellspacing=\"0\" cellpadding=\"0\">\n<tbody>\n<tr valign=\"top\">\n<td>\n<p><div id=\"attachment_268\" style=\"width: 310px\" class=\"wp-caption aligncenter\"><a href=\"http:\/\/historypressfaroeislands.com\/images\/Steinur.jpg\"><img loading=\"lazy\" decoding=\"async\" aria-describedby=\"caption-attachment-268\" class=\"wp-image-268 size-medium\" src=\"http:\/\/historypressfaroeislands.com\/images\/Steinur-1-300x190.jpg\" alt=\"\" width=\"300\" height=\"190\" \/><\/a><p id=\"caption-attachment-268\" class=\"wp-caption-text\">Leirv\u00edks-drengens sten i fjeldet ovenfor bygden Vi\u00f0arei\u00f0i. I baggrunden ses Fugloy.<br \/>Foto: Kristian Martin Eliasen \u00a9.<\/p><\/div><\/td>\n<\/tr>\n<\/tbody>\n<\/table>\n<table border=\"0\" width=\"680\" cellspacing=\"0\" cellpadding=\"0\">\n<tbody>\n<tr valign=\"top\">\n<td>\n<p><div id=\"attachment_268\" style=\"width: 310px\" class=\"wp-caption aligncenter\"><a href=\"http:\/\/historypressfaroeislands.com\/images\/Steinur2.JPG\"><img loading=\"lazy\" decoding=\"async\" aria-describedby=\"caption-attachment-268\" class=\"wp-image-268 size-medium\" src=\"http:\/\/historypressfaroeislands.com\/images\/Steinur-21-300x200.jpg\" alt=\"\" width=\"300\" height=\"190\" \/><\/a><p id=\"caption-attachment-268\" class=\"wp-caption-text\">Udsigt over bygden Vi\u00f0arei\u00f0i fra fjeldet,<br \/>hvor Leirv\u00edks-drengens sten st\u00e5r.<br \/>Foto: Kristian Martin Eliasen \u00a9.<\/p><\/div><\/td>\n<\/tr>\n<\/tbody>\n<\/table>\n<p>I fjeldet ved Villingardal nord for bygden Vi\u00f0arei\u00f0i ses i omkring 735 meters h\u00f8jde en ca. 1,30 meter h\u00f8j stenstele, der g\u00e5r under betegnelsen <em>Steinur Lorv\u00edksdrongin<\/em> (Positionen er N 62\u00b0 22.668\u00b4, W 006\u00b0 33.338\u00b4).<\/p>\n<p>Om baggrunden for navnet p\u00e5 stenen og den historie, der knytter sig hertil, skriver S\u00edmun Hansen p\u00e5 side 75 i bind 3 af <em>Tey byggja land<\/em> (1984):<\/p>\n<p><em>\u00a0<\/em><em>&#8220;Summari\u00f0 1803 hvarv h\u00faskallurin Poul Johannesen. Hann var ein morgun farin vi\u00f0 stong \u00ed Villingardal, men ongin ma\u00f0ur kom aftur. Fari\u00f0 var at leita, men onki tey funnu. Menn ansa\u00f0u t\u00f3 eftir, at ein tunnur h\u00f8gur steinur var settur upp eftir enda, uppi \u00e1 Var\u00f0a tey kalla\u00f0. Ongin hev\u00f0i veri\u00f0 har \u00e1\u00f0ur, og ti g\u00f3vu tei honum navni\u00f0 Steinur Lorv\u00edksdrongin. P\u00f3l var \u00far Lorv\u00edk, og ein av teim, sum bjarga\u00f0ust \u00e1 Fodlinsb\u00e1tinum \u00e1ri\u00f0 fyri<\/em>.&#8221;<\/p>\n<p><strong>\u00a0<\/strong><em>&#8220;I sommeren 1803 forsvandt huskarlen Poul Johannesen. Han var en morgen g\u00e5et med sin flejestang ud i Villingardal, men kom ikke tilbage. Man tog ud for at lede, men fandt ham ikke. Nogle m\u00e6nd bem\u00e6rkede, at en tynd h\u00f8j sten var blevet sat p\u00e5 h\u00f8jkant oppe p\u00e5 det sted, der kaldes \u00e1 Var\u00f0a. Ingen sten havde v\u00e6ret her tidligere, og derfor gav de den navnet \u201dLorviksdrengens sten\u201d. P\u00f3l var fra Lorv\u00edk, og var en af dem, der blev bj\u00e6rget ved\u00a0Fodlins-b\u00e5dens forlis\u00a0\u00e5ret f\u00f8r.&#8221;<\/em><\/p>\n<p>Lorv\u00edk-drengen \u2013 Poul Johannesen \u2013 var bondes\u00f8n fra Hei\u00f0riksstova i Leirvik (Lorv\u00edk). Han var blevet d\u00f8bt 13. september 1778. I folket\u00e6llingen for Vi\u00f0arei\u00f0i i 1801 st\u00e5r han opf\u00f8rt som 23 \u00e5r gammel tjenestekarl hos kongsbonden Simon Danielsen og hustruen Sidsel Olesdatter i huset Mi\u00f0stova.<\/p>\n<p>Steffen Stummann Hansen<\/p>\n","protected":false},"excerpt":{"rendered":"<p>I fjeldet ved Villingardal nord for bygden Vi\u00f0arei\u00f0i ses i omkring 735 meters h\u00f8jde en ca. 1,30 meter h\u00f8j stenstele, der g\u00e5r under betegnelsen Steinur Lorv\u00edksdrongin (Positionen er N 62\u00b0 22.668\u00b4, W 006\u00b0 33.338\u00b4). Om baggrunden for navnet p\u00e5 stenen &hellip; <a href=\"https:\/\/historypressfaroeislands.com\/dansk\/fortidsminder\/steinur-leirviksdrongin\/\">Continue reading <span class=\"meta-nav\">&rarr;<\/span><\/a><\/p>\n","protected":false},"author":4,"featured_media":0,"parent":713,"menu_order":0,"comment_status":"closed","ping_status":"closed","template":"","meta":{"footnotes":""},"class_list":["post-715","page","type-page","status-publish","hentry"],"_links":{"self":[{"href":"https:\/\/historypressfaroeislands.com\/dansk\/wp-json\/wp\/v2\/pages\/715","targetHints":{"allow":["GET"]}}],"collection":[{"href":"https:\/\/historypressfaroeislands.com\/dansk\/wp-json\/wp\/v2\/pages"}],"about":[{"href":"https:\/\/historypressfaroeislands.com\/dansk\/wp-json\/wp\/v2\/types\/page"}],"author":[{"embeddable":true,"href":"https:\/\/historypressfaroeislands.com\/dansk\/wp-json\/wp\/v2\/users\/4"}],"replies":[{"embeddable":true,"href":"https:\/\/historypressfaroeislands.com\/dansk\/wp-json\/wp\/v2\/comments?post=715"}],"version-history":[{"count":2,"href":"https:\/\/historypressfaroeislands.com\/dansk\/wp-json\/wp\/v2\/pages\/715\/revisions"}],"predecessor-version":[{"id":1463,"href":"https:\/\/historypressfaroeislands.com\/dansk\/wp-json\/wp\/v2\/pages\/715\/revisions\/1463"}],"up":[{"embeddable":true,"href":"https:\/\/historypressfaroeislands.com\/dansk\/wp-json\/wp\/v2\/pages\/713"}],"wp:attachment":[{"href":"https:\/\/historypressfaroeislands.com\/dansk\/wp-json\/wp\/v2\/media?parent=715"}],"curies":[{"name":"wp","href":"https:\/\/api.w.org\/{rel}","templated":true}]}}