{"id":630,"date":"2011-10-01T09:07:22","date_gmt":"2011-10-01T09:07:22","guid":{"rendered":"http:\/\/historypressfaroeislands.com\/dansk\/"},"modified":"2011-10-01T09:07:22","modified_gmt":"2011-10-01T09:07:22","slug":"governor-ploeyen-and-captain-cameron-mouat","status":"publish","type":"page","link":"https:\/\/historypressfaroeislands.com\/dansk\/downloads\/shetland\/governor-ploeyen-and-captain-cameron-mouat\/","title":{"rendered":"Governor Pl\u00f8yen and Captain Cameron Mouat"},"content":{"rendered":"<p><span style=\"color: #ffffff;\">\u2022 <\/span><br \/>\n<a href=\"http:\/\/historypressfaroeislands.com\/wp-content\/downloads\/Governor_Ploeyen_and_Captain_Mouat_2011.pdf\" target=\"_blank\"><img decoding=\"async\" class=\"alignleft\" src=\"http:\/\/historypressfaroeislands.com\/images\/The_New_Shetlander_257_1.jpg\" alt=\"DownloadBack to Jarlshof.\" \/><\/a><em>Steffen Stummann Hansen:<\/em><br \/>\nGovernor Pl\u00f8yen and Captain Cameron Mouat.<br \/>\n<em>New Shetlander<\/em> No. 257, 2011, 23-33.<\/p>\n<p>\u2022 <a href=\"http:\/\/historypressfaroeislands.com\/wp-content\/downloads\/Governor_Ploeyen_and_Captain_Mouat_2011.pdf\" target=\"_blank\">Download artiklen gratis i pdf-format<\/a><\/p>\n<p><span style=\"color: #ffffff;\">\u2022 <\/span><\/p>\n<p><span style=\"color: #ffffff;\">\u2022 <\/span><\/p>\n<p><span style=\"color: #ffffff;\">\u2022 <\/span><br \/>\n<span style=\"color: #ffffff;\">\u2022 <\/span><\/p>\n<p>In 1839 the Danish Governor in the Faroe Islands, Christian Pl\u00f8yen, visited Shetland with three Faroese companions. During his stay Pl\u00f8yen travelled throughout the islands and was given hospitality by a number of eminent Shetlanders. Pl\u00f8yen never returned to Shetland but he kept in contact with one of the acquaintances he had made, Captain William Cameron Mouat of Gardie House on Bressay, of which letters preserved in the Gardie House Archive bear witness.<\/p>\n<p><span lang=\"FO\">Anmeldelse af Norbert\u00a0 B. Vogt:<br \/>\nIn zwei Aufs\u00e4tzen befasst sich Stummann Hansen mit den Kontakten zwischen den F\u00e4r\u00f6ern und den Shetland-Inseln. In <strong>Governor Pl\u00f8yen and Captain Cameron Mouat<\/strong> (in: The New Shetlander. Lerwick, No. 257, 2011, 23-33) beschreibt der Verfasser&#8230;..\u201d. <a href=\"http:\/\/historypressfaroeislands.com\/dansk\/downloads\/shetland\/governor-ploeyen-and-captain-cameron-mouat\/anmeldelse-af-norbert-b-vogt\/\">L\u00e6s anmeldelse her<\/a> (p\u00e5 tysk)<\/span><\/p>\n<div id=\"_mcePaste\" style=\"position: absolute; width: 1px; height: 1px; overflow: hidden; top: 189px; left: -10000px;\">In 1839 the Danish Governor in the Faroe Islands, Christian Pl\u00f8yen, visited Shetland with three Faroese companions. During his stay Pl\u00f8yen travelled throughout the islands and was given hospitality by a number of eminent Shetlanders. Pl\u00f8yen never returned to Shetland but he kept in contact with one of the acquaintances he had made, Captain William Cameron Mouat of Gardie House on Bressay, of which letters preserved in the Gardie House Archive bear witness.<\/div>\n","protected":false},"excerpt":{"rendered":"<p>\u2022 Steffen Stummann Hansen: Governor Pl\u00f8yen and Captain Cameron Mouat. New Shetlander No. 257, 2011, 23-33. \u2022 Download artiklen gratis i pdf-format \u2022 \u2022 \u2022 \u2022 In 1839 the Danish Governor in the Faroe Islands, Christian Pl\u00f8yen, visited Shetland with &hellip; <a href=\"https:\/\/historypressfaroeislands.com\/dansk\/downloads\/shetland\/governor-ploeyen-and-captain-cameron-mouat\/\">Continue reading <span class=\"meta-nav\">&rarr;<\/span><\/a><\/p>\n","protected":false},"author":4,"featured_media":0,"parent":333,"menu_order":0,"comment_status":"closed","ping_status":"closed","template":"","meta":{"footnotes":""},"class_list":["post-630","page","type-page","status-publish","hentry"],"_links":{"self":[{"href":"https:\/\/historypressfaroeislands.com\/dansk\/wp-json\/wp\/v2\/pages\/630","targetHints":{"allow":["GET"]}}],"collection":[{"href":"https:\/\/historypressfaroeislands.com\/dansk\/wp-json\/wp\/v2\/pages"}],"about":[{"href":"https:\/\/historypressfaroeislands.com\/dansk\/wp-json\/wp\/v2\/types\/page"}],"author":[{"embeddable":true,"href":"https:\/\/historypressfaroeislands.com\/dansk\/wp-json\/wp\/v2\/users\/4"}],"replies":[{"embeddable":true,"href":"https:\/\/historypressfaroeislands.com\/dansk\/wp-json\/wp\/v2\/comments?post=630"}],"version-history":[{"count":0,"href":"https:\/\/historypressfaroeislands.com\/dansk\/wp-json\/wp\/v2\/pages\/630\/revisions"}],"up":[{"embeddable":true,"href":"https:\/\/historypressfaroeislands.com\/dansk\/wp-json\/wp\/v2\/pages\/333"}],"wp:attachment":[{"href":"https:\/\/historypressfaroeislands.com\/dansk\/wp-json\/wp\/v2\/media?parent=630"}],"curies":[{"name":"wp","href":"https:\/\/api.w.org\/{rel}","templated":true}]}}