{"id":510,"date":"2011-06-14T12:11:42","date_gmt":"2011-06-14T12:11:42","guid":{"rendered":"http:\/\/historypressfaroeislands.com\/dansk\/"},"modified":"2016-04-13T08:19:03","modified_gmt":"2016-04-13T08:19:03","slug":"eitt-feigdartiggjuar-i-leirvikar-sogu","status":"publish","type":"page","link":"https:\/\/historypressfaroeislands.com\/dansk\/forlagets-udgivelser\/eitt-feigdartiggjuar-i-leirvikar-sogu\/","title":{"rendered":"Eitt feigdar\u00e1rat\u00edggju \u00ed Leirv\u00edkar s\u00f8gu 1874-1883"},"content":{"rendered":"<h2 style=\"text-align: center;\"><a title=\"Folk i Leirvik. Bog om Leirvik med gamle fotos af folkini i Leirvik.\" href=\"http:\/\/historypressfaroeislands.com\/dansk\/kontakt\/\"><img decoding=\"async\" class=\"alignleft size-medium wp-image-244\" title=\"F\u00f3lk \u00ed Leirv\u00edk \u00ed 1901 \u2013 \u00ed myndum og teksti. Bog om Leirvik med gamle fotos fra Leirvik \u00e5r 1901.\" src=\"http:\/\/historypressfaroeislands.com\/images\/eitt.jpg\" alt=\"F\u00f3lk \u00ed Leirv\u00edk \u00ed 1901 \u2013 \u00ed myndum og teksti\" \/><\/a>Eitt feigdar\u00e1rat\u00edggju \u00ed Leirv\u00edkar s\u00f8gu 1874-1883.<\/h2>\n<p style=\"text-align: center;\"><em><a href=\"http:\/\/historypressfaroeislands.com\/dansk\/forlagets-udgivelser\/eitt-feigdartiggjuar-i-leirvikar-sogu\/forfatteren\/\">Steffen Stummann Hansen<\/a><br \/>\n<\/em><\/p>\n<p style=\"text-align: center;\">Forlagi\u00f0 S\u00f8ga F\u00f8roya\/<br \/>\nHistory Press Faroe Islands 2011<\/p>\n<p style=\"text-align: center;\"><span style=\"color: #ffffff;\">h<\/span><\/p>\n<ul>\n<li>Format: 17,0 x 24,0 cm.<\/li>\n<li>112 sider, 57 ill. (farve)<\/li>\n<li>Pris: 150,00 kr. (+ forsendelse)<\/li>\n<li>Bogen er i boghandlerne fra den 3. november og\u00a0kan ogs\u00e5 k\u00f8bes direkte fra forlaget\u00a0<a href=\"http:\/\/historypressfaroeislands.com\/dansk\/kontakt\/\">her<\/a> eller ved personlig henvendelse.<\/li>\n<\/ul>\n<p>Bogen\u00a0omhandler ti\u00e5ret 1874-1883, hvor bygden Leirv\u00edk blev ramt af hele fem alvorlige og traumatiske ulykker, heraf fire forlis i henholdsvis 1874 (6 mand), 1877 (1 mand), 1882 (4 mand) og 1883 (4 mand), samt to pigers mystiske forsvinden p\u00e5 vej fra Leirv\u00edk til Ei\u00f0i i 1875.<\/p>\n<p>Det almene kendskab til de n\u00e6vnte begivenheder er i vidt omfang baseret p\u00e5 mundtlige overleveringer samt i nogle tilf\u00e6lde udokumenterede skriftlige beretninger. Det sidste g\u00e6lder ikke mindst for omst\u00e6ndighederne omkring de to forsvundne piger. Bogen giver en kritisk gennemgang af de kilder, der findes til belysning af de fem begivenheder. Herved kan der ikke alene gives en detaljeret beskrivelse af begivenhederne og de involverede leirv\u00edkinger, men i flere tilf\u00e6lde ogs\u00e5 peges p\u00e5 mulige forklaringer p\u00e5, hvorfor det gik galt.<\/p>\n<p>Bogen er udgivet med st\u00f8tte fra\u00a0Leirv\u00edkar kommuna,\u00a0Eystur kommuna, Pf. Faroe Marine Products, Sp\/f S\u00e6borg,\u00a0Sp\/f Tavan, Fj\u00f8lritagrunnin, F\u00f8roya L\u00edvstrygging P\/f, Mentanargrunn Landsins,\u00a0Lions Eysturoy, SP\/F El-Teknik, samt Tryggingarfelagi\u00f0 F\u00f8royar og Betri pensj\u00f3n.<\/p>\n<p>\u2022 <a href=\"http:\/\/www.kringvarp.fo\/Archive_Articles\/2011\/11\/07\/Tv%C3%A6r%20gentir%20hvurvu%20%C3%A1%20g%C3%A1tuf%C3%B8ran%20h%C3%A1tt\" target=\"_blank\">Radio interview fra \u00datvarp F\u00f8roya<\/a><\/p>\n<p>Anmeldelse af Norbert B. Vogt:<br \/>\n<i>\u201cSteffen Stummann Hansens Buch \u00fcber ein tragisches Kapitel in der Geschichte Leirv\u00edks ist gut recherchiert und packend geschrieben. Die gelungene Mischung aus Quellentexten, lebendigen Schilderungen und klug abgewogenen Erkl\u00e4rungsversuchen f\u00fcr die Ursachen der einzelnen Ungl\u00fccke, die Beigabe zahlreicher historischer Fotografien, von Dokumenten und Kartenskizzen macht das Buch zu einer lehrreichen Lekt\u00fcre.\u201c<\/i> <a href=\"http:\/\/historypressfaroeislands.com\/dansk\/forlagets-udgivelser\/eitt-feigdartiggjuar-i-leirvikar-sogu\/review\/\">L\u00e6s anmeldelse her<\/a> (p\u00e5 tysk)<\/p>\n","protected":false},"excerpt":{"rendered":"<p>Eitt feigdar\u00e1rat\u00edggju \u00ed Leirv\u00edkar s\u00f8gu 1874-1883. Steffen Stummann Hansen Forlagi\u00f0 S\u00f8ga F\u00f8roya\/ History Press Faroe Islands 2011 h Format: 17,0 x 24,0 cm. 112 sider, 57 ill. (farve) Pris: 150,00 kr. (+ forsendelse) Bogen er i boghandlerne fra den 3. &hellip; <a href=\"https:\/\/historypressfaroeislands.com\/dansk\/forlagets-udgivelser\/eitt-feigdartiggjuar-i-leirvikar-sogu\/\">Continue reading <span class=\"meta-nav\">&rarr;<\/span><\/a><\/p>\n","protected":false},"author":4,"featured_media":0,"parent":7,"menu_order":0,"comment_status":"closed","ping_status":"closed","template":"","meta":{"footnotes":""},"class_list":["post-510","page","type-page","status-publish","hentry"],"_links":{"self":[{"href":"https:\/\/historypressfaroeislands.com\/dansk\/wp-json\/wp\/v2\/pages\/510","targetHints":{"allow":["GET"]}}],"collection":[{"href":"https:\/\/historypressfaroeislands.com\/dansk\/wp-json\/wp\/v2\/pages"}],"about":[{"href":"https:\/\/historypressfaroeislands.com\/dansk\/wp-json\/wp\/v2\/types\/page"}],"author":[{"embeddable":true,"href":"https:\/\/historypressfaroeislands.com\/dansk\/wp-json\/wp\/v2\/users\/4"}],"replies":[{"embeddable":true,"href":"https:\/\/historypressfaroeislands.com\/dansk\/wp-json\/wp\/v2\/comments?post=510"}],"version-history":[{"count":1,"href":"https:\/\/historypressfaroeislands.com\/dansk\/wp-json\/wp\/v2\/pages\/510\/revisions"}],"predecessor-version":[{"id":1127,"href":"https:\/\/historypressfaroeislands.com\/dansk\/wp-json\/wp\/v2\/pages\/510\/revisions\/1127"}],"up":[{"embeddable":true,"href":"https:\/\/historypressfaroeislands.com\/dansk\/wp-json\/wp\/v2\/pages\/7"}],"wp:attachment":[{"href":"https:\/\/historypressfaroeislands.com\/dansk\/wp-json\/wp\/v2\/media?parent=510"}],"curies":[{"name":"wp","href":"https:\/\/api.w.org\/{rel}","templated":true}]}}