{"id":38,"date":"2010-12-02T10:39:16","date_gmt":"2010-12-02T10:39:16","guid":{"rendered":"http:\/\/historypressfaroeislands.com\/dansk\/"},"modified":"2010-12-02T10:39:16","modified_gmt":"2010-12-02T10:39:16","slug":"links","status":"publish","type":"page","link":"https:\/\/historypressfaroeislands.com\/dansk\/links\/","title":{"rendered":"Links"},"content":{"rendered":"<p><span style=\"color: #ffffff;\">\u2022<\/span><span style=\"color: #ffffff;\">\u2022<\/span>\u2022 <a href=\"http:\/\/www.jenskjeld.info\" target=\"_blank\">F\u00e6r\u00f8sk natur- og kulturhistorie<\/a> &#8211; www.jenskjeld.info<br \/>\n<span style=\"color: #ffffff;\">\u2022<\/span> \u2022 <a href=\"http:\/\/www.instarch.is\" target=\"_blank\">Institut for Ark\u00e6ologi, Island<\/a> &#8211; www.instarch.is<br \/>\n<span style=\"color: #ffffff;\">\u2022<\/span> \u2022 <a href=\"http:\/\/www.wiley.com\/bw\/journal.asp?ref=0065-101X\" target=\"_blank\">Acta Archaeologica<\/a>. Archaeology: Nordic, European,  World.<br \/>\n<span style=\"color: #ffffff;\">\u2022<\/span> \u2022 <a href=\"http:\/\/www.faeroeer.de\/\" target=\"_blank\">Deutsch-F\u00e4r\u00f6ischen Freundeskreise e. V. T\u00fdskt-F\u00f8royskt Vinafelag<\/a>. www.faeroeer.de<\/p>\n","protected":false},"excerpt":{"rendered":"<p>\u2022\u2022\u2022 F\u00e6r\u00f8sk natur- og kulturhistorie &#8211; www.jenskjeld.info \u2022 \u2022 Institut for Ark\u00e6ologi, Island &#8211; www.instarch.is \u2022 \u2022 Acta Archaeologica. Archaeology: Nordic, European, World. \u2022 \u2022 Deutsch-F\u00e4r\u00f6ischen Freundeskreise e. V. T\u00fdskt-F\u00f8royskt Vinafelag. www.faeroeer.de<\/p>\n","protected":false},"author":4,"featured_media":0,"parent":0,"menu_order":6,"comment_status":"closed","ping_status":"closed","template":"","meta":{"footnotes":""},"class_list":["post-38","page","type-page","status-publish","hentry"],"_links":{"self":[{"href":"https:\/\/historypressfaroeislands.com\/dansk\/wp-json\/wp\/v2\/pages\/38","targetHints":{"allow":["GET"]}}],"collection":[{"href":"https:\/\/historypressfaroeislands.com\/dansk\/wp-json\/wp\/v2\/pages"}],"about":[{"href":"https:\/\/historypressfaroeislands.com\/dansk\/wp-json\/wp\/v2\/types\/page"}],"author":[{"embeddable":true,"href":"https:\/\/historypressfaroeislands.com\/dansk\/wp-json\/wp\/v2\/users\/4"}],"replies":[{"embeddable":true,"href":"https:\/\/historypressfaroeislands.com\/dansk\/wp-json\/wp\/v2\/comments?post=38"}],"version-history":[{"count":0,"href":"https:\/\/historypressfaroeislands.com\/dansk\/wp-json\/wp\/v2\/pages\/38\/revisions"}],"wp:attachment":[{"href":"https:\/\/historypressfaroeislands.com\/dansk\/wp-json\/wp\/v2\/media?parent=38"}],"curies":[{"name":"wp","href":"https:\/\/api.w.org\/{rel}","templated":true}]}}