{"id":373,"date":"2011-06-11T06:31:38","date_gmt":"2011-06-11T06:31:38","guid":{"rendered":"http:\/\/historypressfaroeislands.com\/dansk\/"},"modified":"2011-06-11T06:31:38","modified_gmt":"2011-06-11T06:31:38","slug":"historisk-sten","status":"publish","type":"page","link":"https:\/\/historypressfaroeislands.com\/dansk\/fortidsminder\/historisk-sten\/","title":{"rendered":"Funningsmannasteinur &#8211; historisk sten m\u00e5tte vige pladsen"},"content":{"rendered":"<p><a href=\"http:\/\/historypressfaroeislands.com\/images\/a1.jpg\"><img decoding=\"async\" class=\"size-medium wp-image-268 alignleft\" title=\"Historisk sten forlader sin plads\" src=\"http:\/\/historypressfaroeislands.com\/images\/a1s.jpg\" alt=\"\" \/><\/a>I forbindelse med den nye vejf\u00f8ring ud for den gamle kystlinie i Leirv\u00edk forsvandt den 20. januar 2011\u00a0endnu en del af det \u2013 i forvejen sparsomt bevarede \u2013 historiske milj\u00f8 i bygden.<\/p>\n<p>Der er tale om den s\u00e5kaldte <em>Funningsmannasteinur<\/em>, der var beliggende i vandet ca. 10-15 meter ud fra kystlinien p\u00e5 Toftanes.<\/p>\n<p>&#8220;Funningsmanden&#8221;, der angiveligt har givet navn til stenen, er Heini Andreesen (1771-1850) \u2013 Heini b\u00f3ndi \u00ed J\u00e1kupsstovu \u00ed Funningsgj\u00f3gv. Petur Jacob Sigvardsen beskriver episoden p\u00e5 side 262 i sin bog <em>\u00dar Gj\u00e1ar s\u00f8gu. Gamla t\u00ed\u00f0in 2<\/em> (T\u00f3rshavn 2001):<\/p>\n<p><a href=\"http:\/\/historypressfaroeislands.com\/images\/a3.jpg\"><img loading=\"lazy\" decoding=\"async\" class=\"size-medium wp-image-268 alignright\" title=\"Historisk sten forlader sin plads\" src=\"http:\/\/historypressfaroeislands.com\/images\/a3s.jpg\" alt=\"\" width=\"240\" height=\"165\" \/><\/a><\/p>\n<p>\u00bbHeini var tilitikin at vera or\u00f0ar\u00edkur ma\u00f0ur. Si\u00f0ur var undan j\u00f3lum at fara til Havnar tilhandils vi\u00f0 \u00f8llum teimum v\u00f8rum, sum virka\u00f0ar v\u00f3ru \u00ed heiminum, og at keypa ta\u00f0, i\u00f0 t\u00f8rva\u00f0i av handilsv\u00f8rum.<br \/>\nEinafer\u00f0, t\u00e1 i\u00f0 teir f\u00f3ru nor\u00f0ur aftur, og myrkt var \u00e1 kv\u00f8ldi, men gott ve\u00f0ur, r\u00f3\u00f0u teir seg upp \u00e1 land vi\u00f0 Leirv\u00edk. Eingin var mannska\u00f0in; men teir mistu allan farmin og teir 100 r\u00edkisd\u00e1larnar, sum Heini hev\u00f0i \u00ed matskr\u00edninum.T\u00e1 i\u00f0 Leirv\u00edksf\u00f3lk harma\u00f0ust um ta\u00f0, i\u00f0 hent var, svara\u00f0i Heini: \u201eEinki er at harmast um: ska\u00f0in er l\u00edtil, men skommin er st\u00f3r at r\u00f3gva seg \u00e1 land!\u201c\u00ab.<\/p>\n<p>\u00bbHeini var kendt for at v\u00e6re en ordrig mand. Han havde den tradition ved juletid at tage til T\u00f3rshavn for at handle med alle de varer, som var lavet i hans hjem, og for at k\u00f8be de handelsvarer, som de havde brug for.<br \/>\nEn gang, da de en m\u00f8rk aften, men i godt vejr, var p\u00e5 vej nordp\u00e5, roede de p\u00e5 land i Leirvik. Der var ingen, der kom til skade, men de mistede hele lasten og de 100 rigsdaler, som Heini havde i madkassen.<br \/>\nDa folkene fra Leirvik beklagede det, der var h\u00e6ndt, svarede Heini: \u201eDer er ikke noget at beklage: skaden er lille, men det er en stor skam at ro p\u00e5 land!\u201c\u00ab.<\/p>\n<p><a href=\"http:\/\/historypressfaroeislands.com\/images\/a2.jpg\"><img decoding=\"async\" class=\"size-medium wp-image-268 alignleft\" title=\"Historisk sten forlader sin plads\" src=\"http:\/\/historypressfaroeislands.com\/images\/a2s.jpg\" alt=\"\" \/><\/a><br \/>\nEfter aftale blev <em>Funningsmannasteinur<\/em> bj\u00e6rget inden opfyldningen af denne del af havnen og kan nu\u00a0ses p\u00e5 hj\u00f8rnet ved vejen, der f\u00f8rer ned til\u00a0f\u00e6rgelejet ud for Toftanes.<\/p>\n","protected":false},"excerpt":{"rendered":"<p>I forbindelse med den nye vejf\u00f8ring ud for den gamle kystlinie i Leirv\u00edk forsvandt den 20. januar 2011\u00a0endnu en del af det \u2013 i forvejen sparsomt bevarede \u2013 historiske milj\u00f8 i bygden. Der er tale om den s\u00e5kaldte Funningsmannasteinur, der &hellip; <a href=\"https:\/\/historypressfaroeislands.com\/dansk\/fortidsminder\/historisk-sten\/\">Continue reading <span class=\"meta-nav\">&rarr;<\/span><\/a><\/p>\n","protected":false},"author":4,"featured_media":0,"parent":713,"menu_order":4,"comment_status":"closed","ping_status":"closed","template":"","meta":{"footnotes":""},"class_list":["post-373","page","type-page","status-publish","hentry"],"_links":{"self":[{"href":"https:\/\/historypressfaroeislands.com\/dansk\/wp-json\/wp\/v2\/pages\/373","targetHints":{"allow":["GET"]}}],"collection":[{"href":"https:\/\/historypressfaroeislands.com\/dansk\/wp-json\/wp\/v2\/pages"}],"about":[{"href":"https:\/\/historypressfaroeislands.com\/dansk\/wp-json\/wp\/v2\/types\/page"}],"author":[{"embeddable":true,"href":"https:\/\/historypressfaroeislands.com\/dansk\/wp-json\/wp\/v2\/users\/4"}],"replies":[{"embeddable":true,"href":"https:\/\/historypressfaroeislands.com\/dansk\/wp-json\/wp\/v2\/comments?post=373"}],"version-history":[{"count":0,"href":"https:\/\/historypressfaroeislands.com\/dansk\/wp-json\/wp\/v2\/pages\/373\/revisions"}],"up":[{"embeddable":true,"href":"https:\/\/historypressfaroeislands.com\/dansk\/wp-json\/wp\/v2\/pages\/713"}],"wp:attachment":[{"href":"https:\/\/historypressfaroeislands.com\/dansk\/wp-json\/wp\/v2\/media?parent=373"}],"curies":[{"name":"wp","href":"https:\/\/api.w.org\/{rel}","templated":true}]}}