{"id":34,"date":"2010-12-02T10:37:48","date_gmt":"2010-12-02T10:37:48","guid":{"rendered":"http:\/\/historypressfaroeislands.com\/dansk\/"},"modified":"2010-12-02T10:37:48","modified_gmt":"2010-12-02T10:37:48","slug":"roterende-slibesten","status":"publish","type":"page","link":"https:\/\/historypressfaroeislands.com\/dansk\/downloads\/gronland\/roterende-slibesten\/","title":{"rendered":"Roterende slibesten"},"content":{"rendered":"<p><span style=\"color: #ffffff;\">\u2022 <\/span><br \/>\n<a href=\"http:\/\/www.tidsskriftetgronland.dk\/archive\/2001-8-Artikel02.pdf\" target=\"_blank\"><img decoding=\"async\" class=\"alignleft\" title=\"Roterende slibesten. Et up\u00e5agtet nordbofund fra \u00d8sterbygden.\" src=\"http:\/\/historypressfaroeislands.com\/images\/slibesten.jpg\" alt=\"Download Roterende slibesten. Et up\u00e5agtet nordbofund fra \u00d8sterbygden.\" \/><\/a><em>Steffen Stummann Hansen &amp; John Sheehan<\/em>:<em><br \/>\n<\/em>Roterende slibesten. Et up\u00e5agtet nordbofund fra \u00d8sterbygden.<br \/>\n<em>Tidsskriftet<\/em> <em>Gr\u00f8nland <\/em>2001:8, 289-292.<\/p>\n<p>\u2022 <a title=\"Download Roterende slibesten. Et up\u00e5agtet nordbofund fra \u00d8sterbygden.\" href=\"http:\/\/www.tidsskriftetgronland.dk\/archive\/2001-8-Artikel02.pdf\" target=\"_blank\">Download artiklen gratis i pdf-format<\/a><br \/>\n<span style=\"color: #ffffff;\">\u2022 <\/span><br \/>\n<span style=\"color: #ffffff;\">\u2022 <\/span><br \/>\n<span style=\"color: #ffffff;\">\u2022 <\/span><br \/>\n<span style=\"color: #ffffff;\">\u2022 <\/span><br \/>\n<span style=\"color: #ffffff;\">\u2022 <\/span><br \/>\n<span style=\"color: #ffffff;\">\u2022 <\/span><br \/>\n<span style=\"color: #ffffff;\">\u2022 <\/span><br \/>\nDa historikeren Poul N\u00f8rlund (1888-1951) fra Danmark Nationalmuseum og den svenske ark\u00e6olog M\u00e5rten Stenberger (1898-1973) i sommeren 1932 i Qassiarsuk i Sydgr\u00f8nland udgravede, hvad man formodede var Erik den R\u00f8des g\u00e5rd Brattahlid, foretog man ogs\u00e5 udgravninger p\u00e5 omkringliggende nordbog\u00e5rde. P\u00e5 en af disse &#8211; <em>Elvg\u00e5rden<\/em> &#8211; fandt man blandt andet et fragment af en cylindrisk eller skiveformet stengenstand, som N\u00f8rlund ikke kunne finde paralleller til. Der er tale om en s\u00e5kaldt roterende slibesten, og artiklen beskriver og diskuterer lignende fund fra Island, Skandinavien, Skotland og Irland.<\/p>\n","protected":false},"excerpt":{"rendered":"<p>\u2022 Steffen Stummann Hansen &amp; John Sheehan: Roterende slibesten. Et up\u00e5agtet nordbofund fra \u00d8sterbygden. Tidsskriftet Gr\u00f8nland 2001:8, 289-292. \u2022 Download artiklen gratis i pdf-format \u2022 \u2022 \u2022 \u2022 \u2022 \u2022 \u2022 Da historikeren Poul N\u00f8rlund (1888-1951) fra Danmark Nationalmuseum og &hellip; <a href=\"https:\/\/historypressfaroeislands.com\/dansk\/downloads\/gronland\/roterende-slibesten\/\">Continue reading <span class=\"meta-nav\">&rarr;<\/span><\/a><\/p>\n","protected":false},"author":4,"featured_media":0,"parent":331,"menu_order":7,"comment_status":"closed","ping_status":"closed","template":"","meta":{"footnotes":""},"class_list":["post-34","page","type-page","status-publish","hentry"],"_links":{"self":[{"href":"https:\/\/historypressfaroeislands.com\/dansk\/wp-json\/wp\/v2\/pages\/34","targetHints":{"allow":["GET"]}}],"collection":[{"href":"https:\/\/historypressfaroeislands.com\/dansk\/wp-json\/wp\/v2\/pages"}],"about":[{"href":"https:\/\/historypressfaroeislands.com\/dansk\/wp-json\/wp\/v2\/types\/page"}],"author":[{"embeddable":true,"href":"https:\/\/historypressfaroeislands.com\/dansk\/wp-json\/wp\/v2\/users\/4"}],"replies":[{"embeddable":true,"href":"https:\/\/historypressfaroeislands.com\/dansk\/wp-json\/wp\/v2\/comments?post=34"}],"version-history":[{"count":0,"href":"https:\/\/historypressfaroeislands.com\/dansk\/wp-json\/wp\/v2\/pages\/34\/revisions"}],"up":[{"embeddable":true,"href":"https:\/\/historypressfaroeislands.com\/dansk\/wp-json\/wp\/v2\/pages\/331"}],"wp:attachment":[{"href":"https:\/\/historypressfaroeislands.com\/dansk\/wp-json\/wp\/v2\/media?parent=34"}],"curies":[{"name":"wp","href":"https:\/\/api.w.org\/{rel}","templated":true}]}}