{"id":331,"date":"2011-06-11T06:04:56","date_gmt":"2011-06-11T06:04:56","guid":{"rendered":"http:\/\/historypressfaroeislands.com\/dansk\/"},"modified":"2011-06-11T06:04:56","modified_gmt":"2011-06-11T06:04:56","slug":"gronland","status":"publish","type":"page","link":"https:\/\/historypressfaroeislands.com\/dansk\/downloads\/gronland\/","title":{"rendered":"Gr\u00f8nland"},"content":{"rendered":"<p><a href=\"http:\/\/historypressfaroeislands.com\/dansk\/downloads\/gronland\/roterende-slibesten\/\"><img loading=\"lazy\" decoding=\"async\" class=\"alignleft\" title=\"Toftanes \u2013 en vikingetidsg\u00e5rd i Leirv\u00edk.\" alt=\"Toftanes \u2013 en vikingetidsg\u00e5rd i Leirv\u00edk.\" src=\"http:\/\/historypressfaroeislands.com\/images\/g3.jpg\" width=\"125\" height=\"135\" \/><\/a><em><i>Steffen Stummann Hansen &amp; John Sheehan<\/i>: <\/em><em><br \/>\n<\/em>Roterende slibesten. Et up\u00e5agtet nordbofund fra \u00d8sterbygden.<br \/>\n<em>Tidsskriftet<\/em> <em>Gr\u00f8nland <\/em>2001:8, 289-292.<\/p>\n<p>\u2022 <a href=\"http:\/\/historypressfaroeislands.com\/dansk\/downloads\/gronland\/roterende-slibesten\/\" target=\"_self\">L\u00e6s mere<\/a><\/p>\n<hr \/>\n<p><a href=\"http:\/\/historypressfaroeislands.com\/dansk\/downloads\/gronland\/how-to-get-at-a-man-in-greenland\/\"><img loading=\"lazy\" decoding=\"async\" class=\"alignleft\" title=\"P\u00e5 Vandring i N\u00f3lsoys Fortid.\" alt=\"P\u00e5 Vandring i N\u00f3lsoys Fortid.\" src=\"http:\/\/historypressfaroeislands.com\/images\/g2.jpg\" width=\"125\" height=\"135\" \/><\/a><em> <\/em><em> <\/em><em> <\/em><em>Steffen Stummann Hansen:<\/em><br \/>\n\u00bbHow to get at a man in Greenland I don\u2019t know\u00ab. Aage Roussell og hans Orkney forbindelse. Tidsskriftet Gr\u00f8nland 2000:1, 5-20.<\/p>\n<p>\u2022 <a href=\"http:\/\/historypressfaroeislands.com\/dansk\/downloads\/gronland\/how-to-get-at-a-man-in-greenland\/\" target=\"_self\">L\u00e6s mere<\/a><\/p>\n<hr \/>\n<p><a href=\"http:\/\/historypressfaroeislands.com\/dansk\/downloads\/gronland\/vi-kaldte-den-nordbodalen\/\" target=\"_self\"><img decoding=\"async\" class=\"alignleft\" alt=\"Medieval Farmsteads in Greenland\" src=\"http:\/\/historypressfaroeislands.com\/images\/g1.jpg\" \/><\/a><em> <\/em><em> <\/em><em> <\/em><em>Steffen Stummann Hansen:<\/em><br \/>\nVi kaldte den Nordbodalen. Gudmund Hatts rejse til Gr\u00f8nland i 1932.<br \/>\nTidsskriftet Gr\u00f8nland 1999:2, 57-75.<\/p>\n<p>\u2022 <a href=\"http:\/\/historypressfaroeislands.com\/dansk\/downloads\/gronland\/vi-kaldte-den-nordbodalen\/\" target=\"_self\">L\u00e6s mere<\/a><\/p>\n<hr \/>\n","protected":false},"excerpt":{"rendered":"<p>Steffen Stummann Hansen &amp; John Sheehan: Roterende slibesten. Et up\u00e5agtet nordbofund fra \u00d8sterbygden. Tidsskriftet Gr\u00f8nland 2001:8, 289-292. \u2022 L\u00e6s mere Steffen Stummann Hansen: \u00bbHow to get at a man in Greenland I don\u2019t know\u00ab. Aage Roussell og hans Orkney forbindelse. &hellip; <a href=\"https:\/\/historypressfaroeislands.com\/dansk\/downloads\/gronland\/\">Continue reading <span class=\"meta-nav\">&rarr;<\/span><\/a><\/p>\n","protected":false},"author":4,"featured_media":0,"parent":118,"menu_order":3,"comment_status":"closed","ping_status":"closed","template":"","meta":{"footnotes":""},"class_list":["post-331","page","type-page","status-publish","hentry"],"_links":{"self":[{"href":"https:\/\/historypressfaroeislands.com\/dansk\/wp-json\/wp\/v2\/pages\/331","targetHints":{"allow":["GET"]}}],"collection":[{"href":"https:\/\/historypressfaroeislands.com\/dansk\/wp-json\/wp\/v2\/pages"}],"about":[{"href":"https:\/\/historypressfaroeislands.com\/dansk\/wp-json\/wp\/v2\/types\/page"}],"author":[{"embeddable":true,"href":"https:\/\/historypressfaroeislands.com\/dansk\/wp-json\/wp\/v2\/users\/4"}],"replies":[{"embeddable":true,"href":"https:\/\/historypressfaroeislands.com\/dansk\/wp-json\/wp\/v2\/comments?post=331"}],"version-history":[{"count":0,"href":"https:\/\/historypressfaroeislands.com\/dansk\/wp-json\/wp\/v2\/pages\/331\/revisions"}],"up":[{"embeddable":true,"href":"https:\/\/historypressfaroeislands.com\/dansk\/wp-json\/wp\/v2\/pages\/118"}],"wp:attachment":[{"href":"https:\/\/historypressfaroeislands.com\/dansk\/wp-json\/wp\/v2\/media?parent=331"}],"curies":[{"name":"wp","href":"https:\/\/api.w.org\/{rel}","templated":true}]}}