{"id":329,"date":"2011-06-11T06:04:46","date_gmt":"2011-06-11T06:04:46","guid":{"rendered":"http:\/\/historypressfaroeislands.com\/dansk\/"},"modified":"2011-06-11T06:04:46","modified_gmt":"2011-06-11T06:04:46","slug":"island","status":"publish","type":"page","link":"https:\/\/historypressfaroeislands.com\/dansk\/downloads\/island\/","title":{"rendered":"Island"},"content":{"rendered":"<p><a href=\"http:\/\/historypressfaroeislands.com\/dansk\/downloads\/island\/heimfero\/\" target=\"_self\"><img decoding=\"async\" class=\"alignleft\" src=\"http:\/\/historypressfaroeislands.com\/images\/i1.png\" alt=\"Medieval Farmsteads in Greenland\" \/><\/a><em> <\/em><em> <\/em><em>Steffen Stummann Hansen:<\/em><br \/>\nHeimfer\u00f0 um \u00cdsland. Danskir s\u00e9rfr\u00e6\u00f0ingar \u00ed menningars\u00f6gu \u00e1 fer\u00f0 \u00e1 \u00cdslandi 1932. \u00c1rb\u00f3k hins \u00edslenzka fornleifaf\u00e9lag (2006-2007), 85-116. Reykjav\u00edk 2008.<\/p>\n<p>\u2022 <a href=\"http:\/\/historypressfaroeislands.com\/dansk\/downloads\/island\/heimfero\/\" target=\"_self\">L\u00e6s mere<\/a><\/p>\n<hr \/>\n<p><a href=\"http:\/\/historypressfaroeislands.com\/dansk\/downloads\/island\/pompei-islands\/\"><img loading=\"lazy\" decoding=\"async\" class=\"alignleft\" title=\"P\u00e5 Vandring i N\u00f3lsoys Fortid.\" src=\"http:\/\/historypressfaroeislands.com\/images\/i2.png\" alt=\"P\u00e5 Vandring i N\u00f3lsoys Fortid.\" width=\"125\" height=\"135\" \/><\/a><em> <\/em><em> <\/em><em> <\/em><em>Steffen Stummann Hansen:<\/em><br \/>\nPompei \u00cdslands. Norr\u00e6ni fornleifalei\u00f0angurinn \u00ed \u00dej\u00f3rs\u00e1rdal 1939.<br \/>\n\u00c1rb\u00f3k hins \u00edslenzka fornleifaf\u00e9lag (2000-2001), 69-112. Reykjav\u00edk 2003.<\/p>\n<p>\u2022 <a href=\"http:\/\/historypressfaroeislands.com\/dansk\/downloads\/island\/pompei-islands\/\" target=\"_self\">L\u00e6s mere<\/a><\/p>\n<hr \/>\n<p><a href=\"http:\/\/historypressfaroeislands.com\/dansk\/downloads\/island\/archaeological-investigations\/\"><img loading=\"lazy\" decoding=\"async\" class=\"alignleft\" title=\"Toftanes \u2013 en vikingetidsg\u00e5rd i Leirv\u00edk.\" src=\"http:\/\/historypressfaroeislands.com\/images\/i3.png\" alt=\"Toftanes \u2013 en vikingetidsg\u00e5rd i Leirv\u00edk.\" width=\"125\" height=\"135\" \/><\/a><em> <\/em><em> <\/em><em> <\/em><em>Steffen Stummann Hansen &amp; Orri V\u00e9steinsson eds.:<br \/>\n<\/em>Archaeological investigations in \u00dej\u00f3rs\u00e1rdalur 2001.<br \/>\nFornleifastofnun \u00cdslands 2002<\/p>\n<p>\u2022 <a href=\"http:\/\/historypressfaroeislands.com\/dansk\/downloads\/island\/archaeological-investigations\/\" target=\"_self\">L\u00e6s mere<\/a><\/p>\n<hr \/>\n","protected":false},"excerpt":{"rendered":"<p>Steffen Stummann Hansen: Heimfer\u00f0 um \u00cdsland. Danskir s\u00e9rfr\u00e6\u00f0ingar \u00ed menningars\u00f6gu \u00e1 fer\u00f0 \u00e1 \u00cdslandi 1932. \u00c1rb\u00f3k hins \u00edslenzka fornleifaf\u00e9lag (2006-2007), 85-116. Reykjav\u00edk 2008. \u2022 L\u00e6s mere Steffen Stummann Hansen: Pompei \u00cdslands. Norr\u00e6ni fornleifalei\u00f0angurinn \u00ed \u00dej\u00f3rs\u00e1rdal 1939. \u00c1rb\u00f3k hins \u00edslenzka fornleifaf\u00e9lag &hellip; <a href=\"https:\/\/historypressfaroeislands.com\/dansk\/downloads\/island\/\">Continue reading <span class=\"meta-nav\">&rarr;<\/span><\/a><\/p>\n","protected":false},"author":4,"featured_media":0,"parent":118,"menu_order":2,"comment_status":"closed","ping_status":"closed","template":"","meta":{"footnotes":""},"class_list":["post-329","page","type-page","status-publish","hentry"],"_links":{"self":[{"href":"https:\/\/historypressfaroeislands.com\/dansk\/wp-json\/wp\/v2\/pages\/329","targetHints":{"allow":["GET"]}}],"collection":[{"href":"https:\/\/historypressfaroeislands.com\/dansk\/wp-json\/wp\/v2\/pages"}],"about":[{"href":"https:\/\/historypressfaroeislands.com\/dansk\/wp-json\/wp\/v2\/types\/page"}],"author":[{"embeddable":true,"href":"https:\/\/historypressfaroeislands.com\/dansk\/wp-json\/wp\/v2\/users\/4"}],"replies":[{"embeddable":true,"href":"https:\/\/historypressfaroeislands.com\/dansk\/wp-json\/wp\/v2\/comments?post=329"}],"version-history":[{"count":0,"href":"https:\/\/historypressfaroeislands.com\/dansk\/wp-json\/wp\/v2\/pages\/329\/revisions"}],"up":[{"embeddable":true,"href":"https:\/\/historypressfaroeislands.com\/dansk\/wp-json\/wp\/v2\/pages\/118"}],"wp:attachment":[{"href":"https:\/\/historypressfaroeislands.com\/dansk\/wp-json\/wp\/v2\/media?parent=329"}],"curies":[{"name":"wp","href":"https:\/\/api.w.org\/{rel}","templated":true}]}}