{"id":327,"date":"2011-06-11T06:04:31","date_gmt":"2011-06-11T06:04:31","guid":{"rendered":"http:\/\/historypressfaroeislands.com\/dansk\/"},"modified":"2011-06-11T06:04:31","modified_gmt":"2011-06-11T06:04:31","slug":"faeroerne","status":"publish","type":"page","link":"https:\/\/historypressfaroeislands.com\/dansk\/downloads\/faeroerne\/","title":{"rendered":"F\u00e6r\u00f8erne"},"content":{"rendered":"<p><a href=\"http:\/\/historypressfaroeislands.com\/dansk\/downloads\/faeroerne\/a-scalped-peatscape-on-nolsoy-faroe-islands\/\"><img loading=\"lazy\" decoding=\"async\" class=\"alignleft\" title=\"Toftanes \u2013 en vikingetidsg\u00e5rd i Leirv\u00edk.\" alt=\"Toftanes \u2013 en vikingetidsg\u00e5rd i Leirv\u00edk.\" src=\"http:\/\/historypressfaroeislands.com\/images\/1\/Kevin_J_small.jpg\" width=\"125\" height=\"135\" \/><\/a><em> <\/em><em> <\/em><em>Kevin J. Edwards, Steffen Stummann Hansen &amp; Gunnar Bjarnason<\/em><em>:<\/em><br \/>\nA scalped peatscape on N\u00f3lsoy, Faroe Islands.<br \/>\n<em>Fr\u00f3\u00f0skaparrit<\/em> 59 (2011), 122-132.<\/p>\n<p>\u2022 <a href=\"http:\/\/historypressfaroeislands.com\/dansk\/downloads\/faeroerne\/a-scalped-peatscape-on-nolsoy-faroe-islands\/\" target=\"_self\">L\u00e6s mere<\/a><\/p>\n<hr \/>\n<p><a href=\"http:\/\/historypressfaroeislands.com\/dansk\/downloads\/faeroerne\/hvem-var-her-foerst\/\"><img loading=\"lazy\" decoding=\"async\" class=\"alignleft\" title=\"Toftanes \u2013 en vikingetidsg\u00e5rd i Leirv\u00edk.\" alt=\"Toftanes \u2013 en vikingetidsg\u00e5rd i Leirv\u00edk.\" src=\"http:\/\/historypressfaroeislands.com\/images\/f3.jpg\" width=\"125\" height=\"135\" \/><\/a><em> <\/em><em> <\/em><em>Steffen Stummann Hansen:<\/em><br \/>\nHvem var her f\u00f8rst \u2013 skandinaver eller irere?<br \/>\nAtlantic Review (autumn 2008) p. 48-54.<\/p>\n<p>\u2022 <a href=\"http:\/\/historypressfaroeislands.com\/dansk\/downloads\/faeroerne\/hvem-var-her-foerst\/\" target=\"_self\">L\u00e6s mere<\/a><\/p>\n<hr \/>\n<p><a href=\"http:\/\/historypressfaroeislands.com\/dansk\/downloads\/faeroerne\/toftum\/\"><img loading=\"lazy\" decoding=\"async\" class=\"alignleft\" alt=\"\" src=\"http:\/\/historypressfaroeislands.com\/images\/Toftum2.jpg\" width=\"125\" height=\"135\" \/><\/a><em> <\/em><em>Anna Katrin Matras<\/em><br \/>\nNi\u00f0ri \u00ed Toftum<br \/>\nLeiker \u00ed lund. Klaksv\u00edk 2008, 22-24.<\/p>\n<p>\u2022 <a href=\"http:\/\/historypressfaroeislands.com\/dansk\/downloads\/faeroerne\/toftum\/\" target=\"_self\">L\u00e6s mere<\/a><\/p>\n<hr \/>\n<p><a href=\"http:\/\/historypressfaroeislands.com\/dansk\/downloads\/faeroerne\/i-korsets-tegn\/\"><img loading=\"lazy\" decoding=\"async\" class=\"alignleft\" title=\"Medieval Farmsteads in Greenland Steffen Stummann Hansen: Toftanes \u2013 a Viking-Age Farmstead in Leirv\u00edk.\" alt=\"Medieval Farmsteads in Greenland Steffen Stummann Hansen: Toftanes \u2013 a Viking-Age Farmstead in Leirv\u00edk.\" src=\"http:\/\/historypressfaroeislands.com\/images\/f4.png\" width=\"125\" height=\"135\" \/><\/a><em> <\/em><em> <\/em><em>Steffen Stummann Hansen: <\/em><em><br \/>\n<\/em>I Korsets Tegn. Kristendommen i Leirv\u00edks \u00e6ldste historie.<br \/>\nKirkjur\u00e1\u00f0i\u00f0 \u00ed Leirv\u00edk. 2006.<\/p>\n<p>\u2022 <a href=\"http:\/\/historypressfaroeislands.com\/dansk\/downloads\/faeroerne\/i-korsets-tegn\/\" target=\"_self\">L\u00e6s mere<\/a><\/p>\n<hr \/>\n<p><a href=\"http:\/\/historypressfaroeislands.com\/dansk\/downloads\/faeroerne\/faeroeske-fortidsminder-gar-til-havs\/\"><img loading=\"lazy\" decoding=\"async\" class=\"alignleft\" title=\"Toftanes \u2013 en vikingetidsg\u00e5rd i Leirv\u00edk.\" alt=\"Toftanes \u2013 en vikingetidsg\u00e5rd i Leirv\u00edk.\" src=\"http:\/\/historypressfaroeislands.com\/images\/1\/fortidsminder_gaar_til_havs_small.jpg\" width=\"125\" height=\"135\" \/><\/a><em> <\/em><em> <\/em><em>Steffen Stummann Hansen:<\/em><br \/>\nF\u00e6r\u00f8ske fortidsminder g\u00e5r til havs.<br \/>\nAktuel Ark\u00e6ologi 7, 2005, 30-32.<\/p>\n<p>\u2022 <a href=\"http:\/\/historypressfaroeislands.com\/dansk\/downloads\/faeroerne\/faeroeske-fortidsminder-gar-til-havs\/\" target=\"_self\">L\u00e6s mere<\/a><\/p>\n<hr \/>\n<p><a href=\"http:\/\/historypressfaroeislands.com\/dansk\/downloads\/faeroerne\/a-viking-age-shieling\/\"><img loading=\"lazy\" decoding=\"async\" class=\"alignleft\" title=\"P\u00e5 Vandring i N\u00f3lsoys Fortid.\" alt=\"P\u00e5 Vandring i N\u00f3lsoys Fortid.\" src=\"http:\/\/historypressfaroeislands.com\/images\/f2.jpg\" width=\"125\" height=\"135\" \/><\/a><em> <\/em><em> <\/em><em>Anna Katrin Matras, Steffen Stummann Hansen &amp; H\u00e1kun Andreasen:<\/em> A Viking Age shieling in Skar\u00f0sv\u00edk, Fugloy, Faroe Islands.<br \/>\nFr\u00f3\u00f0skaparrit, 51 (2004), 200-211.<\/p>\n<p>\u2022 <a href=\"http:\/\/historypressfaroeislands.com\/dansk\/downloads\/faeroerne\/a-viking-age-shieling\/\" target=\"_self\">L\u00e6s mere<\/a><\/p>\n<hr \/>\n<p><a href=\"http:\/\/historypressfaroeislands.com\/dansk\/downloads\/faeroerne\/a-dane-and-the-dawning-of-faroese-archaeology\/\" target=\"_self\"><img decoding=\"async\" class=\"alignleft\" alt=\"Medieval Farmsteads in Greenland\" src=\"http:\/\/historypressfaroeislands.com\/images\/f1.jpg\" \/><\/a><em> <\/em><em>Steffen Stummann Hansen:<\/em><br \/>\nA Dane and the Dawning of Faroese Archaeology.<br \/>\nFr\u00f3\u00f0skaparrit 50 (2002),11-32.<\/p>\n<p>\u2022 <a href=\"http:\/\/historypressfaroeislands.com\/dansk\/downloads\/faeroerne\/a-dane-and-the-dawning-of-faroese-archaeology\/\" target=\"_self\">L\u00e6s mere<\/a><\/p>\n<hr \/>\n<p><a href=\"http:\/\/historypressfaroeislands.com\/dansk\/downloads\/faeroerne\/landscapes-at-landnam\/\"><img loading=\"lazy\" decoding=\"async\" class=\"alignleft\" title=\"Ark\u00e6ologiens Farum \u2013 Antikvarer, Fortidsminder og Oldsager.\" alt=\"Ark\u00e6ologiens Farum \u2013 Antikvarer, Fortidsminder og Oldsager.\" src=\"http:\/\/historypressfaroeislands.com\/images\/f5.jpg\" width=\"125\" height=\"135\" \/><\/a><em> <\/em><em> <\/em><em>Kevin J. Edwards, Paul C. Buckland, Robert Craigie, Eva Panagiotakopulu and Steffen Stummann Hansen<\/em><em>:<\/em><br \/>\nLandscapes at landn\u00e1m: palynological and palaeoentomological evidence from Toftanes, Faroe Islands. <em>Fr\u00f3\u00f0skaparrit<\/em> 46. T\u00f3rshavn 1998. <em> <\/em><br \/>\n\u2022 <a href=\"http:\/\/historypressfaroeislands.com\/dansk\/downloads\/faeroerne\/landscapes-at-landnam\/\" target=\"_self\">L\u00e6s mere<\/a><\/p>\n<hr \/>\n<p><a href=\"http:\/\/historypressfaroeislands.com\/dansk\/downloads\/faeroerne\/the-norse-landnam-in-the-faroe-islands\/\"><img loading=\"lazy\" decoding=\"async\" class=\"alignleft\" alt=\"\" src=\"http:\/\/historypressfaroeislands.com\/images\/northernstudies2.jpg\" width=\"125\" height=\"135\" \/><\/a><em>Steffen Stummann Hansen<\/em><em>:<br \/>\n<\/em>The Norse landnam in the Faroe Islands in the light of recent excavations at Toftanes, Leirv\u00edk<br \/>\n<i>Northern Studies<\/i> 25 (1988), 58-84.<br \/>\n\u2022 <a href=\"http:\/\/historypressfaroeislands.com\/dansk\/downloads\/faeroerne\/the-norse-landnam-in-the-faroe-islands\/\" target=\"_self\">L\u00e6s mere<\/a><\/p>\n<hr \/>\n","protected":false},"excerpt":{"rendered":"<p>Kevin J. Edwards, Steffen Stummann Hansen &amp; Gunnar Bjarnason: A scalped peatscape on N\u00f3lsoy, Faroe Islands. Fr\u00f3\u00f0skaparrit 59 (2011), 122-132. \u2022 L\u00e6s mere Steffen Stummann Hansen: Hvem var her f\u00f8rst \u2013 skandinaver eller irere? Atlantic Review (autumn 2008) p. 48-54. &hellip; <a href=\"https:\/\/historypressfaroeislands.com\/dansk\/downloads\/faeroerne\/\">Continue reading <span class=\"meta-nav\">&rarr;<\/span><\/a><\/p>\n","protected":false},"author":4,"featured_media":0,"parent":118,"menu_order":1,"comment_status":"closed","ping_status":"closed","template":"","meta":{"footnotes":""},"class_list":["post-327","page","type-page","status-publish","hentry"],"_links":{"self":[{"href":"https:\/\/historypressfaroeislands.com\/dansk\/wp-json\/wp\/v2\/pages\/327","targetHints":{"allow":["GET"]}}],"collection":[{"href":"https:\/\/historypressfaroeislands.com\/dansk\/wp-json\/wp\/v2\/pages"}],"about":[{"href":"https:\/\/historypressfaroeislands.com\/dansk\/wp-json\/wp\/v2\/types\/page"}],"author":[{"embeddable":true,"href":"https:\/\/historypressfaroeislands.com\/dansk\/wp-json\/wp\/v2\/users\/4"}],"replies":[{"embeddable":true,"href":"https:\/\/historypressfaroeislands.com\/dansk\/wp-json\/wp\/v2\/comments?post=327"}],"version-history":[{"count":0,"href":"https:\/\/historypressfaroeislands.com\/dansk\/wp-json\/wp\/v2\/pages\/327\/revisions"}],"up":[{"embeddable":true,"href":"https:\/\/historypressfaroeislands.com\/dansk\/wp-json\/wp\/v2\/pages\/118"}],"wp:attachment":[{"href":"https:\/\/historypressfaroeislands.com\/dansk\/wp-json\/wp\/v2\/media?parent=327"}],"curies":[{"name":"wp","href":"https:\/\/api.w.org\/{rel}","templated":true}]}}