{"id":32,"date":"2010-12-02T10:37:24","date_gmt":"2010-12-02T10:37:24","guid":{"rendered":"http:\/\/historypressfaroeislands.com\/dansk\/"},"modified":"2010-12-02T10:37:24","modified_gmt":"2010-12-02T10:37:24","slug":"how-to-get-at-a-man-in-greenland","status":"publish","type":"page","link":"https:\/\/historypressfaroeislands.com\/dansk\/downloads\/gronland\/how-to-get-at-a-man-in-greenland\/","title":{"rendered":"How to get at a man in Greenland"},"content":{"rendered":"<p><span style=\"color: #ffffff;\">\u2022 <\/span><br \/>\n<a href=\"http:\/\/www.tidsskriftetgronland.dk\/archive\/2000-1-Artikel02.pdf\" target=\"_blank\"><img loading=\"lazy\" decoding=\"async\" class=\"alignleft\" title=\"Hvem var her f\u00f8rst \u2013 skandinaver eller irere?\" src=\"http:\/\/historypressfaroeislands.com\/images\/greenland.jpg\" alt=\"Download Hvem var her f\u00f8rst \u2013 skandinaver eller irere?\" width=\"230\" height=\"270\" \/><\/a><em>Steffen Stummann Hansen:<\/em><br \/>\n\u00bbHow to get at a man in Greenland I don\u2019t know\u00ab. Aage Roussell og hans Orkney forbindelse.<br \/>\n<em>Tidsskriftet Gr\u00f8nland<\/em> 2000:1, 5-20.<\/p>\n<p>\u2022 <a href=\"http:\/\/www.tidsskriftetgronland.dk\/archive\/2000-1-Artikel02.pdf\" target=\"_blank\">Download artiklen gratis i pdf-format<\/a><br \/>\n<span style=\"color: #ffffff;\">\u2022 <\/span><br \/>\n<span style=\"color: #ffffff;\">\u2022 <\/span><br \/>\n<span style=\"color: #ffffff;\">\u2022 <\/span><br \/>\n<span style=\"color: #ffffff;\">\u2022 <\/span><br \/>\n<span style=\"color: #ffffff;\">\u2022 <\/span><br \/>\n<span style=\"color: #ffffff;\">\u2022 <\/span><br \/>\n<span style=\"color: #ffffff;\">\u2022 <\/span><br \/>\nDen k\u00f8benhavnske arkitekt Aage Roussell (1901-1972) blev i midten af 1920rne assistent for historikeren Poul N\u00f8rlund (1888-1951), der i disse \u00e5r forestod Danmarks Nationalmuseums udgravninger af nordbobebyggelsen i Gr\u00f8nland. Roussell var som arkitekt is\u00e6r interesseret i byggeskikken, og i 1931 sendte N\u00f8rlund ham p\u00e5 en studietur til de skotske \u00f8grupper Shetland, Orkney og Hebriderne for at unders\u00f8ge, om der her var overleveret skandinaviske tr\u00e6k i byggeskikken, som kunne bruges i tolkningen af nordboruinerne i Gr\u00f8nland. Under bes\u00f8get etablerede Roussell gode kontakter til ledende lokalhistorikere, ikke mindst Storer Clouston (1871-1944) p\u00e5 Orkney. I l\u00f8bet af 1930rne overtog Roussell ledelsen af Nationalmuseets unders\u00f8gelser i Gr\u00f8nland. En lang r\u00e6kke breve fra disse \u00e5r afsl\u00f8rer, at Roussell og Storer Clouston holdt kontakten lige og fortsatte diskussionen omkring en lang r\u00e6kke faglige emner.<\/p>\n","protected":false},"excerpt":{"rendered":"<p>\u2022 Steffen Stummann Hansen: \u00bbHow to get at a man in Greenland I don\u2019t know\u00ab. Aage Roussell og hans Orkney forbindelse. Tidsskriftet Gr\u00f8nland 2000:1, 5-20. \u2022 Download artiklen gratis i pdf-format \u2022 \u2022 \u2022 \u2022 \u2022 \u2022 \u2022 Den k\u00f8benhavnske &hellip; <a href=\"https:\/\/historypressfaroeislands.com\/dansk\/downloads\/gronland\/how-to-get-at-a-man-in-greenland\/\">Continue reading <span class=\"meta-nav\">&rarr;<\/span><\/a><\/p>\n","protected":false},"author":4,"featured_media":0,"parent":331,"menu_order":6,"comment_status":"closed","ping_status":"closed","template":"","meta":{"footnotes":""},"class_list":["post-32","page","type-page","status-publish","hentry"],"_links":{"self":[{"href":"https:\/\/historypressfaroeislands.com\/dansk\/wp-json\/wp\/v2\/pages\/32","targetHints":{"allow":["GET"]}}],"collection":[{"href":"https:\/\/historypressfaroeislands.com\/dansk\/wp-json\/wp\/v2\/pages"}],"about":[{"href":"https:\/\/historypressfaroeislands.com\/dansk\/wp-json\/wp\/v2\/types\/page"}],"author":[{"embeddable":true,"href":"https:\/\/historypressfaroeislands.com\/dansk\/wp-json\/wp\/v2\/users\/4"}],"replies":[{"embeddable":true,"href":"https:\/\/historypressfaroeislands.com\/dansk\/wp-json\/wp\/v2\/comments?post=32"}],"version-history":[{"count":0,"href":"https:\/\/historypressfaroeislands.com\/dansk\/wp-json\/wp\/v2\/pages\/32\/revisions"}],"up":[{"embeddable":true,"href":"https:\/\/historypressfaroeislands.com\/dansk\/wp-json\/wp\/v2\/pages\/331"}],"wp:attachment":[{"href":"https:\/\/historypressfaroeislands.com\/dansk\/wp-json\/wp\/v2\/media?parent=32"}],"curies":[{"name":"wp","href":"https:\/\/api.w.org\/{rel}","templated":true}]}}