{"id":306,"date":"2011-06-11T05:30:58","date_gmt":"2011-06-11T05:30:58","guid":{"rendered":"http:\/\/historypressfaroeislands.com\/dansk\/"},"modified":"2011-06-11T05:30:58","modified_gmt":"2011-06-11T05:30:58","slug":"a_dane_in_shetland-part_one","status":"publish","type":"page","link":"https:\/\/historypressfaroeislands.com\/dansk\/downloads\/shetland\/a_dane_in_shetland-part_one\/","title":{"rendered":"A Dane in Shetland (Part One)"},"content":{"rendered":"<p><span style=\"color: #ffffff;\">\u2022 <\/span><br \/>\n<a href=\"http:\/\/historypressfaroeislands.com\/wp-content\/downloads\/A_Dane_in_Shetland-Part_One.pdf\" target=\"_blank\"><img decoding=\"async\" class=\"alignleft\" title=\"Back to Jarlshof.\" src=\"http:\/\/historypressfaroeislands.com\/images\/a-dane-part1.jpg\" alt=\"DownloadBack to Jarlshof.\" \/><\/a><em>Steffen Stummann Hansen:<\/em><br \/>\nA Dane in Shetland (part one).<br \/>\n<em>New Shetlander<\/em>, No. 202, 1997, 30-32.<\/p>\n<p>\u2022 <a href=\"http:\/\/historypressfaroeislands.com\/wp-content\/downloads\/A_Dane_in_Shetland-Part_One.pdf\" target=\"_blank\">Download\u00a0artiklen gratis\u00a0i pdf-format<\/a><\/p>\n<p><span style=\"color: #ffffff;\">\u2022 <\/span><\/p>\n<p><span style=\"color: #ffffff;\">\u2022 <\/span><\/p>\n<p><span style=\"color: #ffffff;\">\u2022 <\/span><br \/>\n<span style=\"color: #ffffff;\">\u2022 <\/span><\/p>\n<p>In 1934 a small book with the title <em>Norse Building Customs in the Scottish Isles<\/em> was published by the Danish architect and archaeologist Aage Roussell of the National Museum of Denmark. The book was based on material he had recorded during a visit to the Western and Northern Isles in 1931. The article describes Roussell\u2019s visit to Shetland and puts it into context.<\/p>\n<p>For further reading see:<\/p>\n<p><em>\u00a0<\/em><\/p>\n<p><em>Steffen Stummann Hansen<\/em>: Steep Slopes, Strong Winds and Wealthy Sportsmen. Aage Roussell and his Journey to the Scottish Isles in 1931. <em>Review of Scottish Culture<\/em> 12, 116-134. Edinburgh 1998.<\/p>\n<p><em>Steffen Stummann Hansen<\/em>: Lange Bakker, St\u00e6rk Bl\u00e6st og Velhavende Sportm\u00e6nd. Aage Roussell og hans Rejse til de Skotske \u00d8er i 1931. <em>Aarb\u00f8ger for nordisk Oldkyndighed og Historie (1997),<\/em> 185-229. K\u00f8benhavn 1999.<\/p>\n","protected":false},"excerpt":{"rendered":"<p>\u2022 Steffen Stummann Hansen: A Dane in Shetland (part one). New Shetlander, No. 202, 1997, 30-32. \u2022 Download\u00a0artiklen gratis\u00a0i pdf-format \u2022 \u2022 \u2022 \u2022 In 1934 a small book with the title Norse Building Customs in the Scottish Isles was &hellip; <a href=\"https:\/\/historypressfaroeislands.com\/dansk\/downloads\/shetland\/a_dane_in_shetland-part_one\/\">Continue reading <span class=\"meta-nav\">&rarr;<\/span><\/a><\/p>\n","protected":false},"author":4,"featured_media":0,"parent":333,"menu_order":0,"comment_status":"closed","ping_status":"closed","template":"","meta":{"footnotes":""},"class_list":["post-306","page","type-page","status-publish","hentry"],"_links":{"self":[{"href":"https:\/\/historypressfaroeislands.com\/dansk\/wp-json\/wp\/v2\/pages\/306","targetHints":{"allow":["GET"]}}],"collection":[{"href":"https:\/\/historypressfaroeislands.com\/dansk\/wp-json\/wp\/v2\/pages"}],"about":[{"href":"https:\/\/historypressfaroeislands.com\/dansk\/wp-json\/wp\/v2\/types\/page"}],"author":[{"embeddable":true,"href":"https:\/\/historypressfaroeislands.com\/dansk\/wp-json\/wp\/v2\/users\/4"}],"replies":[{"embeddable":true,"href":"https:\/\/historypressfaroeislands.com\/dansk\/wp-json\/wp\/v2\/comments?post=306"}],"version-history":[{"count":0,"href":"https:\/\/historypressfaroeislands.com\/dansk\/wp-json\/wp\/v2\/pages\/306\/revisions"}],"up":[{"embeddable":true,"href":"https:\/\/historypressfaroeislands.com\/dansk\/wp-json\/wp\/v2\/pages\/333"}],"wp:attachment":[{"href":"https:\/\/historypressfaroeislands.com\/dansk\/wp-json\/wp\/v2\/media?parent=306"}],"curies":[{"name":"wp","href":"https:\/\/api.w.org\/{rel}","templated":true}]}}