{"id":30,"date":"2010-12-02T10:36:55","date_gmt":"2010-12-02T10:36:55","guid":{"rendered":"http:\/\/historypressfaroeislands.com\/dansk\/"},"modified":"2010-12-02T10:36:55","modified_gmt":"2010-12-02T10:36:55","slug":"i-korsets-tegn","status":"publish","type":"page","link":"https:\/\/historypressfaroeislands.com\/dansk\/downloads\/faeroerne\/i-korsets-tegn\/","title":{"rendered":"I korsets tegn"},"content":{"rendered":"<p><span style=\"color: #ffffff;\">\u2022 <\/span><br \/>\n<a href=\"http:\/\/historypressfaroeislands.com\/wp-content\/downloads\/I_Korsets_Tegn.pdf\" target=\"_blank\"><img decoding=\"async\" class=\"alignleft\" title=\"I korsets tegn. Kristendommen i Leirv\u00ediks \u00e6ldste historie.\" src=\"http:\/\/historypressfaroeislands.com\/images\/kors.png\" alt=\"Download I korsets tegn. Kristendommen i Leirv\u00ediks \u00e6ldste historie.\" \/><\/a><em>Steffen Stummann Hansen: <\/em><em><br \/>\n<\/em>I Korsets Tegn. Kristendommen i Leirv\u00edks \u00e6ldste historie.<br \/>\nKirkjur\u00e1\u00f0i\u00f0 \u00ed Leirv\u00edk. 2006.<\/p>\n<p>\u2022 <a title=\"Download I Korsets Tegn. Kristendommen i Leirv\u00edks \u00e6ldste historie. Kirkjur\u00e1\u00f0i\u00f0 \u00ed Leirv\u00edk. 2006.\" href=\"http:\/\/historypressfaroeislands.com\/wp-content\/downloads\/I_Korsets_Tegn.pdf\" target=\"_blank\">Download publikationen gratis i pdf-format<\/a><br \/>\n<span style=\"color: #ffffff;\">\u2022 <\/span><br \/>\n<span style=\"color: #ffffff;\">\u2022 <\/span><br \/>\n<span style=\"color: #ffffff;\">\u2022 <\/span><br \/>\n<span style=\"color: #ffffff;\">\u2022 <\/span><br \/>\n<span style=\"color: #ffffff;\">\u2022 <\/span><br \/>\nI forbindelse med 100 \u00e5rs jubil\u00e6et for indvielsen af kirken i Leirv\u00edk udsendte kirker\u00e5det en lille publikation, der omhandler kristendommen i bygdens tidlige historie. Heftet beskriver blandt andet de to tr\u00e6kors i irsk kristen tradition fundet p\u00e5 vikingetidsg\u00e5rden p\u00e5 <em>Toftanes<\/em>, samt\u00a0og den middelalderlige kirkeruin <em>B\u00f8nh\u00fastoftin<\/em>, som\u00a0er den bedst bevarede af sin art p\u00e5 F\u00e6r\u00f8erne. Meget tyder p\u00e5, at F\u00e6r\u00f8erne husede et kristent samfund fra begyndelsen af, og at den tidlige kristendom p\u00e5 \u00f8erne har sin oprindelse i Irland snarere end i Skandinavien.<\/p>\n","protected":false},"excerpt":{"rendered":"<p>\u2022 Steffen Stummann Hansen: I Korsets Tegn. Kristendommen i Leirv\u00edks \u00e6ldste historie. Kirkjur\u00e1\u00f0i\u00f0 \u00ed Leirv\u00edk. 2006. \u2022 Download publikationen gratis i pdf-format \u2022 \u2022 \u2022 \u2022 \u2022 I forbindelse med 100 \u00e5rs jubil\u00e6et for indvielsen af kirken i Leirv\u00edk udsendte &hellip; <a href=\"https:\/\/historypressfaroeislands.com\/dansk\/downloads\/faeroerne\/i-korsets-tegn\/\">Continue reading <span class=\"meta-nav\">&rarr;<\/span><\/a><\/p>\n","protected":false},"author":4,"featured_media":0,"parent":327,"menu_order":5,"comment_status":"closed","ping_status":"closed","template":"","meta":{"footnotes":""},"class_list":["post-30","page","type-page","status-publish","hentry"],"_links":{"self":[{"href":"https:\/\/historypressfaroeislands.com\/dansk\/wp-json\/wp\/v2\/pages\/30","targetHints":{"allow":["GET"]}}],"collection":[{"href":"https:\/\/historypressfaroeislands.com\/dansk\/wp-json\/wp\/v2\/pages"}],"about":[{"href":"https:\/\/historypressfaroeislands.com\/dansk\/wp-json\/wp\/v2\/types\/page"}],"author":[{"embeddable":true,"href":"https:\/\/historypressfaroeislands.com\/dansk\/wp-json\/wp\/v2\/users\/4"}],"replies":[{"embeddable":true,"href":"https:\/\/historypressfaroeislands.com\/dansk\/wp-json\/wp\/v2\/comments?post=30"}],"version-history":[{"count":0,"href":"https:\/\/historypressfaroeislands.com\/dansk\/wp-json\/wp\/v2\/pages\/30\/revisions"}],"up":[{"embeddable":true,"href":"https:\/\/historypressfaroeislands.com\/dansk\/wp-json\/wp\/v2\/pages\/327"}],"wp:attachment":[{"href":"https:\/\/historypressfaroeislands.com\/dansk\/wp-json\/wp\/v2\/media?parent=30"}],"curies":[{"name":"wp","href":"https:\/\/api.w.org\/{rel}","templated":true}]}}