{"id":28,"date":"2010-12-02T10:36:31","date_gmt":"2010-12-02T10:36:31","guid":{"rendered":"http:\/\/historypressfaroeislands.com\/dansk\/"},"modified":"2010-12-02T10:36:31","modified_gmt":"2010-12-02T10:36:31","slug":"vi-kaldte-den-nordbodalen","status":"publish","type":"page","link":"https:\/\/historypressfaroeislands.com\/dansk\/downloads\/gronland\/vi-kaldte-den-nordbodalen\/","title":{"rendered":"Vi kaldte den Nordbodalen"},"content":{"rendered":"<p><span style=\"color: #ffffff;\">\u2022 <\/span><br \/>\n<a href=\"http:\/\/www.tidsskriftetgronland.dk\/archive\/1999-2-Artikel02.pdf\" target=\"_blank\"><img decoding=\"async\" class=\"alignleft\" title=\"Vi kaldte den Nordbodalen. Gudmund Hatts Rejse til Gr\u00f8nland i 1932. \" src=\"http:\/\/historypressfaroeislands.com\/images\/nordbodalen.jpg\" alt=\"Download Vi kaldte den Nordbodalen. Gudmund Hatts Rejse til Gr\u00f8nland i 1932. \" \/><\/a><em>Steffen Stummann Hansen:<\/em><br \/>\nVi kaldte den Nordbodalen. Gudmund Hatts rejse til Gr\u00f8nland i 1932.<br \/>\n<em>Tidsskriftet Gr\u00f8nland<\/em> 1999:2, 57-75.<\/p>\n<p>\u2022 <a href=\"http:\/\/www.tidsskriftetgronland.dk\/archive\/1999-2-Artikel02.pdf\" target=\"_blank\">Download artiklen gratis i pdf-format<\/a><br \/>\n<span style=\"color: #ffffff;\">\u2022 <\/span><br \/>\n<span style=\"color: #ffffff;\">\u2022 <\/span><br \/>\n<span style=\"color: #ffffff;\">\u2022 <\/span><br \/>\n<span style=\"color: #ffffff;\">\u2022 <\/span><br \/>\n<span style=\"color: #ffffff;\">\u2022 <\/span><br \/>\n<span style=\"color: #ffffff;\">\u2022 <\/span><em><br \/>\n<\/em><br \/>\nBlandt deltagerne i den danske delegation, der i 1932 tog til Sydgr\u00f8nland for at udgrave den formodede Erik den R\u00f8des g\u00e5rd <em>Brattahlid<\/em> i Qassiarsuk, var udover ark\u00e6ologerne Poul N\u00f8rlund og svenske M\u00e5rten Stenberger ogs\u00e5 den danske professor i kulturgeografi Gudmund Hatt (1884-1960). Hatts opgave var at lave vegetationsstudier omkring de gamle nordbog\u00e5rde for at afg\u00f8re hvilket grundlag, der nu var for husdyrhold i omr\u00e5det. Hatt foretog dels rekognosceringer fra luften og dels opm\u00e5linger af selve vegetationen p\u00e5 landjorden. Under bes\u00f8get opm\u00e5lte Hatt ogs\u00e5 to nordbog\u00e5rde i en \u00f8de dal n\u00e6r indlandsisen, som han d\u00f8bte &#8220;Nordbodalen&#8221;.<\/p>\n<p>Jf. ogs\u00e5 Steffen Stummann Hansen: Nordbodalen 75 \u00e5r efter. Nordbog\u00e5rde ved Indlandsisen. <em>Tidsskriftet Gr\u00f8nland<\/em> 2008:1, 15-25.<\/p>\n","protected":false},"excerpt":{"rendered":"<p>\u2022 Steffen Stummann Hansen: Vi kaldte den Nordbodalen. Gudmund Hatts rejse til Gr\u00f8nland i 1932. Tidsskriftet Gr\u00f8nland 1999:2, 57-75. \u2022 Download artiklen gratis i pdf-format \u2022 \u2022 \u2022 \u2022 \u2022 \u2022 Blandt deltagerne i den danske delegation, der i 1932 &hellip; <a href=\"https:\/\/historypressfaroeislands.com\/dansk\/downloads\/gronland\/vi-kaldte-den-nordbodalen\/\">Continue reading <span class=\"meta-nav\">&rarr;<\/span><\/a><\/p>\n","protected":false},"author":4,"featured_media":0,"parent":331,"menu_order":4,"comment_status":"closed","ping_status":"closed","template":"","meta":{"footnotes":""},"class_list":["post-28","page","type-page","status-publish","hentry"],"_links":{"self":[{"href":"https:\/\/historypressfaroeislands.com\/dansk\/wp-json\/wp\/v2\/pages\/28","targetHints":{"allow":["GET"]}}],"collection":[{"href":"https:\/\/historypressfaroeislands.com\/dansk\/wp-json\/wp\/v2\/pages"}],"about":[{"href":"https:\/\/historypressfaroeislands.com\/dansk\/wp-json\/wp\/v2\/types\/page"}],"author":[{"embeddable":true,"href":"https:\/\/historypressfaroeislands.com\/dansk\/wp-json\/wp\/v2\/users\/4"}],"replies":[{"embeddable":true,"href":"https:\/\/historypressfaroeislands.com\/dansk\/wp-json\/wp\/v2\/comments?post=28"}],"version-history":[{"count":0,"href":"https:\/\/historypressfaroeislands.com\/dansk\/wp-json\/wp\/v2\/pages\/28\/revisions"}],"up":[{"embeddable":true,"href":"https:\/\/historypressfaroeislands.com\/dansk\/wp-json\/wp\/v2\/pages\/331"}],"wp:attachment":[{"href":"https:\/\/historypressfaroeislands.com\/dansk\/wp-json\/wp\/v2\/media?parent=28"}],"curies":[{"name":"wp","href":"https:\/\/api.w.org\/{rel}","templated":true}]}}