{"id":22,"date":"2010-12-02T10:33:48","date_gmt":"2010-12-02T10:33:48","guid":{"rendered":"http:\/\/historypressfaroeislands.com\/dansk\/"},"modified":"2010-12-02T10:33:48","modified_gmt":"2010-12-02T10:33:48","slug":"anmeldelse","status":"publish","type":"page","link":"https:\/\/historypressfaroeislands.com\/dansk\/andre-udgivelser\/pa-vandring-i-nolsoys-fortid\/anmeldelse\/","title":{"rendered":"Anmeldelse af P\u00e5 Vandring i N\u00f3lsoys Fortid"},"content":{"rendered":"<h1>Lykkelige N\u00f3lsoy<\/h1>\n<address>S\u00f8ren Holm Seerup<\/address>\n<p>N\u00f3lsoy er i december 2008 blevet velsignet med en kulturhistorisk  turguide forfattet af den erfarne ark\u00e6olog og historiker Steffen  Stummann Hansen. For s\u00e5 vidt kunne det v\u00e6re en nedvurdering at kalde  bogen for en turguide, da turguides ofte best\u00e5r af en sammenjukset bunke  information, der er hurtigt l\u00e6st og endnu hurtigere glemt. Men med  denne bog har Steffen Stummann Hansen vist, at turguiden som genre har  meget, meget mere at byde p\u00e5, hvis der blot l\u00e6gges sj\u00e6l i udarbejdelsen.  Bogen indledes efter nogle forord med en gennemgang af \u00f8ens topografi.  Herefter f\u00f8lger et velfortalt og gennemillustreret afsnit om antikvarer  p\u00e5 og omkring N\u00f3lsoy. Kapitlet er ikke n\u00f8dvendigt for bogen, men m\u00e5 ses  som udtryk for det overskud, og den fort\u00e6llegl\u00e6de, der gennemstr\u00f8mmer  Stummann Hansens arbejde. Bogens tredje kapitel, der er det  v\u00e6sentligste, gennemg\u00e5r i 33 afsnit de enkelte fortidsminder p\u00e5 \u00f8en. Der  er tale om en minuti\u00f8s gennemgang af stort og sm\u00e5t. Det er klart, at  man p\u00e5 den m\u00e5de ogs\u00e5 f\u00e5r omtalt meget sm\u00e5 lokationer, som ikke i sig  selv synes af meget; men i den konkrete kotekst forekommer det relevant  at komme hele vejen rundt. Hvis man har v\u00e6ret p\u00e5 N\u00f3lsoy adskillige  gange, forbl\u00f8ffes man over alle de ting, som man har overset i \u00e5renes  l\u00f8b. Den bunke sten, som man er g\u00e5et forbi i hundredevis af gange uden  at t\u00e6nke over, f\u00e5r pludselig identitet &#8211; ja liv! Og det er bogens  st\u00f8rste fortjeneste: Man tvinges til at standse op p\u00e5 sin vandring og  fundere over de kulturhistoriske spor, som mennesker i de forgangne  \u00e5rhundreder har afsat p\u00e5 den lille \u00f8. Bogen fortjener ogs\u00e5 ros for det,  der er udeladt, nemlig den syndflod af personalhistoriske detaljer, der  alt for tit f\u00e5r lov til at kv\u00e6le lokalhistoriske arbejder. Ved at  fastholde fokus p\u00e5 fortidsminderne, prim\u00e6rt de jordfaste, opn\u00e5r bogen en  blivende v\u00e6rdi som turguide. N\u00f3lsoy har den besynderlige sk\u00e6bne, at den  er kendt af alle, der er eller har v\u00e6ret p\u00e5 F\u00e6r\u00f8erne, men kun er bes\u00f8gt  af et f\u00e5tal af disse. De fleste n\u00f8jes med udsigten fra T\u00f3rshavn.  Stummann Hansens bog vil forh\u00e5bentlig inspirere mange til at tage turen  for at opleve, hvad \u00f8en hinsides fjorden har at byde p\u00e5. Bogen er  l\u00e6sev\u00e6rdig og l\u00e6sevenlig og anbefales p\u00e5 det varmeste, prim\u00e6rt til folk  med interesse for N\u00f3lsoy, men ogs\u00e5 som inspiration til andre  lokalsamfund. Der er s\u00e5 mange historier i vores landskaber, der  venter p\u00e5 at blive fortalt. Hvis de er meget heldige, l\u00e6gger Stummann  Hansen vejen forbi.<\/p>\n<address><a href=\"http:\/\/apps.facebook.com\/facebookshelf\/people\/1701510367\" target=\"_blank\">S\u00f8ren Holm Seerup <\/a><br \/>\n<\/address>\n","protected":false},"excerpt":{"rendered":"<p>Lykkelige N\u00f3lsoy S\u00f8ren Holm Seerup N\u00f3lsoy er i december 2008 blevet velsignet med en kulturhistorisk turguide forfattet af den erfarne ark\u00e6olog og historiker Steffen Stummann Hansen. For s\u00e5 vidt kunne det v\u00e6re en nedvurdering at kalde bogen for en turguide, &hellip; <a href=\"https:\/\/historypressfaroeislands.com\/dansk\/andre-udgivelser\/pa-vandring-i-nolsoys-fortid\/anmeldelse\/\">Continue reading <span class=\"meta-nav\">&rarr;<\/span><\/a><\/p>\n","protected":false},"author":4,"featured_media":0,"parent":20,"menu_order":0,"comment_status":"closed","ping_status":"closed","template":"","meta":{"footnotes":""},"class_list":["post-22","page","type-page","status-publish","hentry"],"_links":{"self":[{"href":"https:\/\/historypressfaroeislands.com\/dansk\/wp-json\/wp\/v2\/pages\/22","targetHints":{"allow":["GET"]}}],"collection":[{"href":"https:\/\/historypressfaroeislands.com\/dansk\/wp-json\/wp\/v2\/pages"}],"about":[{"href":"https:\/\/historypressfaroeislands.com\/dansk\/wp-json\/wp\/v2\/types\/page"}],"author":[{"embeddable":true,"href":"https:\/\/historypressfaroeislands.com\/dansk\/wp-json\/wp\/v2\/users\/4"}],"replies":[{"embeddable":true,"href":"https:\/\/historypressfaroeislands.com\/dansk\/wp-json\/wp\/v2\/comments?post=22"}],"version-history":[{"count":0,"href":"https:\/\/historypressfaroeislands.com\/dansk\/wp-json\/wp\/v2\/pages\/22\/revisions"}],"up":[{"embeddable":true,"href":"https:\/\/historypressfaroeislands.com\/dansk\/wp-json\/wp\/v2\/pages\/20"}],"wp:attachment":[{"href":"https:\/\/historypressfaroeislands.com\/dansk\/wp-json\/wp\/v2\/media?parent=22"}],"curies":[{"name":"wp","href":"https:\/\/api.w.org\/{rel}","templated":true}]}}