{"id":20,"date":"2010-12-02T10:32:57","date_gmt":"2010-12-02T10:32:57","guid":{"rendered":"http:\/\/historypressfaroeislands.com\/dansk\/"},"modified":"2010-12-02T10:32:57","modified_gmt":"2010-12-02T10:32:57","slug":"pa-vandring-i-nolsoys-fortid","status":"publish","type":"page","link":"https:\/\/historypressfaroeislands.com\/dansk\/andre-udgivelser\/pa-vandring-i-nolsoys-fortid\/","title":{"rendered":"P\u00e5 Vandring i N\u00f3lsoys Fortid"},"content":{"rendered":"<p><span style=\"color: #ffffff;\">\u2022 <\/span><br \/>\n<img loading=\"lazy\" decoding=\"async\" class=\"size-medium wp-image-260 alignleft\" title=\"P\u00e5 Vandring i N\u00f3lsoys Fortid\" src=\"http:\/\/historypressfaroeislands.com\/images\/P\u00e5-Vandring-233x300.jpg\" alt=\"\" width=\"233\" height=\"300\" \/><em>Steffen Stummann Hansen:<\/em><br \/>\nP\u00e5 Vandring i N\u00f3lsoys Fortid.<br \/>\nN\u00f3lsoyar Fornminnisfelag. 2. broytta \u00fatg\u00e1va 2009 (1. \u00fatg\u00e1va 2008).<\/p>\n<p>\u2022 Format: 24,5 x 19,0 cm<br \/>\n\u2022 103 sider, 90 illustrationer (farve).<br \/>\n\u2022 Pris: 300 kr. (+ forsendelse)<br \/>\n<span style=\"color: #ffffff;\">\u2022 <\/span><br \/>\n\u2022 <a href=\"mailto:nolsoy@gmail.com\">Bogen kan bestilles hos N\u00f3lsoyar Fornminnisfelag<\/a><br \/>\n<span style=\"color: #ffffff;\">\u2022 <\/span><br \/>\n<span style=\"color: #ffffff;\">\u2022 <\/span><br \/>\n<span style=\"color: #ffffff;\">\u2022 <\/span><br \/>\n<span style=\"color: #ffffff;\">\u2022 <\/span><br \/>\nAnmeldelse af S\u00f8ren Holm Seerup:<br \/>\n<em>&#8220;N\u00f3lsoy er i december 2008 blevet velsignet med en kulturhistorisk turguide forfattet af den erfarne ark\u00e6olog og historiker Steffen Stummann Hansen. For s\u00e5 vidt kunne det v\u00e6re en nedvurdering at kalde bogen for en turguide, da turguides ofte best\u00e5r af en sammenjukset bunke information, der er hurtigt l\u00e6st og endnu hurtigere glemt. Men med denne bog har Steffen Stummann Hansen vist, at turguiden som genre har  meget mere at byde p\u00e5, hvis der blot l\u00e6gges sj\u00e6l i udarbejdelsen.&#8221;<\/em> <a href=\"http:\/\/historypressfaroeislands.com\/dansk\/andre-udgivelser\/pa-vandring-i-nolsoys-fortid\/anmeldelse\/\">L\u00e6s anmeldelse her<\/a><\/p>\n<p>Anmeldelse af Norbert B. Vogt:<br \/>\n<em>\u201c<\/em><em>Die  bau- und bodenarch\u00e4ologischen Funde auf den F\u00e4r\u00f6ern sind in einer  Vielzahl von B\u00fcchern und Aufs\u00e4tze dokumentiert worden; ein auch nur  halbwegs vollst\u00e4ndiges Inventar liegt jedoch f\u00fcr die F\u00e4r\u00f6er noch nicht  vor. F\u00fcr die Insel N\u00f3lsoy zumindest wurde diese L\u00fccke nun durch ein  neues Buch des d\u00e4nischen Arch\u00e4ologen und F\u00e4r\u00f6erexperten <strong>Steffen Stummann Hansen<\/strong> geschlossen. Sein Werk mit dem Titel <strong>P\u00e5 vandring i N\u00f3lsoys fortid<\/strong> [Auf Wanderschaft durch die Vorzeit N\u00f3lsoys] bietet einerseits ein  gr\u00fcndlich recherchiertes und reich illustriertes Inventar aller  bedeutender Bau- und Bodendenkm\u00e4ler der Insel und fasst damit die  bisherigen Forschungen in \u00fcberzeugender und auch f\u00fcr den Laien gut  verst\u00e4ndlicher Form zusammen.\u201d<\/em> <a href=\"http:\/\/historypressfaroeislands.com\/dansk\/andre-udgivelser\/pa-vandring-i-nolsoys-fortid\/anmeldelse-af-pa-vandring-i-nolsoys-fortid-2\/\">L\u00e6s anmeldelse her<\/a> (p\u00e5 tysk)<\/p>\n","protected":false},"excerpt":{"rendered":"<p>\u2022 Steffen Stummann Hansen: P\u00e5 Vandring i N\u00f3lsoys Fortid. N\u00f3lsoyar Fornminnisfelag. 2. broytta \u00fatg\u00e1va 2009 (1. \u00fatg\u00e1va 2008). \u2022 Format: 24,5 x 19,0 cm \u2022 103 sider, 90 illustrationer (farve). \u2022 Pris: 300 kr. (+ forsendelse) \u2022 \u2022 Bogen kan &hellip; <a href=\"https:\/\/historypressfaroeislands.com\/dansk\/andre-udgivelser\/pa-vandring-i-nolsoys-fortid\/\">Continue reading <span class=\"meta-nav\">&rarr;<\/span><\/a><\/p>\n","protected":false},"author":4,"featured_media":0,"parent":16,"menu_order":0,"comment_status":"closed","ping_status":"closed","template":"","meta":{"footnotes":""},"class_list":["post-20","page","type-page","status-publish","hentry"],"_links":{"self":[{"href":"https:\/\/historypressfaroeislands.com\/dansk\/wp-json\/wp\/v2\/pages\/20","targetHints":{"allow":["GET"]}}],"collection":[{"href":"https:\/\/historypressfaroeislands.com\/dansk\/wp-json\/wp\/v2\/pages"}],"about":[{"href":"https:\/\/historypressfaroeislands.com\/dansk\/wp-json\/wp\/v2\/types\/page"}],"author":[{"embeddable":true,"href":"https:\/\/historypressfaroeislands.com\/dansk\/wp-json\/wp\/v2\/users\/4"}],"replies":[{"embeddable":true,"href":"https:\/\/historypressfaroeislands.com\/dansk\/wp-json\/wp\/v2\/comments?post=20"}],"version-history":[{"count":0,"href":"https:\/\/historypressfaroeislands.com\/dansk\/wp-json\/wp\/v2\/pages\/20\/revisions"}],"up":[{"embeddable":true,"href":"https:\/\/historypressfaroeislands.com\/dansk\/wp-json\/wp\/v2\/pages\/16"}],"wp:attachment":[{"href":"https:\/\/historypressfaroeislands.com\/dansk\/wp-json\/wp\/v2\/media?parent=20"}],"curies":[{"name":"wp","href":"https:\/\/api.w.org\/{rel}","templated":true}]}}