{"id":18,"date":"2010-12-02T10:32:19","date_gmt":"2010-12-02T10:32:19","guid":{"rendered":"http:\/\/historypressfaroeislands.com\/dansk\/"},"modified":"2010-12-02T10:32:19","modified_gmt":"2010-12-02T10:32:19","slug":"medieval-farmsteads-in-greenland","status":"publish","type":"page","link":"https:\/\/historypressfaroeislands.com\/dansk\/andre-udgivelser\/medieval-farmsteads-in-greenland\/","title":{"rendered":"Medieval Farmsteads in Greenland"},"content":{"rendered":"<p><span style=\"color: #ffffff;\">\u2022 <\/span><br \/>\n<img loading=\"lazy\" decoding=\"async\" class=\"alignleft\" src=\"http:\/\/historypressfaroeislands.com\/images\/Medieval42.jpg\" alt=\"Medieval Farmsteads in Greenland\" width=\"230\" height=\"282\" \/><em>Ole Guldager, Steffen Stummann Hansen and Simon Gleie:<\/em><br \/>\nMedieval Farmsteads in Greenland. The Brattahlid region 1999-2000.<br \/>\nDanish Polar Center Publications 9. Copenhagen 2002.<\/p>\n<p>\u2022 Format: 29,5 x 21,0 cm.<br \/>\n\u2022 142 sider, 185 ill.<br \/>\n\u2022 Pris: 175,00 kr. (+ forsendelse)<br \/>\n<span style=\"color: #ffffff;\">\u2022 <\/span><br \/>\n\u2022 <a href=\"http:\/\/historypressfaroeislands.com\/dansk\/kontakt\/\">Bestil bogen her<\/a><br \/>\n<span style=\"color: #ffffff;\">\u2022 <\/span><br \/>\n<span style=\"color: #ffffff;\">\u2022 <\/span><br \/>\nBogen pr\u00e6senterer resultaterne af det feltarbejde, som forfatterne har  gennemf\u00f8rt i nordbokulturens kerneomr\u00e5de omking Brattahli\u00f0 i  Sydgr\u00f8nland. Bogen indledes med at gennemgang af historien omkring  udforskningen af nordbokulturen, hvorefter resultaterne af feltarbejdet  pr\u00e6senteres. Gennem intensive rekognosceringer 1999-2000 lykkedes det at  identificere adskillige hidtil up\u00e5agtede ruingrupper, hvoriblandt  regul\u00e6re middelalderg\u00e5rde og s\u00e6tere. I afsluttende kapitler diskuteres  resultaternes betydning og perspektiverne for den fortsatte udforskning  af nordbobebyggelsen i Gr\u00f8nland. <\/p>\n<p>\u2022 <a href=\"http:\/\/historypressfaroeislands.com\/dansk\/andre-udgivelser\/medieval-farmsteads-in-greenland\/anmeldelse-af-medieval-farmsteads-in-greenland\/\">L\u00e6s anmeldelse af bogen her <\/a><\/p>\n","protected":false},"excerpt":{"rendered":"<p>\u2022 Ole Guldager, Steffen Stummann Hansen and Simon Gleie: Medieval Farmsteads in Greenland. The Brattahlid region 1999-2000. Danish Polar Center Publications 9. Copenhagen 2002. \u2022 Format: 29,5 x 21,0 cm. \u2022 142 sider, 185 ill. \u2022 Pris: 175,00 kr. (+ &hellip; <a href=\"https:\/\/historypressfaroeislands.com\/dansk\/andre-udgivelser\/medieval-farmsteads-in-greenland\/\">Continue reading <span class=\"meta-nav\">&rarr;<\/span><\/a><\/p>\n","protected":false},"author":4,"featured_media":0,"parent":16,"menu_order":0,"comment_status":"closed","ping_status":"closed","template":"","meta":{"footnotes":""},"class_list":["post-18","page","type-page","status-publish","hentry"],"_links":{"self":[{"href":"https:\/\/historypressfaroeislands.com\/dansk\/wp-json\/wp\/v2\/pages\/18","targetHints":{"allow":["GET"]}}],"collection":[{"href":"https:\/\/historypressfaroeislands.com\/dansk\/wp-json\/wp\/v2\/pages"}],"about":[{"href":"https:\/\/historypressfaroeislands.com\/dansk\/wp-json\/wp\/v2\/types\/page"}],"author":[{"embeddable":true,"href":"https:\/\/historypressfaroeislands.com\/dansk\/wp-json\/wp\/v2\/users\/4"}],"replies":[{"embeddable":true,"href":"https:\/\/historypressfaroeislands.com\/dansk\/wp-json\/wp\/v2\/comments?post=18"}],"version-history":[{"count":0,"href":"https:\/\/historypressfaroeislands.com\/dansk\/wp-json\/wp\/v2\/pages\/18\/revisions"}],"up":[{"embeddable":true,"href":"https:\/\/historypressfaroeislands.com\/dansk\/wp-json\/wp\/v2\/pages\/16"}],"wp:attachment":[{"href":"https:\/\/historypressfaroeislands.com\/dansk\/wp-json\/wp\/v2\/media?parent=18"}],"curies":[{"name":"wp","href":"https:\/\/api.w.org\/{rel}","templated":true}]}}