{"id":16,"date":"2010-12-02T10:31:55","date_gmt":"2010-12-02T10:31:55","guid":{"rendered":"http:\/\/historypressfaroeislands.com\/dansk\/"},"modified":"2025-10-25T10:02:55","modified_gmt":"2025-10-25T10:02:55","slug":"andre-udgivelser","status":"publish","type":"page","link":"https:\/\/historypressfaroeislands.com\/dansk\/andre-udgivelser\/","title":{"rendered":"Andre udgivelser"},"content":{"rendered":"<p><span style=\"color: #ffffff;\">\u2022 <\/span><br \/>\n<a href=\"http:\/\/historypressfaroeislands.com\/dansk\/andre-udgivelser\/early-church-sites\/\" target=\"_self\"><img decoding=\"async\" class=\"alignleft\" src=\"http:\/\/historypressfaroeislands.com\/images\/earlichurch.jpg\" alt=\"\" \/><\/a><em>Steffen Stummann Hansen:<\/em><br \/>\nEarly Church Sites in the Faroe Islands. A Survey &amp; a Discussion<br \/>\nActa Archaeologica Vol. 82 (Archaeology. North Atlantic to the Baltic on to the Mediterranean. December 2011), 53-78. Blackwell Publishing Ltd.<br \/>\n\u2022 <a href=\"http:\/\/historypressfaroeislands.com\/dansk\/andre-udgivelser\/early-church-sites\/\" target=\"_self\">L\u00e6s om artiklen her<\/a><\/p>\n<hr \/>\n<p><a title=\"Medieval Farmsteads in Greenland. The Brattahlid region 1999-2000.\" href=\"http:\/\/historypressfaroeislands.com\/dansk\/andre-udgivelser\/medieval-farmsteads-in-greenland\/\" target=\"_self\"><img decoding=\"async\" class=\"alignleft\" src=\"http:\/\/historypressfaroeislands.com\/images\/small_Medieval42.jpg\" alt=\"Medieval Farmsteads in Greenland\" \/><\/a><em>Ole Guldager, Steffen Stummann Hansen and Simon Gleie:<\/em><br \/>\nMedieval Farmsteads in Greenland. The Brattahlid region 1999-2000.<br \/>\nDanish Polar Center Publications 9. Copenhagen 2002.<\/p>\n<p>\u2022 <a href=\"http:\/\/historypressfaroeislands.com\/dansk\/andre-udgivelser\/medieval-farmsteads-in-greenland\/\" target=\"_self\">L\u00e6s om bogen her<\/a><\/p>\n<hr \/>\n<p><a href=\"http:\/\/historypressfaroeislands.com\/dansk\/andre-udgivelser\/pa-vandring-i-nolsoys-fortid\/\"><img loading=\"lazy\" decoding=\"async\" class=\"alignleft\" title=\"P\u00e5 Vandring i N\u00f3lsoys Fortid.\" src=\"http:\/\/historypressfaroeislands.com\/images\/small_P\u00e5-Vandring-233x300.jpg\" alt=\"P\u00e5 Vandring i N\u00f3lsoys Fortid.\" width=\"125\" height=\"135\" \/><\/a><em> <\/em><em>Steffen Stummann Hansen:<\/em><br \/>\nP\u00e5 Vandring i N\u00f3lsoys Fortid.<br \/>\nN\u00f3lsoyar Fornminnisfelag. 2. broytta \u00fatg\u00e1va 2009 (1. \u00fatg\u00e1va 2008).<\/p>\n<p>\u2022 <a href=\"http:\/\/historypressfaroeislands.com\/dansk\/andre-udgivelser\/pa-vandring-i-nolsoys-fortid\/\" target=\"_self\">L\u00e6s om bogen her<\/a><\/p>\n<hr \/>\n<p><a href=\"http:\/\/historypressfaroeislands.com\/dansk\/andre-udgivelser\/toftanes-en-vikingetidsgard-i-leirvik\/\"><img loading=\"lazy\" decoding=\"async\" class=\"alignleft\" title=\"Toftanes \u2013 en vikingetidsg\u00e5rd i Leirv\u00edk.\" src=\"http:\/\/historypressfaroeislands.com\/images\/small_scan0003-210x300.jpg\" alt=\"Toftanes \u2013 en vikingetidsg\u00e5rd i Leirv\u00edk.\" width=\"125\" height=\"135\" \/><\/a><em> <\/em><em>Steffen Stummann Hansen:<\/em><br \/>\nToftanes \u2013 en vikingetidsg\u00e5rd i Leirv\u00edk.<br \/>\nBygdasavni\u00f0 Gamli Sk\u00fali. Leirv\u00edk 2005.<\/p>\n<p>\u2022 <a href=\"http:\/\/historypressfaroeislands.com\/dansk\/andre-udgivelser\/toftanes-en-vikingetidsgard-i-leirvik\/\" target=\"_self\">L\u00e6s om bogen her<\/a><\/p>\n<hr \/>\n<p><a href=\"http:\/\/historypressfaroeislands.com\/dansk\/andre-udgivelser\/toftanes2\/\"><img loading=\"lazy\" decoding=\"async\" class=\"alignleft\" title=\"Medieval Farmsteads in Greenland Steffen Stummann Hansen: Toftanes \u2013 a Viking-Age Farmstead in Leirv\u00edk.\" src=\"http:\/\/historypressfaroeislands.com\/images\/small_scan0001-210x300.jpg\" alt=\"Medieval Farmsteads in Greenland Steffen Stummann Hansen: Toftanes \u2013 a Viking-Age Farmstead in Leirv\u00edk.\" width=\"125\" height=\"135\" \/><\/a><em> <\/em><em>Steffen Stummann Hansen:<\/em><br \/>\nToftanes \u2013 a Viking-Age Farmstead in Leirv\u00edk.<br \/>\nBygdasavni\u00f0 Gamli Sk\u00fali. Leirv\u00edk 2005.<\/p>\n<p>\u2022 <a href=\"http:\/\/historypressfaroeislands.com\/dansk\/andre-udgivelser\/toftanes2\/\" target=\"_self\">L\u00e6s om bogen her<\/a><\/p>\n<hr \/>\n<p><a href=\"http:\/\/historypressfaroeislands.com\/dansk\/andre-udgivelser\/farum\/\"><img loading=\"lazy\" decoding=\"async\" class=\"alignleft\" title=\"Ark\u00e6ologiens Farum \u2013 Antikvarer, Fortidsminder og Oldsager.\" src=\"http:\/\/historypressfaroeislands.com\/images\/small_Farum.jpg\" alt=\"Ark\u00e6ologiens Farum \u2013 Antikvarer, Fortidsminder og Oldsager.\" width=\"125\" height=\"135\" \/><\/a><em> <\/em><em>Steffen Stummann Hansen:<\/em><br \/>\nArk\u00e6ologiens Farum \u2013 Antikvarer, Fortidsminder og Oldsager.<br \/>\nStudier\u00e6kken fra Farums Arkiver &amp; Museer. Farum 1997.<\/p>\n<p>\u2022 <a href=\"..\/kontakt\/\"><\/a><a href=\"http:\/\/historypressfaroeislands.com\/dansk\/andre-udgivelser\/farum\/\" target=\"_self\">L\u00e6s om bogen her<\/a><\/p>\n<hr \/>\n","protected":false},"excerpt":{"rendered":"<p>\u2022 Steffen Stummann Hansen: Early Church Sites in the Faroe Islands. A Survey &amp; a Discussion Acta Archaeologica Vol. 82 (Archaeology. North Atlantic to the Baltic on to the Mediterranean. December 2011), 53-78. Blackwell Publishing Ltd. \u2022 L\u00e6s om artiklen &hellip; <a href=\"https:\/\/historypressfaroeislands.com\/dansk\/andre-udgivelser\/\">Continue reading <span class=\"meta-nav\">&rarr;<\/span><\/a><\/p>\n","protected":false},"author":4,"featured_media":0,"parent":0,"menu_order":2,"comment_status":"closed","ping_status":"closed","template":"","meta":{"footnotes":""},"class_list":["post-16","page","type-page","status-publish","hentry"],"_links":{"self":[{"href":"https:\/\/historypressfaroeislands.com\/dansk\/wp-json\/wp\/v2\/pages\/16","targetHints":{"allow":["GET"]}}],"collection":[{"href":"https:\/\/historypressfaroeislands.com\/dansk\/wp-json\/wp\/v2\/pages"}],"about":[{"href":"https:\/\/historypressfaroeislands.com\/dansk\/wp-json\/wp\/v2\/types\/page"}],"author":[{"embeddable":true,"href":"https:\/\/historypressfaroeislands.com\/dansk\/wp-json\/wp\/v2\/users\/4"}],"replies":[{"embeddable":true,"href":"https:\/\/historypressfaroeislands.com\/dansk\/wp-json\/wp\/v2\/comments?post=16"}],"version-history":[{"count":1,"href":"https:\/\/historypressfaroeislands.com\/dansk\/wp-json\/wp\/v2\/pages\/16\/revisions"}],"predecessor-version":[{"id":1508,"href":"https:\/\/historypressfaroeislands.com\/dansk\/wp-json\/wp\/v2\/pages\/16\/revisions\/1508"}],"wp:attachment":[{"href":"https:\/\/historypressfaroeislands.com\/dansk\/wp-json\/wp\/v2\/media?parent=16"}],"curies":[{"name":"wp","href":"https:\/\/api.w.org\/{rel}","templated":true}]}}