{"id":1512,"date":"2025-11-01T10:08:20","date_gmt":"2025-11-01T10:08:20","guid":{"rendered":"https:\/\/historypressfaroeislands.com\/dansk\/?page_id=1512"},"modified":"2026-01-02T05:52:46","modified_gmt":"2026-01-02T05:52:46","slug":"om-forfatterne","status":"publish","type":"page","link":"https:\/\/historypressfaroeislands.com\/dansk\/forlagets-udgivelser\/om-forfatterne\/","title":{"rendered":"Om forfatterne"},"content":{"rendered":"<p>Steffen Stummann Hansen er ark\u00e6olog, historiker og forfatter, som har v\u00e6ret ansat ved nordsj\u00e6llandsle museer, K\u00f8benhavns Universitet samt Dansk Polarcenter og er forhenv\u00e6rende f\u00e6r\u00f8sk landsantikvar. Siden 1982 har han specialiseret sig i Vikingetid og tidlig Middelalder i Nordatlanten med feltarbejder p\u00e5 Shetland, F\u00e6r\u00f8erne, Island, Gr\u00f8nland og Norge. Senest har han tillige produceret en r\u00e6kke v\u00e6rker om fotografiens tidlige historie p\u00e5 F\u00e6r\u00f8erne.<\/p>\n<p>Kevin J. Edwards er geograf, pal\u00e6o\u00f8kolog og milj\u00f8ark\u00e6olog med interesse i videnskabshistorie. Han er professor emeritus i fysisk geografi og adjungeret professor i ark\u00e6ologi ved University of Aberdeen. Han er tillige tilknyttet University of Cambridge som Senior Fellow ved McDonald Institute for Archaeological Research, som Emeritus Associate ved Scott Polar Research Institute, samt \u00e6resmedlem af Clare Hall. Hans feltarbejder omfatter den nordatlantiske region fra Shetland til Newfoundland.<\/p>\n\n\n<p><\/p>\n","protected":false},"excerpt":{"rendered":"<p>Steffen Stummann Hansen er ark\u00e6olog, historiker og forfatter, som har v\u00e6ret ansat ved nordsj\u00e6llandsle museer, K\u00f8benhavns Universitet samt Dansk Polarcenter og er forhenv\u00e6rende f\u00e6r\u00f8sk landsantikvar. Siden 1982 har han specialiseret sig i Vikingetid og tidlig Middelalder i Nordatlanten med feltarbejder &hellip; <a href=\"https:\/\/historypressfaroeislands.com\/dansk\/forlagets-udgivelser\/om-forfatterne\/\">Continue reading <span class=\"meta-nav\">&rarr;<\/span><\/a><\/p>\n","protected":false},"author":4,"featured_media":0,"parent":7,"menu_order":0,"comment_status":"closed","ping_status":"closed","template":"","meta":{"footnotes":""},"class_list":["post-1512","page","type-page","status-publish","hentry"],"_links":{"self":[{"href":"https:\/\/historypressfaroeislands.com\/dansk\/wp-json\/wp\/v2\/pages\/1512","targetHints":{"allow":["GET"]}}],"collection":[{"href":"https:\/\/historypressfaroeislands.com\/dansk\/wp-json\/wp\/v2\/pages"}],"about":[{"href":"https:\/\/historypressfaroeislands.com\/dansk\/wp-json\/wp\/v2\/types\/page"}],"author":[{"embeddable":true,"href":"https:\/\/historypressfaroeislands.com\/dansk\/wp-json\/wp\/v2\/users\/4"}],"replies":[{"embeddable":true,"href":"https:\/\/historypressfaroeislands.com\/dansk\/wp-json\/wp\/v2\/comments?post=1512"}],"version-history":[{"count":2,"href":"https:\/\/historypressfaroeislands.com\/dansk\/wp-json\/wp\/v2\/pages\/1512\/revisions"}],"predecessor-version":[{"id":1602,"href":"https:\/\/historypressfaroeislands.com\/dansk\/wp-json\/wp\/v2\/pages\/1512\/revisions\/1602"}],"up":[{"embeddable":true,"href":"https:\/\/historypressfaroeislands.com\/dansk\/wp-json\/wp\/v2\/pages\/7"}],"wp:attachment":[{"href":"https:\/\/historypressfaroeislands.com\/dansk\/wp-json\/wp\/v2\/media?parent=1512"}],"curies":[{"name":"wp","href":"https:\/\/api.w.org\/{rel}","templated":true}]}}