{"id":1510,"date":"2025-11-01T10:06:37","date_gmt":"2025-11-01T10:06:37","guid":{"rendered":"https:\/\/historypressfaroeislands.com\/dansk\/?page_id=1510"},"modified":"2025-11-30T11:53:00","modified_gmt":"2025-11-30T11:53:00","slug":"faeroerne-1894-en-fotograf-kommer-forbi-the-faroe-islands-1894-a-photographer-comes-by","status":"publish","type":"page","link":"https:\/\/historypressfaroeislands.com\/dansk\/forlagets-udgivelser\/faeroerne-1894-en-fotograf-kommer-forbi-the-faroe-islands-1894-a-photographer-comes-by\/","title":{"rendered":"F\u00e6r\u00f8erne 1894 \u2013 en fotograf kommer forbi \/ The Faroe Islands 1894 \u2013 a photographer comes by"},"content":{"rendered":"<h2 style=\"text-align: center;\"><a title=\"F\u00e6r\u00f8erne 1894 \u2013 en fotograf kommer forbi \/ The Faroe Islands 1894 \u2013 a photographer comes by.\" href=\"https:\/\/historypressfaroeislands.com\/dansk\/kontakt\/\"><img decoding=\"async\" class=\"alignleft size-medium wp-image-244\" title=\"F\u00e6r\u00f8erne 1894 \u2013 en fotograf kommer forbi \/ The Faroe Islands 1894 \u2013 a photographer comes by.\" src=\"http:\/\/historypressfaroeislands.com\/images\/1894_big1.jpg\" alt=\"F\u00e6r\u00f8erne 1894 \u2013 en fotograf kommer forbi \/ The Faroe Islands 1894 \u2013 a photographer comes by\" \/><\/a>F\u00e6r\u00f8erne 1894 \u2013 en fotograf kommer forbi \/ The Faroe Islands 1894 \u2013 a photographer comes by<br \/>\n<\/h2>\n<p style=\"text-align: center;\"><em>Steffen Stummann Hansen &amp; Kevin J. Edwards<br \/>\n<\/em><\/p>\n<p style=\"text-align: center;\">Forlagi\u00f0 S\u00f8ga F\u00f8roya\/<br \/>\nHistory Press Faroe Islands 2025<\/p>\n<p style=\"text-align: center;\"><span style=\"color: #ffffff;\">h<\/span><\/p>\n<ul>\n<li>Format: 27.0 x 21.0 cm.<\/li>\n<li>302 sider, 131 ill.\n<li>Pris: 425,00 kr. (+ forsendelse)<\/li>\n<li><a href=\"https:\/\/historypressfaroeislands.com\/dansk\/kontakt\/\">Bogen kan bestilles her<\/a><\/li>\n<\/ul>\n<p>I 1894 bes\u00f8gte den tysk-f\u00f8dte, men i Liverpool, England, bosiddende, l\u00e6ge Karl Grossmann sammen med to venner \u2013 Otto Cahnheim og Joseph Lomas \u2013 F\u00e6r\u00f8erne. Grossmann, der ligesom sine rejsekammerater var st\u00e6rkt geologisk interesseret, var ogs\u00e5 en dedikeret fotograf og tog et stort antal billeder under deres rejse rundt p\u00e5 \u00f8erne. Efter lysbilledforedrag i K\u00f8benhavn og London \u2013 f\u00f8rstn\u00e6vnte sted ikke uden efterf\u00f8lgende kontrovers \u2013 overdrog Grossmann i 1896 ca. 180 fotografier fra F\u00e6r\u00f8erne til Royal Geographical Society i London, hvor de har ligget up\u00e5agtet. Mange af dem pr\u00e6senteres her med forklarende tekst for et bredere publikum. Grossmanns billeder udg\u00f8r den \u00e6ldste substantielle samling af fotografier taget p\u00e5 F\u00e6r\u00f8erne, inklusive de tidligste kendte taget p\u00e5 ud\u00f8erne Mykines, Svinoy og Fugloy.<\/p>\n<p>Bogen er udgivet med \u00f8konomisk st\u00f8tte fra Augustinus Fonden (Danmark), Dronning Margrethes og Prins Henriks Fond (Danmark), Utoyggjafelagi\u00f0 (F\u00e6r\u00f8erne), Den Hielmstierne-Rosencroneske Stiftelse (Danmark) og Letterstedtska F\u00f6reningen (Sverige).<\/p>\n<li><a href=\"https:\/\/historypressfaroeislands.com\/dansk\/forlagets-udgivelser\/om-forfatterne\/\">Om forfatterne<\/a><\/li>\n","protected":false},"excerpt":{"rendered":"<p>F\u00e6r\u00f8erne 1894 \u2013 en fotograf kommer forbi \/ The Faroe Islands 1894 \u2013 a photographer comes by Steffen Stummann Hansen &amp; Kevin J. Edwards Forlagi\u00f0 S\u00f8ga F\u00f8roya\/ History Press Faroe Islands 2025 h Format: 27.0 x 21.0 cm. 302 sider, &hellip; <a href=\"https:\/\/historypressfaroeislands.com\/dansk\/forlagets-udgivelser\/faeroerne-1894-en-fotograf-kommer-forbi-the-faroe-islands-1894-a-photographer-comes-by\/\">Continue reading <span class=\"meta-nav\">&rarr;<\/span><\/a><\/p>\n","protected":false},"author":4,"featured_media":0,"parent":7,"menu_order":0,"comment_status":"closed","ping_status":"closed","template":"","meta":{"footnotes":""},"class_list":["post-1510","page","type-page","status-publish","hentry"],"_links":{"self":[{"href":"https:\/\/historypressfaroeislands.com\/dansk\/wp-json\/wp\/v2\/pages\/1510","targetHints":{"allow":["GET"]}}],"collection":[{"href":"https:\/\/historypressfaroeislands.com\/dansk\/wp-json\/wp\/v2\/pages"}],"about":[{"href":"https:\/\/historypressfaroeislands.com\/dansk\/wp-json\/wp\/v2\/types\/page"}],"author":[{"embeddable":true,"href":"https:\/\/historypressfaroeislands.com\/dansk\/wp-json\/wp\/v2\/users\/4"}],"replies":[{"embeddable":true,"href":"https:\/\/historypressfaroeislands.com\/dansk\/wp-json\/wp\/v2\/comments?post=1510"}],"version-history":[{"count":10,"href":"https:\/\/historypressfaroeislands.com\/dansk\/wp-json\/wp\/v2\/pages\/1510\/revisions"}],"predecessor-version":[{"id":1583,"href":"https:\/\/historypressfaroeislands.com\/dansk\/wp-json\/wp\/v2\/pages\/1510\/revisions\/1583"}],"up":[{"embeddable":true,"href":"https:\/\/historypressfaroeislands.com\/dansk\/wp-json\/wp\/v2\/pages\/7"}],"wp:attachment":[{"href":"https:\/\/historypressfaroeislands.com\/dansk\/wp-json\/wp\/v2\/media?parent=1510"}],"curies":[{"name":"wp","href":"https:\/\/api.w.org\/{rel}","templated":true}]}}