{"id":12,"date":"2010-12-02T10:30:12","date_gmt":"2010-12-02T10:30:12","guid":{"rendered":"http:\/\/historypressfaroeislands.com\/dansk\/"},"modified":"2010-12-02T10:30:12","modified_gmt":"2010-12-02T10:30:12","slug":"forfatterne","status":"publish","type":"page","link":"https:\/\/historypressfaroeislands.com\/dansk\/forlagets-udgivelser\/folk-i-leirvik-i-1901\/forfatterne\/","title":{"rendered":"Forfatterne"},"content":{"rendered":"<p><a href=\"http:\/\/historypressfaroeislands.com\/wp-content\/uploads\/2010\/07\/S\u00f8rv\u00e1gur-Vatnsdalur-25.04.2010-042.jpg\"><img loading=\"lazy\" decoding=\"async\" title=\"S\u00f8rv\u00e1gur - Vatnsdalur 25.04.2010 042\" src=\"http:\/\/historypressfaroeislands.com\/wp-content\/uploads\/2010\/07\/S\u00f8rv\u00e1gur-Vatnsdalur-25.04.2010-042-300x230.jpg\" alt=\"\" width=\"300\" height=\"230\" \/><\/a><\/p>\n<p>Kristian Martin Eliasen er af gammel Leirv\u00edks-familie og f\u00f8dt \u00e1 Toftanesi \u00ed Leirv\u00edk \u00ed 1947. Han har en dybtg\u00e5ende interesse for bygdens historie, dens familier og indbyggere og har i mange \u00e5r undervist i sl\u00e6gtsforskning. Kristian Martin er tillige foregangsmand i vandrelauget p\u00e5 Eysturoy (Eysturoyar Gongafelag) og har s\u00e5ledes ogs\u00e5 et indg\u00e5ende f\u00f8rsteh\u00e5ndskendskab til det f\u00e6r\u00f8ske landskab.<\/p>\n<p><a href=\"http:\/\/historypressfaroeislands.com\/wp-content\/uploads\/2010\/07\/Bagside-foto-portr\u00e6t-SSH.jpg\"><img loading=\"lazy\" decoding=\"async\" class=\"alignnone size-medium wp-image-317\" title=\"Bagside-foto (portr\u00e6t-SSH)\" src=\"http:\/\/historypressfaroeislands.com\/wp-content\/uploads\/2010\/07\/Bagside-foto-portr\u00e6t-SSH-300x225.jpg\" alt=\"\" width=\"300\" height=\"225\" \/><\/a><\/p>\n<p>Steffen Stummann Hansen er f\u00f8dt i K\u00f8benhavn i 1955 og blev mag. art. i Forhistorisk Ark\u00e6ologi ved K\u00f8benhavns Universitet i 1982. Han har igennem snart tredive \u00e5r forest\u00e5et ark\u00e6ologiske projekter omkring Vikingetiden og Middelalderen i hele Nordatlanten. Hans litter\u00e6re produktion omfatter en halv snes b\u00f8ger og mere end halvandet hundrede videnskabelige og popul\u00e6rvidenskabelige artikler. Han har siden 2003 v\u00e6ret bosiddende i Leirv\u00edk.<\/p>\n<p><a href=\"http:\/\/historypressfaroeislands.com\/wp-content\/uploads\/2010\/07\/S\u00f8rv\u00e1gur-Vatnsdalur-25.04.2010-042.jpg\"><\/a><\/p>\n","protected":false},"excerpt":{"rendered":"<p>Kristian Martin Eliasen er af gammel Leirv\u00edks-familie og f\u00f8dt \u00e1 Toftanesi \u00ed Leirv\u00edk \u00ed 1947. Han har en dybtg\u00e5ende interesse for bygdens historie, dens familier og indbyggere og har i mange \u00e5r undervist i sl\u00e6gtsforskning. Kristian Martin er tillige foregangsmand &hellip; <a href=\"https:\/\/historypressfaroeislands.com\/dansk\/forlagets-udgivelser\/folk-i-leirvik-i-1901\/forfatterne\/\">Continue reading <span class=\"meta-nav\">&rarr;<\/span><\/a><\/p>\n","protected":false},"author":4,"featured_media":0,"parent":10,"menu_order":0,"comment_status":"closed","ping_status":"closed","template":"","meta":{"footnotes":""},"class_list":["post-12","page","type-page","status-publish","hentry"],"_links":{"self":[{"href":"https:\/\/historypressfaroeislands.com\/dansk\/wp-json\/wp\/v2\/pages\/12","targetHints":{"allow":["GET"]}}],"collection":[{"href":"https:\/\/historypressfaroeislands.com\/dansk\/wp-json\/wp\/v2\/pages"}],"about":[{"href":"https:\/\/historypressfaroeislands.com\/dansk\/wp-json\/wp\/v2\/types\/page"}],"author":[{"embeddable":true,"href":"https:\/\/historypressfaroeislands.com\/dansk\/wp-json\/wp\/v2\/users\/4"}],"replies":[{"embeddable":true,"href":"https:\/\/historypressfaroeislands.com\/dansk\/wp-json\/wp\/v2\/comments?post=12"}],"version-history":[{"count":0,"href":"https:\/\/historypressfaroeislands.com\/dansk\/wp-json\/wp\/v2\/pages\/12\/revisions"}],"up":[{"embeddable":true,"href":"https:\/\/historypressfaroeislands.com\/dansk\/wp-json\/wp\/v2\/pages\/10"}],"wp:attachment":[{"href":"https:\/\/historypressfaroeislands.com\/dansk\/wp-json\/wp\/v2\/media?parent=12"}],"curies":[{"name":"wp","href":"https:\/\/api.w.org\/{rel}","templated":true}]}}