{"id":115,"date":"2011-01-08T17:49:13","date_gmt":"2011-01-08T17:49:13","guid":{"rendered":"http:\/\/historypressfaroeislands.com\/dansk\/"},"modified":"2011-01-08T17:49:13","modified_gmt":"2011-01-08T17:49:13","slug":"landscapes-at-landnam","status":"publish","type":"page","link":"https:\/\/historypressfaroeislands.com\/dansk\/downloads\/faeroerne\/landscapes-at-landnam\/","title":{"rendered":"Landscapes at landn\u00e1m: palynological and palaeoentomological evidence from Toftanes, Faroe Islands"},"content":{"rendered":"<p><span style=\"color: #ffffff;\">\u2022 <\/span><br \/>\n<a href=\"http:\/\/historypressfaroeislands.com\/images\/Frodskaparrit.pdf\" target=\"_blank\"><img decoding=\"async\" class=\"alignleft\" title=\"Landscapes at landn\u00e1m: palynological and palaeoentomological evidence from Toftanes, Faroe Islands. Fr\u00f3\u00f0skaparrit 46. 229-244. T\u00f3rshavn 1998.\" src=\"http:\/\/historypressfaroeislands.com\/images\/Frodskaparrit.jpg\" alt=\"Download Landscapes at landn\u00e1m: palynological and palaeoentomological evidence from Toftanes, Faroe Islands. Fr\u00f3\u00f0skaparrit 46. 229-244. T\u00f3rshavn 1998.\" \/><\/a><em>Kevin J. Edwards, Paul C. Buckland, Robert Craigie, Eva  Panagiotakopulu and Steffen Stummann Hansen<\/em><em>:<\/em><br \/>\nLandscapes at landn\u00e1m: palynological and palaeoentomological evidence  from Toftanes, Faroe Islands.<br \/>\n<em>Fr\u00f3\u00f0skaparrit<\/em> 46. 229-244. T\u00f3rshavn  1998.<\/p>\n<p>\u2022 <a href=\"http:\/\/historypressfaroeislands.com\/images\/Frodskaparrit.pdf\" target=\"_blank\">Download publikationen gratis i pdf-format her<\/a><br \/>\n<span style=\"color: #ffffff;\">\u2022 <\/span><br \/>\n<span style=\"color: #ffffff;\">\u2022 <\/span><br \/>\n<span style=\"color: #ffffff;\">\u2022 <\/span><br \/>\n<span style=\"color: #ffffff;\">\u2022 <\/span><br \/>\n<span style=\"color: #ffffff;\">\u2022 <\/span><br \/>\n<span style=\"color: #ffffff;\">\u2022 <\/span><em><br \/>\n<\/em><\/p>\n","protected":false},"excerpt":{"rendered":"<p>\u2022 Kevin J. Edwards, Paul C. Buckland, Robert Craigie, Eva Panagiotakopulu and Steffen Stummann Hansen: Landscapes at landn\u00e1m: palynological and palaeoentomological evidence from Toftanes, Faroe Islands. Fr\u00f3\u00f0skaparrit 46. 229-244. T\u00f3rshavn 1998. \u2022 Download publikationen gratis i pdf-format her \u2022 \u2022 &hellip; <a href=\"https:\/\/historypressfaroeislands.com\/dansk\/downloads\/faeroerne\/landscapes-at-landnam\/\">Continue reading <span class=\"meta-nav\">&rarr;<\/span><\/a><\/p>\n","protected":false},"author":4,"featured_media":0,"parent":327,"menu_order":12,"comment_status":"closed","ping_status":"closed","template":"","meta":{"footnotes":""},"class_list":["post-115","page","type-page","status-publish","hentry"],"_links":{"self":[{"href":"https:\/\/historypressfaroeislands.com\/dansk\/wp-json\/wp\/v2\/pages\/115","targetHints":{"allow":["GET"]}}],"collection":[{"href":"https:\/\/historypressfaroeislands.com\/dansk\/wp-json\/wp\/v2\/pages"}],"about":[{"href":"https:\/\/historypressfaroeislands.com\/dansk\/wp-json\/wp\/v2\/types\/page"}],"author":[{"embeddable":true,"href":"https:\/\/historypressfaroeislands.com\/dansk\/wp-json\/wp\/v2\/users\/4"}],"replies":[{"embeddable":true,"href":"https:\/\/historypressfaroeislands.com\/dansk\/wp-json\/wp\/v2\/comments?post=115"}],"version-history":[{"count":0,"href":"https:\/\/historypressfaroeislands.com\/dansk\/wp-json\/wp\/v2\/pages\/115\/revisions"}],"up":[{"embeddable":true,"href":"https:\/\/historypressfaroeislands.com\/dansk\/wp-json\/wp\/v2\/pages\/327"}],"wp:attachment":[{"href":"https:\/\/historypressfaroeislands.com\/dansk\/wp-json\/wp\/v2\/media?parent=115"}],"curies":[{"name":"wp","href":"https:\/\/api.w.org\/{rel}","templated":true}]}}