{"id":1142,"date":"2018-10-23T16:18:00","date_gmt":"2018-10-23T16:18:00","guid":{"rendered":"http:\/\/historypressfaroeislands.com\/dansk\/?page_id=1142"},"modified":"2026-02-13T09:31:40","modified_gmt":"2026-02-13T09:31:40","slug":"kvindelige-pionerer-et-bidrag-til-fotografiens-tidlige-historie-pa-faeroerne","status":"publish","type":"page","link":"https:\/\/historypressfaroeislands.com\/dansk\/forlagets-udgivelser\/kvindelige-pionerer-et-bidrag-til-fotografiens-tidlige-historie-pa-faeroerne\/","title":{"rendered":"Kvindelige Pionerer. Et Bidrag til Fotografiens tidlige Historie p\u00e5 F\u00e6r\u00f8erne."},"content":{"rendered":"<h2 style=\"text-align: center;\"><a href=\"http:\/\/historypressfaroeislands.com\/dansk\/wp-content\/uploads\/2018\/10\/kvinnuligu-fotografarnir-kapa-27-juli-2018.jpg\"><img loading=\"lazy\" decoding=\"async\" class=\"size-medium wp-image-1144 alignleft\" src=\"http:\/\/historypressfaroeislands.com\/dansk\/wp-content\/uploads\/2018\/10\/kvinnuligu-fotografarnir-kapa-27-juli-2018-300x216.jpg\" alt=\"\" width=\"300\" height=\"216\" srcset=\"https:\/\/historypressfaroeislands.com\/dansk\/wp-content\/uploads\/2018\/10\/kvinnuligu-fotografarnir-kapa-27-juli-2018-300x216.jpg 300w, https:\/\/historypressfaroeislands.com\/dansk\/wp-content\/uploads\/2018\/10\/kvinnuligu-fotografarnir-kapa-27-juli-2018.jpg 320w\" sizes=\"auto, (max-width: 300px) 100vw, 300px\" \/><\/a>Kvindelige Pionerer. Et Bidrag til Fotografiens tidlige Historie p\u00e5 F\u00e6r\u00f8erne<\/h2>\n<p style=\"text-align: center;\"><em><a href=\"http:\/\/historypressfaroeislands.com\/dansk\/forlagets-udgivelser\/eitt-feigdartiggjuar-i-leirvikar-sogu\/forfatteren\/\">Steffen Stummann Hansen<\/a><br \/>\n<\/em><\/p>\n<p style=\"text-align: center;\">Forlagi\u00f0 S\u00f8ga F\u00f8roya\/<br \/>\nHistory Press Faroe Islands 2018<\/p>\n<p style=\"text-align: center;\"><span style=\"color: #ffffff;\">h<\/span><\/p>\n<ul>\n<li>Format 29 x 21 cm.<\/li>\n<li>154 sider, 112 ill.<\/li>\n<li>Pris: 180,00 DKK (exkl. forsendelse)<\/li>\n<li>Bogen kan k\u00f8bes ved personlig henvendelse til forfatteren eller direkte fra forlaget <a href=\"http:\/\/historypressfaroeislands.com\/dansk\/kontakt\/\">her<\/a>.<\/li>\n<\/ul>\n<p>Fotografien har en historie, der g\u00e5r tilbage til 1839, men f\u00f8rst fra omkring 1860 bliver den mere alment udbredt. P\u00e5 F\u00e6r\u00f8erne begynder denne udvikling at tage fart omkring 1880, hvor folk i stigende grad f\u00e5r mulighed for at blive portr\u00e6tteret fotografisk og f\u00e5 resultatet leveret som s\u00e5kaldte visitkort-fotografier. Denne udvikling f\u00e5r sin afslutning omkring 1. Verdenskrig, hvilket blandt andet karakteriseres ved, at visitkort-fotografierne nu erstattes af almindelige, let reproducerbare fotos. Det studie, der pr\u00e6senteres i denne bog, er begr\u00e6nset til perioden ca. 1875-1916, som kan betegnes som fotografiens formative periode p\u00e5 F\u00e6r\u00f8erne.<\/p>\n<p>I 1910 udgav forfatteren sammen med Kristian Martin Eliasen bogen <a href=\"http:\/\/historypressfaroeislands.com\/dansk\/forlagets-udgivelser\/folk-i-leirvik-i-1901\/\">F\u00f3lk \u00ed Leirv\u00edk \u00ed 1901 \u2013 \u00ed myndum og teksti<\/a>. Bogen var et resultat af flere \u00e5rs arbejde med gamle fotografier indsamlet overalt p\u00e5 F\u00e6r\u00f8erne, og da netop billedanalysen var et vigtigt kildestudie for dette arbejde, blev et indledende kapitel viet til de tidlige f\u00e6r\u00f8ske fotografer, der bidrog med billeder til bogen. Gennem dette arbejde tegnede der sig samtidig et interessant billede af, at den overvejende del af de tidlige f\u00e6r\u00f8ske fotografer var kvinder Et n\u00e6rmere studie af dette forhold ville v\u00e6re interessant ikke mindst set fra en kvindehistorisk indfaldsvinkel. Ogs\u00e5 i det \u00f8vrige nordiske lande spiller kvinder en fremtr\u00e6dende rolle i fotografiens tidlige historie.<\/p>\n<p>Det er den iagttagelse, der nu er fors\u00f8gt fulgt op p\u00e5 med denne bog. Det var kvinder, der for fleres vedkommende var draget af udl\u00e6ngsel og bragte dem p\u00e5 h\u00f8jskole i Danmark og herefter praktikperioder hos f\u00f8rst og fremmest danske fotografer, men ogs\u00e5 hos fotografer i Norge og Skotland. Der var tale om pionerer, der var var med til at g\u00f8re kvinden synlig i det f\u00e6r\u00f8ske erhvervsliv og samfund, der ellers var en mandsverden pr\u00e6get af h\u00e5rdt fysisk arbejde i marken eller p\u00e5 s\u00f8en.<\/p>\n<p>I bogen portr\u00e6tteres en r\u00e6kke kvinder, der engagerede sig i fotografien p\u00e5 F\u00e6r\u00f8erne, enten som erhvervsdrivende eller p\u00e5 et mere hobby-pr\u00e6get grundlag. Udgangspunktet for studiet har v\u00e6ret de visitkort-fotografier, hvor fotograferne havde deres navn p\u00e5trykt, suppleret med studier i kirkeb\u00f8ger, folket\u00e6llinger, gennemgang af aviser og samtaler med efterkommere.<\/p>\n<p>Flere af navnene p\u00e5 visitkortene har vist sig at tilh\u00f8re kvinder, hvor der i deres hjembygd ikke har v\u00e6ret overleveret nogen viden om, at de fors\u00f8gte sig med en fotografisk karriere. F\u00e6lles for dem er desv\u00e6rre, ligesom i Danmark og andre steder, at ingen af dem har efterladt nogen oplysning for eftertiden om hvilke tanker, de selv gjorde sig med fotografien.<\/p>\n<p>De i bogen portr\u00e6tterede kvinder er Else Birgitte Debess\/Pommerencke\/Petersen, Else Marie Danielsen, Sophie Elisabeth Hansen, Thurid Jakobsen, Elisabeth Cathrine M\u00fcller, Lisa Margretha Helena Gjerdum, Helene Margrethe Hjelm\/Dahl, J\u00f8rgine Christine Houmann, Johanne Madsen, Angelika Susanne Reinert, Nicoline Pouline Mohr og Rosa Johannesen.<\/p>\n<p>Bogen kan ses som et bidrag til og dermed et led frem mod et st\u00f8rre v\u00e6rk om fotografiens tidlige historie p\u00e5 F\u00e6r\u00f8erne, s\u00e5ledes som det for Island foreligger med Inga Lara Baldvinsd\u00f3ttirs flotte bog <a href=\"https:\/\/www.forlagid.is\/vara\/ljosmyndarar-a-islandi\/\" target=\"_blank\" rel=\"noopener noreferrer\">Lj\u00f3smyndarar \u00e1 \u00cdslandi (Reykjav\u00edk 2001)<\/a>.<\/p>\n<p>Bogen er udgivet med st\u00f8tte fra Letterstedtska F\u00f6reningen og Mentanargrunnur Landsins.<\/p>\n","protected":false},"excerpt":{"rendered":"<p>Kvindelige Pionerer. Et Bidrag til Fotografiens tidlige Historie p\u00e5 F\u00e6r\u00f8erne Steffen Stummann Hansen Forlagi\u00f0 S\u00f8ga F\u00f8roya\/ History Press Faroe Islands 2018 h Format 29 x 21 cm. 154 sider, 112 ill. Pris: 180,00 DKK (exkl. forsendelse) Bogen kan k\u00f8bes ved &hellip; <a href=\"https:\/\/historypressfaroeislands.com\/dansk\/forlagets-udgivelser\/kvindelige-pionerer-et-bidrag-til-fotografiens-tidlige-historie-pa-faeroerne\/\">Continue reading <span class=\"meta-nav\">&rarr;<\/span><\/a><\/p>\n","protected":false},"author":4,"featured_media":0,"parent":7,"menu_order":0,"comment_status":"closed","ping_status":"closed","template":"","meta":{"footnotes":""},"class_list":["post-1142","page","type-page","status-publish","hentry"],"_links":{"self":[{"href":"https:\/\/historypressfaroeislands.com\/dansk\/wp-json\/wp\/v2\/pages\/1142","targetHints":{"allow":["GET"]}}],"collection":[{"href":"https:\/\/historypressfaroeislands.com\/dansk\/wp-json\/wp\/v2\/pages"}],"about":[{"href":"https:\/\/historypressfaroeislands.com\/dansk\/wp-json\/wp\/v2\/types\/page"}],"author":[{"embeddable":true,"href":"https:\/\/historypressfaroeislands.com\/dansk\/wp-json\/wp\/v2\/users\/4"}],"replies":[{"embeddable":true,"href":"https:\/\/historypressfaroeislands.com\/dansk\/wp-json\/wp\/v2\/comments?post=1142"}],"version-history":[{"count":14,"href":"https:\/\/historypressfaroeislands.com\/dansk\/wp-json\/wp\/v2\/pages\/1142\/revisions"}],"predecessor-version":[{"id":1607,"href":"https:\/\/historypressfaroeislands.com\/dansk\/wp-json\/wp\/v2\/pages\/1142\/revisions\/1607"}],"up":[{"embeddable":true,"href":"https:\/\/historypressfaroeislands.com\/dansk\/wp-json\/wp\/v2\/pages\/7"}],"wp:attachment":[{"href":"https:\/\/historypressfaroeislands.com\/dansk\/wp-json\/wp\/v2\/media?parent=1142"}],"curies":[{"name":"wp","href":"https:\/\/api.w.org\/{rel}","templated":true}]}}