{"id":111,"date":"2011-01-07T21:03:56","date_gmt":"2011-01-07T21:03:56","guid":{"rendered":"http:\/\/historypressfaroeislands.com\/dansk\/"},"modified":"2011-01-07T21:03:56","modified_gmt":"2011-01-07T21:03:56","slug":"heimfero","status":"publish","type":"page","link":"https:\/\/historypressfaroeislands.com\/dansk\/downloads\/island\/heimfero\/","title":{"rendered":"Heimfer\u00f0 um \u00cdsland"},"content":{"rendered":"<p><span style=\"color: #ffffff;\">\u2022 <\/span><br \/>\n<a href=\"http:\/\/historypressfaroeislands.com\/images\/Aarbook2008.pdf\" target=\"_blank\"><img decoding=\"async\" class=\"alignleft\" title=\"Heimfer\u00f0 um \u00cdsland. Danskir s\u00e9rfr\u00e6\u00f0ingar \u00ed menningars\u00f6gu \u00e1 fer\u00f0 \u00e1 \u00cdslandi 1932. \u00c1rb\u00f3k hins \u00edslenzka fornleifaf\u00e9lag (2006-2007), 85-116. Reykjav\u00edk 2008.\" src=\"http:\/\/historypressfaroeislands.com\/images\/Heimfero.png\" alt=\"Download Hvem var her f\u00f8rst \u2013 skandinaver eller irere?\" \/><\/a><em>Steffen Stummann Hansen:<\/em><br \/>\nHeimfer\u00f0 um \u00cdsland. Danskir s\u00e9rfr\u00e6\u00f0ingar \u00ed menningars\u00f6gu \u00e1 fer\u00f0 \u00e1 \u00cdslandi 1932.<br \/>\n<em>\u00c1rb\u00f3k hins \u00edslenzka fornleifaf\u00e9lag<\/em> (2006-2007), 85-116. Reykjav\u00edk 2008.<\/p>\n<p>\u2022 <a href=\"http:\/\/historypressfaroeislands.com\/images\/Aarbook2008.pdf\" target=\"_blank\">Download artiklen\u00a0gratis i pdf-format<\/a><span style=\"color: #ffffff;\">\u2022 <\/span><br \/>\n<span style=\"color: #ffffff;\">\u2022 <\/span><br \/>\n<span style=\"color: #ffffff;\">\u2022 <\/span><br \/>\n<span style=\"color: #ffffff;\">\u2022 <\/span><br \/>\n<span style=\"color: #ffffff;\">\u2022 <\/span><br \/>\n<span style=\"color: #ffffff;\">\u2022 <\/span><em><br \/>\n<\/em><\/p>\n","protected":false},"excerpt":{"rendered":"<p>\u2022 Steffen Stummann Hansen: Heimfer\u00f0 um \u00cdsland. Danskir s\u00e9rfr\u00e6\u00f0ingar \u00ed menningars\u00f6gu \u00e1 fer\u00f0 \u00e1 \u00cdslandi 1932. \u00c1rb\u00f3k hins \u00edslenzka fornleifaf\u00e9lag (2006-2007), 85-116. Reykjav\u00edk 2008. \u2022 Download artiklen\u00a0gratis i pdf-format\u2022 \u2022 \u2022 \u2022 \u2022 \u2022<\/p>\n","protected":false},"author":4,"featured_media":0,"parent":329,"menu_order":10,"comment_status":"closed","ping_status":"closed","template":"","meta":{"footnotes":""},"class_list":["post-111","page","type-page","status-publish","hentry"],"_links":{"self":[{"href":"https:\/\/historypressfaroeislands.com\/dansk\/wp-json\/wp\/v2\/pages\/111","targetHints":{"allow":["GET"]}}],"collection":[{"href":"https:\/\/historypressfaroeislands.com\/dansk\/wp-json\/wp\/v2\/pages"}],"about":[{"href":"https:\/\/historypressfaroeislands.com\/dansk\/wp-json\/wp\/v2\/types\/page"}],"author":[{"embeddable":true,"href":"https:\/\/historypressfaroeislands.com\/dansk\/wp-json\/wp\/v2\/users\/4"}],"replies":[{"embeddable":true,"href":"https:\/\/historypressfaroeislands.com\/dansk\/wp-json\/wp\/v2\/comments?post=111"}],"version-history":[{"count":0,"href":"https:\/\/historypressfaroeislands.com\/dansk\/wp-json\/wp\/v2\/pages\/111\/revisions"}],"up":[{"embeddable":true,"href":"https:\/\/historypressfaroeislands.com\/dansk\/wp-json\/wp\/v2\/pages\/329"}],"wp:attachment":[{"href":"https:\/\/historypressfaroeislands.com\/dansk\/wp-json\/wp\/v2\/media?parent=111"}],"curies":[{"name":"wp","href":"https:\/\/api.w.org\/{rel}","templated":true}]}}