{"id":1091,"date":"2013-12-08T17:50:07","date_gmt":"2013-12-08T17:50:07","guid":{"rendered":"http:\/\/historypressfaroeislands.com\/dansk\/?page_id=1091"},"modified":"2013-12-08T17:50:07","modified_gmt":"2013-12-08T17:50:07","slug":"faeroerne1911","status":"publish","type":"page","link":"https:\/\/historypressfaroeislands.com\/dansk\/forlagets-udgivelser\/faeroerne1911\/","title":{"rendered":"F\u00e6r\u00f8erne 1911 &#8211; set af den danske fotograf Anders Peter Hansen"},"content":{"rendered":"<h2 style=\"text-align: center;\"><a href=\"http:\/\/historypressfaroeislands.com\/dansk\/kontakt\/\"><img decoding=\"async\" class=\"alignleft size-medium wp-image-244\" title=\"Faeroeerne 1911 - set af den danske fotograf Anders Peter Hansen\" alt=\"\" src=\"http:\/\/historypressfaroeislands.com\/images\/newbook1.jpg\" \/><\/a>F\u00e6r\u00f8erne 1911 &#8211; set af den danske fotograf Anders Peter Hansen<\/h2>\n<p style=\"text-align: center;\"><em><a href=\"http:\/\/historypressfaroeislands.com\/dansk\/forlagets-udgivelser\/eitt-feigdartiggjuar-i-leirvikar-sogu\/forfatteren\/\">Steffen Stummann Hansen<\/a><br \/>\n<\/em><\/p>\n<p style=\"text-align: center;\">Forlagi\u00f0 S\u00f8ga F\u00f8roya\/<br \/>\nHistory Press Faroe Islands 2013<\/p>\n<p style=\"text-align: center;\"><span style=\"color: #ffffff;\">h<\/span><\/p>\n<ul>\n<li>Format: 27,0 x 21,0 cm.<\/li>\n<li>182 sider, 160 ill.<\/li>\n<li>Pris: 360,00 kr. (+ forsendelse)<\/li>\n<li>Bogen kan k\u00f8bes ved personlig henvendelse til forfatteren, i boghandlerne eller direkte fra forlaget <a href=\"http:\/\/historypressfaroeislands.com\/dansk\/kontakt\/\">her<\/a>.<\/li>\n<\/ul>\n<p>For ca. seksogtredive \u00e5r siden fik fotograf Per \u00e1 H\u00e6dd i T\u00f3rshavn af en kollega overdraget ca. 140 gamle glasplader med motiver fra F\u00e6r\u00f8erne. Kollegaen havde erhvervet dem fra d\u00f8dsboet efter den danske fotograf Anders Peter Hansen (1870-1948). Det er endvidere gennem de seneste \u00e5r lykkedes at identificere yderligere snesevis af portr\u00e6tfotografier, som A. P. Hansen har taget i f\u00e6r\u00f8ske bygder under opholdet.<\/p>\n<p>A. P. Hansen bes\u00f8gte F\u00e6r\u00f8erne i sommeren 1911, hvor han prim\u00e6rt berejste Nor\u00f0streymoy, Eysturoy og Nor\u00f0oyar. Hans bes\u00f8g varslede en ny tid. Indtil begyndelsen af det 20. \u00e5rhundrede m\u00e5tte folk typisk til fotograf, n\u00e5r de ville fotograferes, men nu begyndte fotograferne at komme ud til folk og fotograferede dem i deres lokale omgivelser og hjem. A. P. Hansen er antagelig det f\u00f8rste eksempel p\u00e5 en s\u00e5dan omrejsende fotograf p\u00e5 F\u00e6r\u00f8erne. Baggrunden for bes\u00f8get har givetvis v\u00e6ret dels et \u00f8nske om at formidle F\u00e6r\u00f8erne, n\u00e5r han vendte hjem til Danmark, og dels at tjene nogle penge under sit ophold her, hvilket skete gennem de mange portr\u00e6tfotografier.<\/p>\n<p>Anders Peter Hansen var s\u00f8n af en husmand fra Galten n\u00e6r Aarhus, hvor han blev f\u00f8dt den 16. juni 1870. Han blev uddannet mejerist og kom til Brabrand som mejeribestyrer, men startede kort f\u00f8r 1910 egen fotografvirksomhed.<\/p>\n<p>Det vides ikke, hvad der bragte ham p\u00e5 id\u00e9en om at bes\u00f8ge F\u00e6r\u00f8erne. Hvordan en initiativrig, fremskridtsorienteret og givetvis talentfuld s\u00f8n af en husmand fra \u00d8stjylland finder p\u00e5 at tage til F\u00e6r\u00f8erne i 1911, forekommer umiddelbart uigennemskueligt. Men netop hans initiativrigdom har sikkert v\u00e6ret parret med en oplevelsestrang og m\u00e5ske udl\u00e6ngsel, og her har fotografivirksomheden \u00e5bnet for nogle muligheder, som har v\u00e6ret ut\u00e6nkelige i tilv\u00e6relsen som mejerist.<\/p>\n<p>Nu havde A.P. Hansen jo ikke noget atelier p\u00e5 F\u00e6r\u00f8erne, med viftepalmer og klassiske s\u00f8jler som kulisse, som han kunne have derhjemme. S\u00e5 han anbragte sine personer dekorativt i naturen, som p\u00e5 denne m\u00e5de blev hans kulisse.<\/p>\n<p>Billederne visualiserer et f\u00e6r\u00f8sk samfund, der er pr\u00e6get af fremgang og velstand. Infrastrukturen var blevet udbygget med broer og veje, telefon var installeret, og motorb\u00e5de havde i stigende grad erstattet de traditionelle rob\u00e5de. Denne fremgang var ikke mindst skabt p\u00e5 baggrund af den rivende udvikling af fiskerierhvervet (slupfiskeriet) i de sidste par \u00e5rtier af 1800-tallet.<\/p>\n<p>A. P. Hansen har i sine billeder fors\u00f8gt at gengive den f\u00e6r\u00f8ske almuekultur \u2013 bygderne, bygdelivet og dets akt\u00f8rer, fotograferet i deres daglige milj\u00f8 anno 1911. Det er dette projekt, som er reflekteret i de godt 140 glasplader, der som n\u00e6vnt n\u00e5ede frem til Per \u00e1 H\u00e6dd for godt seksogtredive \u00e5r siden. Med denne bog er en vigtig del af den f\u00e6r\u00f8ske kulturarv gjort alment tilg\u00e6ngelig for et bredere publikum.<\/p>\n<p>Bogen er udgivet med st\u00f8tte fra\u00a0Mentanargrunn Landsins, Klaksv\u00edkar Kommuna og Nor\u00f0oya Sparikassi.<br \/>\n<a href=\"http:\/\/stiften.dk\/kultur\/brabrand-fotograf-paa-sit-livs-rejse\" target=\"_blank\">L\u00e6s anmeldelse her<\/a> (eksternt link)<\/p>\n","protected":false},"excerpt":{"rendered":"<p>F\u00e6r\u00f8erne 1911 &#8211; set af den danske fotograf Anders Peter Hansen Steffen Stummann Hansen Forlagi\u00f0 S\u00f8ga F\u00f8roya\/ History Press Faroe Islands 2013 h Format: 27,0 x 21,0 cm. 182 sider, 160 ill. Pris: 360,00 kr. (+ forsendelse) Bogen kan k\u00f8bes &hellip; <a href=\"https:\/\/historypressfaroeislands.com\/dansk\/forlagets-udgivelser\/faeroerne1911\/\">Continue reading <span class=\"meta-nav\">&rarr;<\/span><\/a><\/p>\n","protected":false},"author":4,"featured_media":0,"parent":7,"menu_order":0,"comment_status":"closed","ping_status":"closed","template":"","meta":{"footnotes":""},"class_list":["post-1091","page","type-page","status-publish","hentry"],"_links":{"self":[{"href":"https:\/\/historypressfaroeislands.com\/dansk\/wp-json\/wp\/v2\/pages\/1091","targetHints":{"allow":["GET"]}}],"collection":[{"href":"https:\/\/historypressfaroeislands.com\/dansk\/wp-json\/wp\/v2\/pages"}],"about":[{"href":"https:\/\/historypressfaroeislands.com\/dansk\/wp-json\/wp\/v2\/types\/page"}],"author":[{"embeddable":true,"href":"https:\/\/historypressfaroeislands.com\/dansk\/wp-json\/wp\/v2\/users\/4"}],"replies":[{"embeddable":true,"href":"https:\/\/historypressfaroeislands.com\/dansk\/wp-json\/wp\/v2\/comments?post=1091"}],"version-history":[{"count":0,"href":"https:\/\/historypressfaroeislands.com\/dansk\/wp-json\/wp\/v2\/pages\/1091\/revisions"}],"up":[{"embeddable":true,"href":"https:\/\/historypressfaroeislands.com\/dansk\/wp-json\/wp\/v2\/pages\/7"}],"wp:attachment":[{"href":"https:\/\/historypressfaroeislands.com\/dansk\/wp-json\/wp\/v2\/media?parent=1091"}],"curies":[{"name":"wp","href":"https:\/\/api.w.org\/{rel}","templated":true}]}}