{"id":1046,"date":"2013-02-18T08:31:06","date_gmt":"2013-02-18T08:31:06","guid":{"rendered":"http:\/\/historypressfaroeislands.com\/dansk\/"},"modified":"2013-02-18T08:31:06","modified_gmt":"2013-02-18T08:31:06","slug":"anmeldelse-af-pa-vandring-i-nolsoys-fortid-2","status":"publish","type":"page","link":"https:\/\/historypressfaroeislands.com\/dansk\/andre-udgivelser\/pa-vandring-i-nolsoys-fortid\/anmeldelse-af-pa-vandring-i-nolsoys-fortid-2\/","title":{"rendered":"Anmeldelse af Norbert B. Vogt"},"content":{"rendered":"<p>Die f\u00e4r\u00f6ische Landschaft ist zu gro\u00dfen Teilen Kulturlandschaft und seit der Erstbesiedlung durch irische Einsiedlerm\u00f6nche im 7. Jhdt., weitaus intensiver dann seit der Landnahme im 10. Jhdt. durch menschliche Aktivit\u00e4ten \u00fcberformt. So finden sich an vielen Orten des Archipels Bau- und Bodendenkm\u00e4ler aller Art, vom wikingerzeitlichen Bauernh\u00f6fen \u00fcber Thingst\u00e4tten, uralte Wege und ihre Markierungen, Fluchtorte im Gebirge, in die sich die Menschen bei Piratenangriffen zur\u00fcckzogen bis hin zu historischen Stein- und Holzbauten, wie sie etwa in Kirkjub\u00f8ur auf Streymoy als besonders sch\u00f6nes Ensemble erhalten sind. Arch\u00e4ologen und Historiker haben in den letzten 100 Jahren zahlreiche Bauten und Artefakte sichern und f\u00fcr die Nachwelt auswerten k\u00f6nnen, vieles jedoch blieb bis heute unentdeckt und erforscht, so dass auch weiterhin mit spannenden Funden gerechnet werden darf. Die bau- und bodenarch\u00e4ologischen Funde auf den F\u00e4r\u00f6ern sind in einer Vielzahl von B\u00fcchern und Aufs\u00e4tze dokumentiert worden; ein auch nur halbwegs vollst\u00e4ndiges Inventar liegt jedoch f\u00fcr die F\u00e4r\u00f6er noch nicht vor. F\u00fcr die Insel N\u00f3lsoy zumindest wurde diese L\u00fccke nun durch ein neues Buch des d\u00e4nischen Arch\u00e4ologen und F\u00e4r\u00f6erexperten <strong>Steffen Stummann Hansen<\/strong> geschlossen. Sein Werk mit dem Titel <strong>P\u00e5 vandring i N\u00f3lsoys fortid<\/strong> [Auf Wanderschaft durch die Vorzeit N\u00f3lsoys] bietet einerseits ein gr\u00fcndlich recherchiertes und reich illustriertes Inventar aller bedeutender Bau- und Bodendenkm\u00e4ler der Insel und fasst damit die bisherigen Forschungen in \u00fcberzeugender und auch f\u00fcr den Laien gut verst\u00e4ndlicher Form zusammen. Andererseits kann das Werk als Reise- oder Wanderf\u00fchrer dienen und bietet dem interessierten Besucher faszinierende neue M\u00f6glichkeiten, die gut erwanderbare Insel zu erkunden. Das Buch beginnt mit einer konzisen Einf\u00fchrung in die Topographie N\u00f3lsoys. In diesem Kapitel findet der Leser auch eine Luftaufnahme, auf der die Bau- und Bodendenkm\u00e4ler N\u00f3lsoys verortet sind. Im 2. Kapitel, <em>Antikvarer p\u00e5 og omkring N\u00f3lsoy<\/em> [Altertumsforscher auf und um N\u00f3lsoy], bietet Stummann Hansen einen Abriss der arch\u00e4ologischen Erforschung N\u00f3lsoys, die mit den Forschungen und Aufzeichnungen des d\u00e4nischen Altertumsforschers Carl Christian Rafn (1795-1864) und des f\u00e4r\u00f6ischen Sorenskrivers (Richters) und sp\u00e4teren Verwalters des k\u00f6niglichen Monopols, Jacob Nols\u00f8e (1775-1869), begannen und bis heute fortdauert. Das Kapitel <em>Fortidsminder p\u00e5 N\u00f3lsoy<\/em> [Vorgeschichtliche Denkm\u00e4ler auf N\u00f3lsoy] nimmt den gr\u00f6\u00dften Teil des Buches ein und umfasst gut 70 Seiten. In ihm beschreibt der Verfasser detailliert und anhand zahlreicher Fotografien und Zeichnungen 33 Bau- und Bodendenkm\u00e4ler der Insel.<\/p>\n<p>Das Werk macht Lust darauf, der gut erreichbaren Insel, die von T\u00f3rshavn aus t\u00e4glich mehrfach angelaufen wird, einen Besuch abzustatten und sie ganz neu zu erkunden. Es gibt offensichtlich viel mehr zu sehen und zu entdecken, als wir bisher aus Reisef\u00fchrern kannten. Das sch\u00f6ne Buch erschien 2008 im Verlag der N\u00f3lsoyer Geschichtsgesellschaft (<em>N\u00f3lsoyar Fornminnisfelag<\/em>), umfasst 103 Seiten und ist mit 300 Kronen nicht eben billig. Dies ist aber auch der einzige Wermutstropfen; ansonsten sei das Buch an dieser Stelle mit Nachdruck empfohlen.<\/p>\n<p>Norbert B. Vogt in <em>Tjaldur. Mitteilungsblatt des Deutsch-F\u00e4r\u00f6ischen Freundeskreise e. V. T\u00fdskt-F\u00f8royskt Vinafelag<\/em>. Nr. 42, p. 113-114. M\u00fclheim\/Ruhr 2009.<\/p>\n","protected":false},"excerpt":{"rendered":"<p>Die f\u00e4r\u00f6ische Landschaft ist zu gro\u00dfen Teilen Kulturlandschaft und seit der Erstbesiedlung durch irische Einsiedlerm\u00f6nche im 7. Jhdt., weitaus intensiver dann seit der Landnahme im 10. Jhdt. durch menschliche Aktivit\u00e4ten \u00fcberformt. So finden sich an vielen Orten des Archipels Bau- &hellip; <a href=\"https:\/\/historypressfaroeislands.com\/dansk\/andre-udgivelser\/pa-vandring-i-nolsoys-fortid\/anmeldelse-af-pa-vandring-i-nolsoys-fortid-2\/\">Continue reading <span class=\"meta-nav\">&rarr;<\/span><\/a><\/p>\n","protected":false},"author":4,"featured_media":0,"parent":20,"menu_order":0,"comment_status":"closed","ping_status":"closed","template":"","meta":{"footnotes":""},"class_list":["post-1046","page","type-page","status-publish","hentry"],"_links":{"self":[{"href":"https:\/\/historypressfaroeislands.com\/dansk\/wp-json\/wp\/v2\/pages\/1046","targetHints":{"allow":["GET"]}}],"collection":[{"href":"https:\/\/historypressfaroeislands.com\/dansk\/wp-json\/wp\/v2\/pages"}],"about":[{"href":"https:\/\/historypressfaroeislands.com\/dansk\/wp-json\/wp\/v2\/types\/page"}],"author":[{"embeddable":true,"href":"https:\/\/historypressfaroeislands.com\/dansk\/wp-json\/wp\/v2\/users\/4"}],"replies":[{"embeddable":true,"href":"https:\/\/historypressfaroeislands.com\/dansk\/wp-json\/wp\/v2\/comments?post=1046"}],"version-history":[{"count":0,"href":"https:\/\/historypressfaroeislands.com\/dansk\/wp-json\/wp\/v2\/pages\/1046\/revisions"}],"up":[{"embeddable":true,"href":"https:\/\/historypressfaroeislands.com\/dansk\/wp-json\/wp\/v2\/pages\/20"}],"wp:attachment":[{"href":"https:\/\/historypressfaroeislands.com\/dansk\/wp-json\/wp\/v2\/media?parent=1046"}],"curies":[{"name":"wp","href":"https:\/\/api.w.org\/{rel}","templated":true}]}}