{"id":10,"date":"2010-12-02T10:29:37","date_gmt":"2010-12-02T10:29:37","guid":{"rendered":"http:\/\/historypressfaroeislands.com\/dansk\/"},"modified":"2010-12-02T10:29:37","modified_gmt":"2010-12-02T10:29:37","slug":"folk-i-leirvik-i-1901","status":"publish","type":"page","link":"https:\/\/historypressfaroeislands.com\/dansk\/forlagets-udgivelser\/folk-i-leirvik-i-1901\/","title":{"rendered":"F\u00f3lk \u00ed Leirv\u00edk \u00ed 1901"},"content":{"rendered":"<h2 style=\"text-align: center;\"><a title=\"Folk i Leirvik. Bog om Leirvik med gamle fotos af folkini i Leirvik.\" href=\"http:\/\/historypressfaroeislands.com\/dansk\/kontakt\/\"><img decoding=\"async\" class=\"alignleft size-medium wp-image-244\" title=\"F\u00f3lk \u00ed Leirv\u00edk \u00ed 1901 \u2013 \u00ed myndum og teksti. Bog om Leirvik med gamle fotos fra Leirvik \u00e5r 1901.\" alt=\"F\u00f3lk \u00ed Leirv\u00edk \u00ed 1901 \u2013 \u00ed myndum og teksti\" src=\"http:\/\/historypressfaroeislands.com\/images\/folk-i-leirvik-1901-4.jpg\" \/><\/a><strong>F\u00f3lk \u00ed Leirv\u00edk \u00ed 1901<\/strong><br \/>\n\u2013 \u00ed myndum og teksti<\/h2>\n<p style=\"text-align: center;\"><em>Steffen Stummann Hansen<br \/>\n&amp;<br \/>\nKristian Martin Eliasen<\/em><\/p>\n<p style=\"text-align: center;\">Forlagi\u00f0 S\u00f8ga F\u00f8roya\/<br \/>\nHistory Press Faroe Islands 2010<\/p>\n<p>\u2022 St\u00f8dd: 17,0 x 24,0 cm.<br \/>\n\u2022 416 s\u00ed\u00f0ur, 379 v. myndum (litir)<br \/>\n\u2022 Pr\u00edsur: 175,00 kr. (+ postgjald)<br \/>\n\u2022 <a href=\"..\/..\/kontakt\/\">B\u00f3kin kann b\u00edleggjast her<\/a><\/p>\n<p>Fotomyndir v\u00f3ru \u00ed fyrstani bert fyri ta\u00f0 betra slagi\u00f0, men t\u00edggju\u00e1raskei\u00f0ini fyri og eftir 1900 gj\u00f8rdust t\u00e6r av \u00e1lvara hv\u00f8rs mans ogn \u00ed F\u00f8royum. F\u00f3lk vitja\u00f0u d\u00fagliga teir f\u00e1u fotografarnar \u2013 flestu teirra kvinnur \u2013 sum h\u00f8vdu fingi\u00f0 s\u00e6r egi\u00f0 virki\u00f0 \u00ed F\u00f8royum. Hetta tryggja\u00f0i eftirt\u00ed\u00f0ini visuelt innlit \u00ed mentanars\u00f8guna hetta t\u00ed\u00f0arskei\u00f0i.<\/p>\n<p>H\u00f8vundarnir hava \u00ed fleiri \u00e1r savna\u00f0 myndir av teimum 309 \u00edb\u00fagvunum, sum v\u00f3ru \u00ed Leirv\u00edk, t\u00e1 f\u00f3lkateljingin var \u00ed 1901. Hetta gevur okkum ein einastandandi visuellan tv\u00f8rskur\u00f0 av bygdars\u00f8guni, sum ver\u00f0ur l\u00f8gd fyri okkum vi\u00f0 n\u00e6stan f\u00fdrahundra\u00f0 gomlum pers\u00f3nsfotomyndum.<\/p>\n<p>B\u00f3kin er \u00farslit av samarbei\u00f0i millum h\u00f8vundarnar og lokalsamfel\u00f8g fyrst og fremst \u00ed F\u00f8royum. V\u00f3nandi ver\u00f0ur b\u00f3kin vi\u00f0 til at gera hendan partin av f\u00f8royska mentanararvinum meira vi\u00f0komandi hj\u00e1 mongum og veita \u00f8\u00f0rum \u00edbl\u00e1stur til at arbei\u00f0a v\u00ed\u00f0ari vi\u00f0 s\u00f8guni um fotomyndina og fotografarnar \u00ed F\u00f8royum.<\/p>\n<p>D\u00f8mir \u00far b\u00f3kini:<\/p>\n<table width=\"560\" border=\"0\" cellspacing=\"0\" cellpadding=\"0\" bgcolor=\"#dde8ff\">\n<tbody>\n<tr>\n<td>\n<div><a href=\"http:\/\/historypressfaroeislands.com\/images\/samples\/Folk-I-Leirvik-1901-33.jpg\"><img decoding=\"async\" title=\"F\u00f3lk \u00ed Leirv\u00edk \u00ed 1901 \u2013 \u00ed myndum og teksti. Bog om Leirvik med gamle fotos fra Leirvik \u00e5r 1901.\" alt=\"\" src=\"http:\/\/historypressfaroeislands.com\/images\/samples\/thumbs\/Folk-I-Leirvik-1901-33.jpg\" \/><\/a><\/div>\n<\/td>\n<td>\n<div><a href=\"http:\/\/historypressfaroeislands.com\/images\/samples\/Folk-I-Leirvik-1901-34.jpg\"><img decoding=\"async\" title=\"F\u00f3lk \u00ed Leirv\u00edk \u00ed 1901 \u2013 \u00ed myndum og teksti. Bog om Leirvik med gamle fotos fra Leirvik \u00e5r 1901.\" alt=\"\" src=\"http:\/\/historypressfaroeislands.com\/images\/samples\/thumbs\/Folk-I-Leirvik-1901-34.jpg\" \/><\/a><\/div>\n<\/td>\n<td>\n<div><a href=\"http:\/\/historypressfaroeislands.com\/images\/samples\/Folk-I-Leirvik-1901-35.jpg\"><img decoding=\"async\" title=\"F\u00f3lk \u00ed Leirv\u00edk \u00ed 1901 \u2013 \u00ed myndum og teksti. Bog om Leirvik med gamle fotos fra Leirvik \u00e5r 1901.\" alt=\"\" src=\"http:\/\/historypressfaroeislands.com\/images\/samples\/thumbs\/Folk-I-Leirvik-1901-35.jpg\" \/><\/a><\/div>\n<\/td>\n<td>\n<div><a href=\"http:\/\/historypressfaroeislands.com\/images\/samples\/Folk-I-Leirvik-1901-36.jpg\"><img decoding=\"async\" title=\"F\u00f3lk \u00ed Leirv\u00edk \u00ed 1901 \u2013 \u00ed myndum og teksti. Bog om Leirvik med gamle fotos fra Leirvik \u00e5r 1901.\" alt=\"\" src=\"http:\/\/historypressfaroeislands.com\/images\/samples\/thumbs\/Folk-I-Leirvik-1901-36.jpg\" \/><\/a><\/div>\n<\/td>\n<td>\n<div><a href=\"http:\/\/historypressfaroeislands.com\/images\/samples\/Folk-I-Leirvik-1901-37.jpg\"><img decoding=\"async\" title=\"F\u00f3lk \u00ed Leirv\u00edk \u00ed 1901 \u2013 \u00ed myndum og teksti. Bog om Leirvik med gamle fotos fra Leirvik \u00e5r 1901.\" alt=\"\" src=\"http:\/\/historypressfaroeislands.com\/images\/samples\/thumbs\/Folk-I-Leirvik-1901-37.jpg\" \/><\/a><\/div>\n<\/td>\n<td>\n<div><a href=\"http:\/\/historypressfaroeislands.com\/images\/samples\/Folk-I-Leirvik-1901-142.jpg\"><img decoding=\"async\" title=\"F\u00f3lk \u00ed Leirv\u00edk \u00ed 1901 \u2013 \u00ed myndum og teksti. Bog om Leirvik med gamle fotos fra Leirvik \u00e5r 1901.\" alt=\"\" src=\"http:\/\/historypressfaroeislands.com\/images\/samples\/thumbs\/Folk-I-Leirvik-1901-142.jpg\" \/><\/a><\/div>\n<\/td>\n<td>\n<div><a href=\"http:\/\/historypressfaroeislands.com\/images\/samples\/Folk-I-Leirvik-1901-143.jpg\"><img decoding=\"async\" title=\"F\u00f3lk \u00ed Leirv\u00edk \u00ed 1901 \u2013 \u00ed myndum og teksti. Bog om Leirvik med gamle fotos fra Leirvik \u00e5r 1901.\" alt=\"\" src=\"http:\/\/historypressfaroeislands.com\/images\/samples\/thumbs\/Folk-I-Leirvik-1901-143.jpg\" \/><\/a><\/div>\n<\/td>\n<\/tr>\n<tr>\n<td>\n<div><a href=\"http:\/\/historypressfaroeislands.com\/images\/samples\/Folk-I-Leirvik-1901-144.jpg\"><img decoding=\"async\" alt=\"\" src=\"http:\/\/historypressfaroeislands.com\/images\/samples\/thumbs\/Folk-I-Leirvik-1901-144.jpg\" \/><\/a><\/div>\n<\/td>\n<td>\n<div><a href=\"http:\/\/historypressfaroeislands.com\/images\/samples\/Folk-I-Leirvik-1901-145.jpg\"><img decoding=\"async\" alt=\"\" src=\"http:\/\/historypressfaroeislands.com\/images\/samples\/thumbs\/Folk-I-Leirvik-1901-145.jpg\" \/><\/a><\/div>\n<\/td>\n<td>\n<div><a href=\"http:\/\/historypressfaroeislands.com\/images\/samples\/Folk-I-Leirvik-1901-146.jpg\"><img decoding=\"async\" alt=\"\" src=\"http:\/\/historypressfaroeislands.com\/images\/samples\/thumbs\/Folk-I-Leirvik-1901-146.jpg\" \/><\/a><\/div>\n<\/td>\n<td>\n<div><a href=\"http:\/\/historypressfaroeislands.com\/images\/samples\/Folk-I-Leirvik-1901-147.jpg\"><img decoding=\"async\" alt=\"\" src=\"http:\/\/historypressfaroeislands.com\/images\/samples\/thumbs\/Folk-I-Leirvik-1901-147.jpg\" \/><\/a><\/div>\n<\/td>\n<td>\n<div><a href=\"http:\/\/historypressfaroeislands.com\/images\/samples\/Folk-I-Leirvik-1901-148.jpg\"><img decoding=\"async\" alt=\"\" src=\"http:\/\/historypressfaroeislands.com\/images\/samples\/thumbs\/Folk-I-Leirvik-1901-148.jpg\" \/><\/a><\/div>\n<\/td>\n<td>\n<div><a href=\"http:\/\/historypressfaroeislands.com\/images\/samples\/Folk-I-Leirvik-1901-149.jpg\"><img decoding=\"async\" alt=\"\" src=\"http:\/\/historypressfaroeislands.com\/images\/samples\/thumbs\/Folk-I-Leirvik-1901-149.jpg\" \/><\/a><\/div>\n<\/td>\n<td>\n<div><a href=\"http:\/\/historypressfaroeislands.com\/images\/samples\/Folk-I-Leirvik-1901-150.jpg\"><img decoding=\"async\" alt=\"\" src=\"http:\/\/historypressfaroeislands.com\/images\/samples\/thumbs\/Folk-I-Leirvik-1901-150.jpg\" \/><\/a><\/div>\n<\/td>\n<\/tr>\n<\/tbody>\n<\/table>\n<p>\u2022 <a href=\"http:\/\/historypressfaroeislands.com\/dansk\/forlagets-udgivelser\/folk-i-leirvik-i-1901\/raettingar-og-iskoyti\/\">R\u00e6ttingar og \u00cdskoyti<\/a> <img decoding=\"async\" alt=\"\" src=\"http:\/\/historypressfaroeislands.com\/images\/new9.gif\" \/><br \/>\n\u2022 <a href=\"http:\/\/historypressfaroeislands.com\/dansk\/forlagets-udgivelser\/folk-i-leirvik-i-1901\/folk-i-leirvik-i-1901-dansk\/\">Dansk version<\/a><\/p>\n","protected":false},"excerpt":{"rendered":"<p>F\u00f3lk \u00ed Leirv\u00edk \u00ed 1901 \u2013 \u00ed myndum og teksti Steffen Stummann Hansen &amp; Kristian Martin Eliasen Forlagi\u00f0 S\u00f8ga F\u00f8roya\/ History Press Faroe Islands 2010 \u2022 St\u00f8dd: 17,0 x 24,0 cm. \u2022 416 s\u00ed\u00f0ur, 379 v. myndum (litir) \u2022 Pr\u00edsur: &hellip; <a href=\"https:\/\/historypressfaroeislands.com\/dansk\/forlagets-udgivelser\/folk-i-leirvik-i-1901\/\">Continue reading <span class=\"meta-nav\">&rarr;<\/span><\/a><\/p>\n","protected":false},"author":4,"featured_media":0,"parent":7,"menu_order":1,"comment_status":"closed","ping_status":"closed","template":"","meta":{"footnotes":""},"class_list":["post-10","page","type-page","status-publish","hentry"],"_links":{"self":[{"href":"https:\/\/historypressfaroeislands.com\/dansk\/wp-json\/wp\/v2\/pages\/10","targetHints":{"allow":["GET"]}}],"collection":[{"href":"https:\/\/historypressfaroeislands.com\/dansk\/wp-json\/wp\/v2\/pages"}],"about":[{"href":"https:\/\/historypressfaroeislands.com\/dansk\/wp-json\/wp\/v2\/types\/page"}],"author":[{"embeddable":true,"href":"https:\/\/historypressfaroeislands.com\/dansk\/wp-json\/wp\/v2\/users\/4"}],"replies":[{"embeddable":true,"href":"https:\/\/historypressfaroeislands.com\/dansk\/wp-json\/wp\/v2\/comments?post=10"}],"version-history":[{"count":0,"href":"https:\/\/historypressfaroeislands.com\/dansk\/wp-json\/wp\/v2\/pages\/10\/revisions"}],"up":[{"embeddable":true,"href":"https:\/\/historypressfaroeislands.com\/dansk\/wp-json\/wp\/v2\/pages\/7"}],"wp:attachment":[{"href":"https:\/\/historypressfaroeislands.com\/dansk\/wp-json\/wp\/v2\/media?parent=10"}],"curies":[{"name":"wp","href":"https:\/\/api.w.org\/{rel}","templated":true}]}}